{"id":288916,"date":"2018-12-21T08:25:01","date_gmt":"2018-12-21T08:25:01","guid":{"rendered":"https:\/\/www.huntersfriend.eu\/product\/nap-shockwave\/"},"modified":"2025-08-27T14:11:02","modified_gmt":"2025-08-27T12:11:02","slug":"nap-shockwave","status":"publish","type":"product","link":"https:\/\/www.huntersfriend.eu\/sv\/produkt\/nap-shockwave\/","title":{"rendered":"NAP Shockwave"},"content":{"rendered":"<p><b><span style=\"color: #383733; font-size: small;\">BENKROSSANDE SPETS MED OT\u00c4CKA S\u00c5RKANALER! <\/span><\/b> Det kan verka lite &#8221;gammaldags&#8221; i dag, men o-ringsdesignen \u00e4r fortfarande en av de mest p\u00e5litliga expanderbara designerna man kan k\u00f6pa f\u00f6r pengar. Det \u00e4r d\u00e4rf\u00f6r NAP Shockwave fortfarande \u00e4r en favorit bland b\u00e5gskyttar i dag. Den fungerar verkligen. Tri-vex-spetsen krossar ben som en spikpistol och de 1-1\/4 tums rakbladsvassa bladen orsakar massiva s\u00e5rkanaler. Om du vill ha en expanderbar pilspets som flyger bra och sl\u00e5r h\u00e5rt till ett rimligt pris, s\u00e5 fixar Shockwave det. Det \u00e4r dina pengar!     <\/p>\n","protected":false},"excerpt":{"rendered":"<p>BENKROSSANDE SPETS MED OT\u00c4CKA S\u00c5RKANALER! Det kan verka lite &#8221;gammaldags&#8221; i dag, men o-ringsdesignen \u00e4r fortfarande en av de mest p\u00e5litliga expanderbara designerna man kan k\u00f6pa f\u00f6r pengar. Det \u00e4r d\u00e4rf\u00f6r NAP Shockwave fortfarande \u00e4r en favorit bland b\u00e5gskyttar i dag. Den fungerar verkligen. Tri-vex-spetsen krossar ben som en spikpistol och de 1-1\/4 tums rakbladsvassa [&#8230;]\n","protected":false},"featured_media":7730,"comment_status":"open","ping_status":"closed","template":"","meta":[],"product_brand":[],"product_cat":[2647,2765],"product_tag":[],"class_list":{"0":"post-288916","1":"product","2":"type-product","3":"status-publish","4":"has-post-thumbnail","6":"product_cat-broadheads-jakt","7":"product_cat-fyndlada-slutrea","9":"first","10":"instock","11":"sale","12":"taxable","13":"shipping-taxable","14":"purchasable","15":"product-type-variable"},"composite_virtual":false,"composite_layout":"","composite_add_to_cart_form_location":"","composite_editable_in_cart":false,"composite_sold_individually_context":"","composite_shop_price_calc":"","composite_components":[],"composite_scenarios":[],"group_of_quantity":0,"min_quantity":0,"max_quantity":"","exclude_order_quantity_value_rules":"no","exclude_category_quantity_rules":"no","combine_variations":"no","exclude_global_add_ons":[],"addons":[],"_links":{"self":[{"href":"https:\/\/www.huntersfriend.eu\/sv\/wp-json\/wp\/v2\/product\/288916","targetHints":{"allow":["GET"]}}],"collection":[{"href":"https:\/\/www.huntersfriend.eu\/sv\/wp-json\/wp\/v2\/product"}],"about":[{"href":"https:\/\/www.huntersfriend.eu\/sv\/wp-json\/wp\/v2\/types\/product"}],"replies":[{"embeddable":true,"href":"https:\/\/www.huntersfriend.eu\/sv\/wp-json\/wp\/v2\/comments?post=288916"}],"wp:featuredmedia":[{"embeddable":true,"href":"https:\/\/www.huntersfriend.eu\/sv\/wp-json\/wp\/v2\/media\/7730"}],"wp:attachment":[{"href":"https:\/\/www.huntersfriend.eu\/sv\/wp-json\/wp\/v2\/media?parent=288916"}],"wp:term":[{"taxonomy":"product_brand","embeddable":true,"href":"https:\/\/www.huntersfriend.eu\/sv\/wp-json\/wp\/v2\/product_brand?post=288916"},{"taxonomy":"product_cat","embeddable":true,"href":"https:\/\/www.huntersfriend.eu\/sv\/wp-json\/wp\/v2\/product_cat?post=288916"},{"taxonomy":"product_tag","embeddable":true,"href":"https:\/\/www.huntersfriend.eu\/sv\/wp-json\/wp\/v2\/product_tag?post=288916"}],"curies":[{"name":"wp","href":"https:\/\/api.w.org\/{rel}","templated":true}]}}