{"id":288911,"date":"2018-12-21T08:24:53","date_gmt":"2018-12-21T08:24:53","guid":{"rendered":"https:\/\/www.huntersfriend.eu\/product\/garmin-xero-sikte\/"},"modified":"2025-08-27T14:10:58","modified_gmt":"2025-08-27T12:10:58","slug":"garmin-xero-sikte","status":"publish","type":"product","link":"https:\/\/www.huntersfriend.eu\/sv\/produkt\/garmin-xero-sikte\/","title":{"rendered":"Garmin xero-sikte"},"content":{"rendered":"<p>&nbsp;<\/p>\n<table>\n<tbody>\n<tr class=\"title\">\n<td colspan=\"2\">\n<h3>Allm\u00e4n beskrivning av Garmin A1i och A1<\/h3>\n<\/td>\n<\/tr>\n<tr>\n<th scope=\"row\">Fysiska m\u00e5tt<\/th>\n<td>3,9&#8243; x 3,1&#8243; x 3,8&#8243; (100,3 x 79,4 x 97,1 mm)<\/td>\n<\/tr>\n<tr>\n<th scope=\"row\">Sk\u00e4rmstorlek<\/th>\n<td>1,00&#8243;B x 0,42&#8243;H (2,5 x 1,1 cm); 2,0&#8243; diagonalt (5,0 cm)<\/td>\n<\/tr>\n<tr>\n<th scope=\"row\">Sk\u00e4rmuppl\u00f6sning<\/th>\n<td>160 x 68 pixlar<\/td>\n<\/tr>\n<tr>\n<th scope=\"row\">Sk\u00e4rmtyp<\/th>\n<td>synlig i solljus, transflektiv memory-in-pixel (MIP)<\/td>\n<\/tr>\n<tr>\n<th scope=\"row\">Vikt<\/th>\n<td>14,7 oz (418,0 g)<\/td>\n<\/tr>\n<tr>\n<th scope=\"row\">Batteri<\/th>\n<td>2 litium AAA (ing\u00e5r ej)<\/td>\n<\/tr>\n<tr>\n<th scope=\"row\">Batteritid<\/th>\n<td>Upp till 1 \u00e5r<\/td>\n<\/tr>\n<tr>\n<th scope=\"row\"><a href=\"http:\/\/www.garmin.com\/waterrating\" target=\"_blank\" rel=\"noopener\">Vattent\u00e4thet<\/a><\/th>\n<td>IPX7<\/td>\n<\/tr>\n<tr>\n<th scope=\"row\">Gr\u00e4nssnitt<\/th>\n<td>USB<\/td>\n<\/tr>\n<\/tbody>\n<\/table>\n<p><strong>Ytterligare information om Garmin xero A1i<\/strong><\/p>\n<ul>\n<li>LED-stift: 2 f\u00e4rger (r\u00f6d och gr\u00f6n)<\/li>\n<li>Stiftdiametrar = 0,007 tum och st\u00f6rre f\u00f6r r\u00f6d, 0,009 tum och st\u00f6rre f\u00f6r gr\u00f6n<\/li>\n<li>R\u00e4ckvidd: 100 yards till vilt; 300 yards till reflekterande m\u00e5l<\/li>\n<li>Driftstemperatur: -20 \u00b0C (-4 \u00b0F) till 60 \u00b0C (140 \u00b0F) med tv\u00e5 AAA-litiumbatterier.<\/li>\n<li>Glaslinsbel\u00e4ggning:<br \/>\nm\u00e5lsidan \u00e4r antireflexbehandlad, vattenavvisande och l\u00e4tt att reng\u00f6ra<br \/>\nb\u00e5gskyttesidan \u00e4r 20 % reflekterande, vattenavvisande och l\u00e4tt att reng\u00f6ra<\/li>\n<li>Ljusprojektion: inget synligt ljus projiceras n\u00e5gonsin mot m\u00e5let<\/li>\n<li>F\u00f6rstoring: ingen<\/li>\n<li>Stiftens ljusstyrka: styrs av omgivningsljussensor eller manuellt<\/li>\n<li>Tyst knapputl\u00f6sare<\/li>\n<li>Anpassningsbara fasta stift<\/li>\n<li>Laser Locate\u2122-funktion<\/li>\n<li>Flera pilprofiler<\/li>\n<li>Skottdynamik<\/li>\n<li>Skottr\u00e4knare<\/li>\n<li>Kompatibel med Garmin GPS-enheter: ja (se fliken Kompatibla enheter)<strong>Ytterligare information om Garmin Xero A1<\/strong><\/li>\n<\/ul>\n<ul>\n<li>LED-stift: 1 f\u00e4rg (r\u00f6d)<\/li>\n<li>Stiftdiameter = 0,007 tum och st\u00f6rre<\/li>\n<li>R\u00e4ckvidd: 100 yards till vilt; 300 yards till reflekterande m\u00e5l<\/li>\n<li>Driftstemperatur: -20 \u00b0C (-4 \u00b0F) till 60 \u00b0C (140 \u00b0F) med tv\u00e5 AAA-litiumbatterier.<\/li>\n<li>Glaslinsbel\u00e4ggning:<br \/>\nm\u00e5lsidan \u00e4r antireflexbehandlad, vattenavvisande och l\u00e4tt att reng\u00f6ra<br \/>\nb\u00e5gskyttesidan \u00e4r 20 % reflekterande, vattenavvisande och l\u00e4tt att reng\u00f6ra<\/li>\n<li>Ljusprojektion: inget synligt ljus projiceras n\u00e5gonsin mot m\u00e5let<\/li>\n<li>F\u00f6rstoring: ingen<\/li>\n<li>Stiftens ljusstyrka: styrs av omgivningsljussensor eller manuellt<\/li>\n<li>Tyst knapputl\u00f6sare<\/li>\n<li>Skottr\u00e4knare<\/li>\n<li>Anpassningsbara fasta stift<\/li>\n<\/ul>\n","protected":false},"excerpt":{"rendered":"<p>&nbsp; Allm\u00e4n beskrivning av Garmin A1i och A1 Fysiska m\u00e5tt 3,9&#8243; x 3,1&#8243; x 3,8&#8243; (100,3 x 79,4 x 97,1 mm) Sk\u00e4rmstorlek 1,00&#8243;B x 0,42&#8243;H (2,5 x 1,1 cm); 2,0&#8243; diagonalt (5,0 cm) Sk\u00e4rmuppl\u00f6sning 160 x 68 pixlar Sk\u00e4rmtyp synlig i solljus, transflektiv memory-in-pixel (MIP) Vikt 14,7 oz (418,0 g) Batteri 2 litium AAA (ing\u00e5r [&#8230;]\n","protected":false},"featured_media":8447,"comment_status":"open","ping_status":"closed","template":"","meta":[],"product_brand":[],"product_cat":[878],"product_tag":[],"class_list":{"0":"post-288911","1":"product","2":"type-product","3":"status-publish","4":"has-post-thumbnail","6":"product_cat-uncategorized-sv","8":"first","9":"outofstock","10":"taxable","11":"shipping-taxable","12":"purchasable","13":"product-type-variable"},"composite_virtual":false,"composite_layout":"","composite_add_to_cart_form_location":"","composite_editable_in_cart":false,"composite_sold_individually_context":"","composite_shop_price_calc":"","composite_components":[],"composite_scenarios":[],"group_of_quantity":0,"min_quantity":0,"max_quantity":"","exclude_order_quantity_value_rules":"no","exclude_category_quantity_rules":"no","combine_variations":"no","exclude_global_add_ons":[],"addons":[],"_links":{"self":[{"href":"https:\/\/www.huntersfriend.eu\/sv\/wp-json\/wp\/v2\/product\/288911","targetHints":{"allow":["GET"]}}],"collection":[{"href":"https:\/\/www.huntersfriend.eu\/sv\/wp-json\/wp\/v2\/product"}],"about":[{"href":"https:\/\/www.huntersfriend.eu\/sv\/wp-json\/wp\/v2\/types\/product"}],"replies":[{"embeddable":true,"href":"https:\/\/www.huntersfriend.eu\/sv\/wp-json\/wp\/v2\/comments?post=288911"}],"wp:featuredmedia":[{"embeddable":true,"href":"https:\/\/www.huntersfriend.eu\/sv\/wp-json\/wp\/v2\/media\/8447"}],"wp:attachment":[{"href":"https:\/\/www.huntersfriend.eu\/sv\/wp-json\/wp\/v2\/media?parent=288911"}],"wp:term":[{"taxonomy":"product_brand","embeddable":true,"href":"https:\/\/www.huntersfriend.eu\/sv\/wp-json\/wp\/v2\/product_brand?post=288911"},{"taxonomy":"product_cat","embeddable":true,"href":"https:\/\/www.huntersfriend.eu\/sv\/wp-json\/wp\/v2\/product_cat?post=288911"},{"taxonomy":"product_tag","embeddable":true,"href":"https:\/\/www.huntersfriend.eu\/sv\/wp-json\/wp\/v2\/product_tag?post=288911"}],"curies":[{"name":"wp","href":"https:\/\/api.w.org\/{rel}","templated":true}]}}