{"id":288906,"date":"2018-12-21T08:25:01","date_gmt":"2018-12-21T08:25:01","guid":{"rendered":"https:\/\/www.huntersfriend.eu\/product\/nap-thunderhead\/"},"modified":"2025-12-17T08:21:40","modified_gmt":"2025-12-17T06:21:40","slug":"nap-thunderhead","status":"publish","type":"product","link":"https:\/\/www.huntersfriend.eu\/sv\/produkt\/nap-thunderhead\/","title":{"rendered":"NAP thunderhead"},"content":{"rendered":"<p><span style=\"display: inline !important; float: none; background-color: transparent; color: #212529; font-family: 'Unicod Sans',serif; font-size: 20px; font-style: normal; font-variant: normal; font-weight: 300; letter-spacing: normal; orphans: 2; text-align: left; text-decoration: none; text-indent: 0px; text-transform: none; -webkit-text-stroke-width: 0px; white-space: normal; word-spacing: 0px;\">Thunderhead \u00e4r allm\u00e4nt erk\u00e4nt som det b\u00e4sta broadhead-bladet med fast blad som n\u00e5gonsin skapats. De skarpaste bladen. B\u00e4sta kvalitet. Fler djur har f\u00e4llts genom \u00e5ren med Thunderheads \u00e4n n\u00e5got annat broadhead.   <\/span><\/p>\n","protected":false},"excerpt":{"rendered":"<p>Thunderhead \u00e4r allm\u00e4nt erk\u00e4nt som det b\u00e4sta broadhead-bladet med fast blad som n\u00e5gonsin skapats. De skarpaste bladen. B\u00e4sta kvalitet. Fler djur har f\u00e4llts genom \u00e5ren med Thunderheads \u00e4n n\u00e5got annat broadhead.<\/p>\n","protected":false},"featured_media":7874,"comment_status":"open","ping_status":"closed","template":"","meta":[],"product_brand":[],"product_cat":[2647,2765],"product_tag":[],"class_list":{"0":"post-288906","1":"product","2":"type-product","3":"status-publish","4":"has-post-thumbnail","6":"product_cat-broadheads-jakt","7":"product_cat-fyndlada-slutrea","9":"first","10":"instock","11":"sale","12":"taxable","13":"shipping-taxable","14":"purchasable","15":"product-type-variable"},"composite_virtual":false,"composite_layout":"","composite_add_to_cart_form_location":"","composite_editable_in_cart":false,"composite_sold_individually_context":"","composite_shop_price_calc":"","composite_components":[],"composite_scenarios":[],"group_of_quantity":0,"min_quantity":0,"max_quantity":"","exclude_order_quantity_value_rules":"no","exclude_category_quantity_rules":"no","combine_variations":"no","exclude_global_add_ons":[],"addons":[],"_links":{"self":[{"href":"https:\/\/www.huntersfriend.eu\/sv\/wp-json\/wp\/v2\/product\/288906","targetHints":{"allow":["GET"]}}],"collection":[{"href":"https:\/\/www.huntersfriend.eu\/sv\/wp-json\/wp\/v2\/product"}],"about":[{"href":"https:\/\/www.huntersfriend.eu\/sv\/wp-json\/wp\/v2\/types\/product"}],"replies":[{"embeddable":true,"href":"https:\/\/www.huntersfriend.eu\/sv\/wp-json\/wp\/v2\/comments?post=288906"}],"wp:featuredmedia":[{"embeddable":true,"href":"https:\/\/www.huntersfriend.eu\/sv\/wp-json\/wp\/v2\/media\/7874"}],"wp:attachment":[{"href":"https:\/\/www.huntersfriend.eu\/sv\/wp-json\/wp\/v2\/media?parent=288906"}],"wp:term":[{"taxonomy":"product_brand","embeddable":true,"href":"https:\/\/www.huntersfriend.eu\/sv\/wp-json\/wp\/v2\/product_brand?post=288906"},{"taxonomy":"product_cat","embeddable":true,"href":"https:\/\/www.huntersfriend.eu\/sv\/wp-json\/wp\/v2\/product_cat?post=288906"},{"taxonomy":"product_tag","embeddable":true,"href":"https:\/\/www.huntersfriend.eu\/sv\/wp-json\/wp\/v2\/product_tag?post=288906"}],"curies":[{"name":"wp","href":"https:\/\/api.w.org\/{rel}","templated":true}]}}