{"id":288891,"date":"2018-12-21T08:24:53","date_gmt":"2018-12-21T08:24:53","guid":{"rendered":"https:\/\/www.huntersfriend.eu\/product\/gateway-shieldcut-feather-4\/"},"modified":"2025-10-14T08:47:06","modified_gmt":"2025-10-14T06:47:06","slug":"gateway-shieldcut-feather-4","status":"publish","type":"product","link":"https:\/\/www.huntersfriend.eu\/sv\/produkt\/gateway-shieldcut-feather-4\/","title":{"rendered":"Gateway shieldcut Feather 4&#8243;"},"content":{"rendered":"<p>4&#8243; h\u00f6gerfj\u00e4drar fr\u00e5n Gateway<\/p>\n<p><strong>Viktiga funktioner:<\/strong><\/p>\n<ul>\n<li>Precisionsskurna, naturliga fj\u00e4drar f\u00f6r snabb och f\u00f6rl\u00e5tande pilflykt<\/li>\n<li>Sk\u00f6ldskuren form<\/li>\n<li>L\u00e4mplig f\u00f6r anv\u00e4ndning p\u00e5 alla typer av pilskaft<\/li>\n<li>Popul\u00e4r storlek som normalt f\u00f6redras f\u00f6r anv\u00e4ndning p\u00e5 pilskaft med st\u00f6rre diameter<\/li>\n<li>H\u00f6gerfj\u00e4der vald f\u00f6r pilrotation medurs<\/li>\n<li>F\u00f6rpackning med 100 st<\/li>\n<li>Brett utbud av attraktiva f\u00e4rger tillg\u00e4ngliga<\/li>\n<\/ul>\n<p><strong>Specifikationer:<\/strong> <strong>Vikt<\/strong>: 2,95 grains <strong>H\u00f6jd<\/strong>: 0,610&#8243; (15,5 mm)<\/p>\n","protected":false},"excerpt":{"rendered":"<p>Gr\u00e5<\/p>\n","protected":false},"featured_media":10279,"comment_status":"open","ping_status":"closed","template":"","meta":[],"product_brand":[],"product_cat":[2934],"product_tag":[],"class_list":{"0":"post-288891","1":"product","2":"type-product","3":"status-publish","4":"has-post-thumbnail","6":"product_cat-fjadrar","8":"first","9":"outofstock","10":"taxable","11":"shipping-taxable","12":"purchasable","13":"product-type-variable"},"composite_virtual":false,"composite_layout":"","composite_add_to_cart_form_location":"","composite_editable_in_cart":false,"composite_sold_individually_context":"","composite_shop_price_calc":"","composite_components":[],"composite_scenarios":[],"group_of_quantity":0,"min_quantity":0,"max_quantity":"","exclude_order_quantity_value_rules":"no","exclude_category_quantity_rules":"no","combine_variations":"no","exclude_global_add_ons":[],"addons":[],"_links":{"self":[{"href":"https:\/\/www.huntersfriend.eu\/sv\/wp-json\/wp\/v2\/product\/288891","targetHints":{"allow":["GET"]}}],"collection":[{"href":"https:\/\/www.huntersfriend.eu\/sv\/wp-json\/wp\/v2\/product"}],"about":[{"href":"https:\/\/www.huntersfriend.eu\/sv\/wp-json\/wp\/v2\/types\/product"}],"replies":[{"embeddable":true,"href":"https:\/\/www.huntersfriend.eu\/sv\/wp-json\/wp\/v2\/comments?post=288891"}],"wp:featuredmedia":[{"embeddable":true,"href":"https:\/\/www.huntersfriend.eu\/sv\/wp-json\/wp\/v2\/media\/10279"}],"wp:attachment":[{"href":"https:\/\/www.huntersfriend.eu\/sv\/wp-json\/wp\/v2\/media?parent=288891"}],"wp:term":[{"taxonomy":"product_brand","embeddable":true,"href":"https:\/\/www.huntersfriend.eu\/sv\/wp-json\/wp\/v2\/product_brand?post=288891"},{"taxonomy":"product_cat","embeddable":true,"href":"https:\/\/www.huntersfriend.eu\/sv\/wp-json\/wp\/v2\/product_cat?post=288891"},{"taxonomy":"product_tag","embeddable":true,"href":"https:\/\/www.huntersfriend.eu\/sv\/wp-json\/wp\/v2\/product_tag?post=288891"}],"curies":[{"name":"wp","href":"https:\/\/api.w.org\/{rel}","templated":true}]}}