{"id":288890,"date":"2018-12-21T08:24:56","date_gmt":"2018-12-21T06:24:56","guid":{"rendered":"https:\/\/www.huntersfriend.eu\/product\/hha-optimizer-lite-3019\/"},"modified":"2026-04-10T11:39:23","modified_gmt":"2026-04-10T09:39:23","slug":"hha-optimizer-lite-3019","status":"publish","type":"product","link":"https:\/\/www.huntersfriend.eu\/sv\/produkt\/hha-optimizer-lite-3019\/","title":{"rendered":"HHA optimizer lite 3019"},"content":{"rendered":"<p>20 \u00e5r efter introduktionen \u00e4r Optimizer Lite fortfarande det b\u00e4st s\u00e4ljande justerbara siktet med en enda pinne p\u00e5 marknaden. Optimizer Lite har r\u00f6stats fram som det b\u00e4sta enkla siktet av Bowhunting World i 14 \u00e5r i rad och \u00e4r fullmatat med funktioner som skiljer det fr\u00e5n konkurrenterna. <\/p>\n<p>Den silkeslena h\u00f6jdarmen kombineras med branschens mest exakta siktejpar f\u00f6r att leverera o\u00f6vertr\u00e4ffad prestanda till b\u00e5de j\u00e4gare och 3D-skyttar. Sikta helt enkelt in dig p\u00e5 20 och 60 yards f\u00f6r att avg\u00f6ra vilken av de f\u00f6rtryckta siktejparna som fungerar p\u00e5 din upps\u00e4ttning, s\u00e5 \u00e4r du redo att skjuta fr\u00e5n 20 till 80 yards i steg om 5 yards. Verktygsfria justeringar, fullt skyddad fiberoptik och stens\u00e4ker konstruktion g\u00f6r det till det tuffaste och mest p\u00e5litliga justerbara siktet med en enda pinne som finns tillg\u00e4ngligt idag.  <\/p>\n<p>OL-3019 funktioner:<\/p>\n<p>1 5\/8&#8243; siktesskal<br \/>\n0,019&#8243; pinnstorlek<br \/>\n2 fot ljussamlande fiber<br \/>\nNiv\u00e5bubbla<br \/>\nMaskinbearbetad pinnb\u00e4rare i aluminium erbjuder o\u00f6vertr\u00e4ffat fiberskydd<br \/>\nVind- och h\u00f6jdjusteringar<br \/>\nVindslid med m\u00e4ssingspekare<br \/>\nVattent\u00e5lig avst\u00e5ndstejp<br \/>\nTillverkad i USA.<br \/>\n100 % livstidsgaranti<\/p>\n<p>Kontakta oss f\u00f6r tillg\u00e4nglighet av alla andra HHA-modeller<\/p>\n<p>&nbsp;<\/p>\n","protected":false},"excerpt":{"rendered":"<p>20 \u00e5r efter introduktionen \u00e4r Optimizer Lite fortfarande det b\u00e4st s\u00e4ljande justerbara siktet med en enda pinne p\u00e5 marknaden. Optimizer Lite har r\u00f6stats fram som det b\u00e4sta enkla siktet av Bowhunting World i 14 \u00e5r i rad och \u00e4r fullmatat med funktioner som skiljer det fr\u00e5n konkurrenterna. Den silkeslena h\u00f6jdarmen kombineras med branschens mest exakta [&#8230;]\n","protected":false},"featured_media":284702,"comment_status":"open","ping_status":"closed","template":"","meta":[],"product_brand":[],"product_cat":[2690],"product_tag":[],"class_list":{"0":"post-288890","1":"product","2":"type-product","3":"status-publish","4":"has-post-thumbnail","6":"product_cat-bagjaktsikten","8":"first","9":"outofstock","10":"taxable","11":"shipping-taxable","12":"purchasable","13":"product-type-variable"},"composite_virtual":false,"composite_layout":"","composite_add_to_cart_form_location":"","composite_editable_in_cart":false,"composite_sold_individually_context":"","composite_shop_price_calc":"","composite_components":[],"composite_scenarios":[],"group_of_quantity":0,"min_quantity":0,"max_quantity":"","exclude_order_quantity_value_rules":"no","exclude_category_quantity_rules":"no","combine_variations":"no","exclude_global_add_ons":[],"addons":[],"_links":{"self":[{"href":"https:\/\/www.huntersfriend.eu\/sv\/wp-json\/wp\/v2\/product\/288890","targetHints":{"allow":["GET"]}}],"collection":[{"href":"https:\/\/www.huntersfriend.eu\/sv\/wp-json\/wp\/v2\/product"}],"about":[{"href":"https:\/\/www.huntersfriend.eu\/sv\/wp-json\/wp\/v2\/types\/product"}],"replies":[{"embeddable":true,"href":"https:\/\/www.huntersfriend.eu\/sv\/wp-json\/wp\/v2\/comments?post=288890"}],"wp:featuredmedia":[{"embeddable":true,"href":"https:\/\/www.huntersfriend.eu\/sv\/wp-json\/wp\/v2\/media\/284702"}],"wp:attachment":[{"href":"https:\/\/www.huntersfriend.eu\/sv\/wp-json\/wp\/v2\/media?parent=288890"}],"wp:term":[{"taxonomy":"product_brand","embeddable":true,"href":"https:\/\/www.huntersfriend.eu\/sv\/wp-json\/wp\/v2\/product_brand?post=288890"},{"taxonomy":"product_cat","embeddable":true,"href":"https:\/\/www.huntersfriend.eu\/sv\/wp-json\/wp\/v2\/product_cat?post=288890"},{"taxonomy":"product_tag","embeddable":true,"href":"https:\/\/www.huntersfriend.eu\/sv\/wp-json\/wp\/v2\/product_tag?post=288890"}],"curies":[{"name":"wp","href":"https:\/\/api.w.org\/{rel}","templated":true}]}}