{"id":288882,"date":"2018-12-21T08:24:45","date_gmt":"2018-12-21T08:24:45","guid":{"rendered":"https:\/\/www.huntersfriend.eu\/product\/dacronstrang-till-recurvebage\/"},"modified":"2026-03-26T13:44:09","modified_gmt":"2026-03-26T11:44:09","slug":"dacronstrang-till-recurvebage","status":"publish","type":"product","link":"https:\/\/www.huntersfriend.eu\/sv\/produkt\/dacronstrang-till-recurvebage\/","title":{"rendered":"Dacronstr\u00e4ng till recurveb\u00e5ge"},"content":{"rendered":"<ul>\n<li>Brownell-material.<\/li>\n<li>12, 14 eller 16 tr\u00e5dar.<\/li>\n<li>H\u00e5llbar med h\u00f6g n\u00f6tningsbest\u00e4ndighet.<\/li>\n<li>Olika l\u00e4ngder tillg\u00e4ngliga<\/li>\n<\/ul>\n","protected":false},"excerpt":{"rendered":"<p>Brownell-material. 12, 14 eller 16 tr\u00e5dar. H\u00e5llbar med h\u00f6g n\u00f6tningsbest\u00e4ndighet. Olika l\u00e4ngder tillg\u00e4ngliga<\/p>\n","protected":false},"featured_media":288883,"comment_status":"open","ping_status":"closed","template":"","meta":[],"product_brand":[],"product_cat":[2971],"product_tag":[],"class_list":{"0":"post-288882","1":"product","2":"type-product","3":"status-publish","4":"has-post-thumbnail","6":"product_cat-recurve-strangar","8":"first","9":"instock","10":"taxable","11":"shipping-taxable","12":"purchasable","13":"product-type-variable"},"composite_virtual":false,"composite_layout":"","composite_add_to_cart_form_location":"","composite_editable_in_cart":false,"composite_sold_individually_context":"","composite_shop_price_calc":"","composite_components":[],"composite_scenarios":[],"group_of_quantity":0,"min_quantity":0,"max_quantity":"","exclude_order_quantity_value_rules":"no","exclude_category_quantity_rules":"no","combine_variations":"no","exclude_global_add_ons":[],"addons":[],"_links":{"self":[{"href":"https:\/\/www.huntersfriend.eu\/sv\/wp-json\/wp\/v2\/product\/288882","targetHints":{"allow":["GET"]}}],"collection":[{"href":"https:\/\/www.huntersfriend.eu\/sv\/wp-json\/wp\/v2\/product"}],"about":[{"href":"https:\/\/www.huntersfriend.eu\/sv\/wp-json\/wp\/v2\/types\/product"}],"replies":[{"embeddable":true,"href":"https:\/\/www.huntersfriend.eu\/sv\/wp-json\/wp\/v2\/comments?post=288882"}],"wp:featuredmedia":[{"embeddable":true,"href":"https:\/\/www.huntersfriend.eu\/sv\/wp-json\/wp\/v2\/media\/288883"}],"wp:attachment":[{"href":"https:\/\/www.huntersfriend.eu\/sv\/wp-json\/wp\/v2\/media?parent=288882"}],"wp:term":[{"taxonomy":"product_brand","embeddable":true,"href":"https:\/\/www.huntersfriend.eu\/sv\/wp-json\/wp\/v2\/product_brand?post=288882"},{"taxonomy":"product_cat","embeddable":true,"href":"https:\/\/www.huntersfriend.eu\/sv\/wp-json\/wp\/v2\/product_cat?post=288882"},{"taxonomy":"product_tag","embeddable":true,"href":"https:\/\/www.huntersfriend.eu\/sv\/wp-json\/wp\/v2\/product_tag?post=288882"}],"curies":[{"name":"wp","href":"https:\/\/api.w.org\/{rel}","templated":true}]}}