{"id":288877,"date":"2018-12-21T08:24:52","date_gmt":"2018-12-21T08:24:52","guid":{"rendered":"https:\/\/www.huntersfriend.eu\/product\/g5-montec\/"},"modified":"2026-03-26T13:44:08","modified_gmt":"2026-03-26T11:44:08","slug":"g5-montec","status":"publish","type":"product","link":"https:\/\/www.huntersfriend.eu\/sv\/produkt\/g5-montec\/","title":{"rendered":"G5 Montec"},"content":{"rendered":"<p>Montec \u00e4r ett solitt jaktspets med tre blad tillverkat i rostfritt st\u00e5l i ett enda stycke. Tillverkad med den patenterade Monoflow-tekniken med o\u00f6vertr\u00e4ffad precision, h\u00e5llbarhet och penetration. Montec har starka, m\u00e5ngfacetterade blad, en spets som sk\u00e4r vid tr\u00e4ff och l\u00e4ttslipade kanter. 100 och 125 grains har alla en sk\u00e4rdiameter p\u00e5 1-1\/8.   <\/p>\n<ul>\n<li>100 % st\u00e5lh\u00e5rd<\/li>\n<li>Design som sk\u00e4r vid kontakt<\/li>\n<li>Diamantslipad sk\u00e4rpa<\/li>\n<li>Finns i 85, 100 och 125 grains<\/li>\n<li>Modell f\u00f6r snabba armborst finns i 100 och 125 grains<\/li>\n<li>Konstruktion i ett stycke, tillverkad med MIM-teknik<\/li>\n<li>100 % spinntestad<\/li>\n<li>Pre-Season-modell tillg\u00e4nglig<\/li>\n<li>1&#8243; till 1 1\/8&#8243; sk\u00e4rdiameter<\/li>\n<li>3 spetsar per f\u00f6rpackning<\/li>\n<\/ul>\n","protected":false},"excerpt":{"rendered":"<p>Montec \u00e4r ett solitt jaktspets med tre blad tillverkat i rostfritt st\u00e5l i ett enda stycke. Tillverkad med den patenterade Monoflow-tekniken med o\u00f6vertr\u00e4ffad precision, h\u00e5llbarhet och penetration. Montec har starka, m\u00e5ngfacetterade blad, en spets som sk\u00e4r vid tr\u00e4ff och l\u00e4ttslipade kanter. 100 och 125 grains har alla en sk\u00e4rdiameter p\u00e5 1-1\/8. 100 % st\u00e5lh\u00e5rd Design [&#8230;]\n","protected":false},"featured_media":17917,"comment_status":"open","ping_status":"closed","template":"","meta":[],"product_brand":[],"product_cat":[2647],"product_tag":[],"class_list":{"0":"post-288877","1":"product","2":"type-product","3":"status-publish","4":"has-post-thumbnail","6":"product_cat-broadheads-jakt","8":"first","9":"instock","10":"taxable","11":"shipping-taxable","12":"purchasable","13":"product-type-variable","14":"has-default-attributes"},"composite_virtual":false,"composite_layout":"","composite_add_to_cart_form_location":"","composite_editable_in_cart":false,"composite_sold_individually_context":"","composite_shop_price_calc":"","composite_components":[],"composite_scenarios":[],"group_of_quantity":0,"min_quantity":0,"max_quantity":"","exclude_order_quantity_value_rules":"no","exclude_category_quantity_rules":"no","combine_variations":"no","exclude_global_add_ons":[],"addons":[],"_links":{"self":[{"href":"https:\/\/www.huntersfriend.eu\/sv\/wp-json\/wp\/v2\/product\/288877","targetHints":{"allow":["GET"]}}],"collection":[{"href":"https:\/\/www.huntersfriend.eu\/sv\/wp-json\/wp\/v2\/product"}],"about":[{"href":"https:\/\/www.huntersfriend.eu\/sv\/wp-json\/wp\/v2\/types\/product"}],"replies":[{"embeddable":true,"href":"https:\/\/www.huntersfriend.eu\/sv\/wp-json\/wp\/v2\/comments?post=288877"}],"wp:featuredmedia":[{"embeddable":true,"href":"https:\/\/www.huntersfriend.eu\/sv\/wp-json\/wp\/v2\/media\/17917"}],"wp:attachment":[{"href":"https:\/\/www.huntersfriend.eu\/sv\/wp-json\/wp\/v2\/media?parent=288877"}],"wp:term":[{"taxonomy":"product_brand","embeddable":true,"href":"https:\/\/www.huntersfriend.eu\/sv\/wp-json\/wp\/v2\/product_brand?post=288877"},{"taxonomy":"product_cat","embeddable":true,"href":"https:\/\/www.huntersfriend.eu\/sv\/wp-json\/wp\/v2\/product_cat?post=288877"},{"taxonomy":"product_tag","embeddable":true,"href":"https:\/\/www.huntersfriend.eu\/sv\/wp-json\/wp\/v2\/product_tag?post=288877"}],"curies":[{"name":"wp","href":"https:\/\/api.w.org\/{rel}","templated":true}]}}