{"id":288876,"date":"2018-12-21T08:24:42","date_gmt":"2018-12-21T08:24:42","guid":{"rendered":"https:\/\/www.huntersfriend.eu\/product\/bondhus-skiftnyckel-allen\/"},"modified":"2026-02-19T21:42:06","modified_gmt":"2026-02-19T19:42:06","slug":"bondhus-skiftnyckel-allen","status":"publish","type":"product","link":"https:\/\/www.huntersfriend.eu\/sv\/produkt\/bondhus-skiftnyckel-allen\/","title":{"rendered":"Bondhus skiftnyckel Allen"},"content":{"rendered":"<ul>\n<li>Set med imperial allennycklar (tum).<\/li>\n<li>Inkluderar nyckelstorlekar som ofta anv\u00e4nds av b\u00e5gskyttetillverkare.<\/li>\n<li>Kompakt design som \u00e4r idealisk att f\u00f6rvara i ett koger.<\/li>\n<li>H\u00e5llbar.<\/li>\n<li>Enkel \u00e5tkomst till den nyckel du vill ha. Large inkluderar f\u00f6ljande nyckelstorlekar: 5\/64, 3\/32, 7\/64, 1\/8, 9\/64, 5\/32, 3\/16, 7\/32, 1\/4.\n<p>Small inkluderar f\u00f6ljande nyckelstorlekar: .050, 1\/16, 5\/64, 3\/32, 7\/64, 1\/8, 9\/64, 5\/32, 3\/16<\/li>\n<\/ul>\n","protected":false},"excerpt":{"rendered":"<p>Set med imperial allennycklar (tum). Inkluderar nyckelstorlekar som ofta anv\u00e4nds av b\u00e5gskyttetillverkare. Kompakt design som \u00e4r idealisk att f\u00f6rvara i ett koger. H\u00e5llbar. Enkel \u00e5tkomst till den nyckel du vill ha. Large inkluderar f\u00f6ljande nyckelstorlekar: 5\/64, 3\/32, 7\/64, 1\/8, 9\/64, 5\/32, 3\/16, 7\/32, 1\/4. Small inkluderar f\u00f6ljande nyckelstorlekar: .050, 1\/16, 5\/64, 3\/32, 7\/64, 1\/8, 9\/64, [&#8230;]\n","protected":false},"featured_media":7670,"comment_status":"open","ping_status":"closed","template":"","meta":[],"product_brand":[],"product_cat":[2633,2631],"product_tag":[],"class_list":{"0":"post-288876","1":"product","2":"type-product","3":"status-publish","4":"has-post-thumbnail","6":"product_cat-diverse-bagskytte","7":"product_cat-trimningsverktyg-bagskytte","9":"first","10":"outofstock","11":"taxable","12":"shipping-taxable","13":"purchasable","14":"product-type-variable"},"composite_virtual":false,"composite_layout":"","composite_add_to_cart_form_location":"","composite_editable_in_cart":false,"composite_sold_individually_context":"","composite_shop_price_calc":"","composite_components":[],"composite_scenarios":[],"group_of_quantity":0,"min_quantity":0,"max_quantity":"","exclude_order_quantity_value_rules":"no","exclude_category_quantity_rules":"no","combine_variations":"no","exclude_global_add_ons":[],"addons":[],"_links":{"self":[{"href":"https:\/\/www.huntersfriend.eu\/sv\/wp-json\/wp\/v2\/product\/288876","targetHints":{"allow":["GET"]}}],"collection":[{"href":"https:\/\/www.huntersfriend.eu\/sv\/wp-json\/wp\/v2\/product"}],"about":[{"href":"https:\/\/www.huntersfriend.eu\/sv\/wp-json\/wp\/v2\/types\/product"}],"replies":[{"embeddable":true,"href":"https:\/\/www.huntersfriend.eu\/sv\/wp-json\/wp\/v2\/comments?post=288876"}],"wp:featuredmedia":[{"embeddable":true,"href":"https:\/\/www.huntersfriend.eu\/sv\/wp-json\/wp\/v2\/media\/7670"}],"wp:attachment":[{"href":"https:\/\/www.huntersfriend.eu\/sv\/wp-json\/wp\/v2\/media?parent=288876"}],"wp:term":[{"taxonomy":"product_brand","embeddable":true,"href":"https:\/\/www.huntersfriend.eu\/sv\/wp-json\/wp\/v2\/product_brand?post=288876"},{"taxonomy":"product_cat","embeddable":true,"href":"https:\/\/www.huntersfriend.eu\/sv\/wp-json\/wp\/v2\/product_cat?post=288876"},{"taxonomy":"product_tag","embeddable":true,"href":"https:\/\/www.huntersfriend.eu\/sv\/wp-json\/wp\/v2\/product_tag?post=288876"}],"curies":[{"name":"wp","href":"https:\/\/api.w.org\/{rel}","templated":true}]}}