{"id":288863,"date":"2018-12-21T08:24:52","date_gmt":"2018-12-21T08:24:52","guid":{"rendered":"https:\/\/www.huntersfriend.eu\/product\/g5-litet-vilt-huvud\/"},"modified":"2026-03-18T22:00:49","modified_gmt":"2026-03-18T20:00:49","slug":"g5-litet-vilt-huvud","status":"publish","type":"product","link":"https:\/\/www.huntersfriend.eu\/sv\/produkt\/g5-litet-vilt-huvud\/","title":{"rendered":"G5 litet vilt huvud"},"content":{"rendered":"<p>S.G.H. (Small Game Head) \u00e4r designad speciellt f\u00f6r sm\u00e5vilt. Dess unika nos- och bladdesign ger en &#8221;chock och riv&#8221;-effekt som stoppar sm\u00e5vilt direkt. Den trubbiga spetsen ger &#8221;chocken&#8221; och de b\u00f6jda bladen ger &#8221;riveffekten&#8221; som ocks\u00e5 f\u00f6rhindrar att pilen gr\u00e4ver ner sig i marken. Perfekt f\u00f6r jakt p\u00e5 sm\u00e5viltarter med alla typer av b\u00e5gar i alla hastigheter.   <\/p>\n<ul>\n<li>100 % st\u00e5lh\u00e5rd<\/li>\n<li>100 % rostfritt st\u00e5l<\/li>\n<li>&#8221;Chock och riv&#8221;-effekt<\/li>\n<li>Finns i 100 och 125 grains<\/li>\n<li>1&#8243; sk\u00e4rdiameter<\/li>\n<li>3 spetsar per f\u00f6rpackning<\/li>\n<\/ul>\n","protected":false},"excerpt":{"rendered":"<p>S.G.H. (Small Game Head) \u00e4r designad speciellt f\u00f6r sm\u00e5vilt. Dess unika nos- och bladdesign ger en &#8221;chock och riv&#8221;-effekt som stoppar sm\u00e5vilt direkt. Den trubbiga spetsen ger &#8221;chocken&#8221; och de b\u00f6jda bladen ger &#8221;riveffekten&#8221; som ocks\u00e5 f\u00f6rhindrar att pilen gr\u00e4ver ner sig i marken. Perfekt f\u00f6r jakt p\u00e5 sm\u00e5viltarter med alla typer av b\u00e5gar i [&#8230;]\n","protected":false},"featured_media":288873,"comment_status":"open","ping_status":"closed","template":"","meta":[],"product_brand":[],"product_cat":[2882],"product_tag":[],"class_list":{"0":"post-288863","1":"product","2":"type-product","3":"status-publish","4":"has-post-thumbnail","6":"product_cat-smavilt-jakt","8":"first","9":"outofstock","10":"taxable","11":"shipping-taxable","12":"purchasable","13":"product-type-variable"},"composite_virtual":false,"composite_layout":"","composite_add_to_cart_form_location":"","composite_editable_in_cart":false,"composite_sold_individually_context":"","composite_shop_price_calc":"","composite_components":[],"composite_scenarios":[],"group_of_quantity":0,"min_quantity":0,"max_quantity":"","exclude_order_quantity_value_rules":"no","exclude_category_quantity_rules":"no","combine_variations":"no","exclude_global_add_ons":[],"addons":[],"_links":{"self":[{"href":"https:\/\/www.huntersfriend.eu\/sv\/wp-json\/wp\/v2\/product\/288863","targetHints":{"allow":["GET"]}}],"collection":[{"href":"https:\/\/www.huntersfriend.eu\/sv\/wp-json\/wp\/v2\/product"}],"about":[{"href":"https:\/\/www.huntersfriend.eu\/sv\/wp-json\/wp\/v2\/types\/product"}],"replies":[{"embeddable":true,"href":"https:\/\/www.huntersfriend.eu\/sv\/wp-json\/wp\/v2\/comments?post=288863"}],"wp:featuredmedia":[{"embeddable":true,"href":"https:\/\/www.huntersfriend.eu\/sv\/wp-json\/wp\/v2\/media\/288873"}],"wp:attachment":[{"href":"https:\/\/www.huntersfriend.eu\/sv\/wp-json\/wp\/v2\/media?parent=288863"}],"wp:term":[{"taxonomy":"product_brand","embeddable":true,"href":"https:\/\/www.huntersfriend.eu\/sv\/wp-json\/wp\/v2\/product_brand?post=288863"},{"taxonomy":"product_cat","embeddable":true,"href":"https:\/\/www.huntersfriend.eu\/sv\/wp-json\/wp\/v2\/product_cat?post=288863"},{"taxonomy":"product_tag","embeddable":true,"href":"https:\/\/www.huntersfriend.eu\/sv\/wp-json\/wp\/v2\/product_tag?post=288863"}],"curies":[{"name":"wp","href":"https:\/\/api.w.org\/{rel}","templated":true}]}}