{"id":288857,"date":"2018-12-21T08:24:52","date_gmt":"2018-12-21T08:24:52","guid":{"rendered":"https:\/\/www.huntersfriend.eu\/product\/g5-v2-striker\/"},"modified":"2026-03-18T22:00:48","modified_gmt":"2026-03-18T20:00:48","slug":"g5-v2-striker","status":"publish","type":"product","link":"https:\/\/www.huntersfriend.eu\/sv\/produkt\/g5-v2-striker\/","title":{"rendered":"G5 V2 Striker"},"content":{"rendered":"<div><strong>Striker V2 \u00e4r en rej\u00e4l uppgradering fr\u00e5n originalet <a href=\"https:\/\/www.g5outdoors.com\/\">G5<\/a> Striker. Med en st\u00f6rre sk\u00e4rdiameter och en hylsa av maskinst\u00e5l \u00e4r Striker V2 starkare, st\u00f6rre och flyger b\u00e4ttre \u00e4n n\u00e5gonsin. <\/strong><\/div>\n<div><\/div>\n<div><strong>\u2022 100 % st\u00e5lh\u00e5rd<\/strong><\/div>\n<div><strong>\u2022 Maskinbearbetad st\u00e5lhylsa<\/strong><\/div>\n<div><strong>\u2022 F\u00f6rb\u00e4ttrad pilflykt<\/strong><\/div>\n<div><strong>\u2022 1,25&#8243; sk\u00e4rdiameter<\/strong><\/div>\n<div><strong>\u2022 Ultraskarpa Lutz-blad<\/strong><\/div>\n<div><strong>\u2022 Anix bladl\u00e5sningssystem<\/strong><\/div>\n","protected":false},"excerpt":{"rendered":"<p>Striker V2 \u00e4r en rej\u00e4l uppgradering fr\u00e5n originalet G5 Striker. Med en st\u00f6rre sk\u00e4rdiameter och en hylsa av maskinst\u00e5l \u00e4r Striker V2 starkare, st\u00f6rre och flyger b\u00e4ttre \u00e4n n\u00e5gonsin. \u2022 100 % st\u00e5lh\u00e5rd \u2022 Maskinbearbetad st\u00e5lhylsa \u2022 F\u00f6rb\u00e4ttrad pilflykt \u2022 1,25&#8243; sk\u00e4rdiameter \u2022 Ultraskarpa Lutz-blad \u2022 Anix bladl\u00e5sningssystem<\/p>\n","protected":false},"featured_media":46706,"comment_status":"open","ping_status":"closed","template":"","meta":[],"product_brand":[],"product_cat":[2647],"product_tag":[],"class_list":{"0":"post-288857","1":"product","2":"type-product","3":"status-publish","4":"has-post-thumbnail","6":"product_cat-broadheads-jakt","8":"first","9":"outofstock","10":"taxable","11":"shipping-taxable","12":"purchasable","13":"product-type-variable"},"composite_virtual":false,"composite_layout":"","composite_add_to_cart_form_location":"","composite_editable_in_cart":false,"composite_sold_individually_context":"","composite_shop_price_calc":"","composite_components":[],"composite_scenarios":[],"group_of_quantity":0,"min_quantity":0,"max_quantity":"","exclude_order_quantity_value_rules":"no","exclude_category_quantity_rules":"no","combine_variations":"no","exclude_global_add_ons":[],"addons":[],"_links":{"self":[{"href":"https:\/\/www.huntersfriend.eu\/sv\/wp-json\/wp\/v2\/product\/288857","targetHints":{"allow":["GET"]}}],"collection":[{"href":"https:\/\/www.huntersfriend.eu\/sv\/wp-json\/wp\/v2\/product"}],"about":[{"href":"https:\/\/www.huntersfriend.eu\/sv\/wp-json\/wp\/v2\/types\/product"}],"replies":[{"embeddable":true,"href":"https:\/\/www.huntersfriend.eu\/sv\/wp-json\/wp\/v2\/comments?post=288857"}],"wp:featuredmedia":[{"embeddable":true,"href":"https:\/\/www.huntersfriend.eu\/sv\/wp-json\/wp\/v2\/media\/46706"}],"wp:attachment":[{"href":"https:\/\/www.huntersfriend.eu\/sv\/wp-json\/wp\/v2\/media?parent=288857"}],"wp:term":[{"taxonomy":"product_brand","embeddable":true,"href":"https:\/\/www.huntersfriend.eu\/sv\/wp-json\/wp\/v2\/product_brand?post=288857"},{"taxonomy":"product_cat","embeddable":true,"href":"https:\/\/www.huntersfriend.eu\/sv\/wp-json\/wp\/v2\/product_cat?post=288857"},{"taxonomy":"product_tag","embeddable":true,"href":"https:\/\/www.huntersfriend.eu\/sv\/wp-json\/wp\/v2\/product_tag?post=288857"}],"curies":[{"name":"wp","href":"https:\/\/api.w.org\/{rel}","templated":true}]}}