{"id":288848,"date":"2018-12-21T08:24:40","date_gmt":"2018-12-21T08:24:40","guid":{"rendered":"https:\/\/www.huntersfriend.eu\/product\/bohning-blazer-2-tiger\/"},"modified":"2025-08-27T14:10:31","modified_gmt":"2025-08-27T12:10:31","slug":"bohning-blazer-2-tiger","status":"publish","type":"product","link":"https:\/\/www.huntersfriend.eu\/sv\/produkt\/bohning-blazer-2-tiger\/","title":{"rendered":"Bohning Blazer 2&#8243; tiger"},"content":{"rendered":"<p>V\u00e4rldens popul\u00e4raste jaktfj\u00e4der med tigerr\u00e4nder.<\/p>\n<p>Blazer Vane \u00e4r designad f\u00f6r att styra broadheads med fasta blad och har varit den fr\u00e4msta jaktfj\u00e4dern i \u00f6ver 10 \u00e5r! Den m\u00e4ter 2&#8243; (50,8 mm) i l\u00e4ngd, 0,57&#8243; (14,5 mm) i h\u00f6jd och v\u00e4ger i genomsnitt 6,0 grains (388,8 mg). True Color-tryckta Blazers v\u00e4ger i genomsnitt 6,3 grains (408,2 mg). Liksom alla Bohning-fj\u00e4drar \u00e4r basen p\u00e5 Blazer Vane f\u00f6rgrundad f\u00f6r optimal vidh\u00e4ftning. Blazer Vane har f\u00e5tt fler hakor att falla, h\u00e4ngt fler trof\u00e9er, \u00f6vertygat fler skeptiker och gett fler stora f\u00e5niga flin \u00e4n alla &#8221;knock-off&#8221;, &#8221;wanna-be&#8221;, &#8221;copy-cat&#8221;-fj\u00e4drar tillsammans! Det h\u00e4r \u00e4r fj\u00e4dern som, utan tvekan, presterar b\u00e4ttre \u00e4n alla andra! Den \u00e4r designad f\u00f6r broadheads med fasta blad, men \u00e4r ocks\u00e5 perfekt f\u00f6r armborst och 3D-b\u00e5gskytte. Blazer Vane, med sin unika design, b\u00f6rjar styra och korrigera omedelbart &#8211; vilket g\u00f6r b\u00e5de b\u00e5gskyttar och m\u00e5lskyttar till troende! Kombinationen av den branta framkantsvinkeln och dess materialegenskaper g\u00f6r att luft kan str\u00f6mma \u00f6ver fj\u00e4dern p\u00e5 ett s\u00e4tt som faktiskt skapar lyft. Detta l\u00e4mnar spetsen p\u00e5 varje fj\u00e4der inuti ost\u00f6rd luft, liknande den draftingprincip som anv\u00e4nds inom bilt\u00e4vlingar. Detta luftfl\u00f6de g\u00f6r ocks\u00e5 att spetsen p\u00e5 varje fj\u00e4der fungerar som ett roder, vilket \u00e4r m\u00e4rkbart p\u00e5 l\u00e4ngre avst\u00e5nd med den flackare banan som Blazer Vanes ger. Vi rekommenderar att du fletchar Blazer-fj\u00e4drar med en spiral f\u00f6r perfekta resultat. Vad finns i ditt koger? Om det inte st\u00e5r Blazer och b\u00e4r Bohning-logotypen \u00e4r det inte en RIKTIG BLAZER. Endast Bohning tillverkar Blazer Vane, och vi trycker stolt v\u00e5rt namn p\u00e5 varje. Det \u00e4r inte bara profilen som skiljer oss fr\u00e5n look-a-likes, v\u00e5rt patentskyddade material har testats under extrema f\u00f6rh\u00e5llanden f\u00f6r att s\u00e4kerst\u00e4lla att det inte sviker dig n\u00e4r det verkligen g\u00e4ller. L\u00e5t dig inte luras av efterapningar. Om det inte st\u00e5r Bohning \u00e4r det inte en Blazer och den kommer inte att prestera som en.                 <\/p>\n","protected":false},"excerpt":{"rendered":"<p>V\u00e4rldens popul\u00e4raste jaktfj\u00e4der med tigerr\u00e4nder. Blazer Vane \u00e4r designad f\u00f6r att styra broadheads med fasta blad och har varit den fr\u00e4msta jaktfj\u00e4dern i \u00f6ver 10 \u00e5r! Den m\u00e4ter 2&#8243; (50,8 mm) i l\u00e4ngd, 0,57&#8243; (14,5 mm) i h\u00f6jd och v\u00e4ger i genomsnitt 6,0 grains (388,8 mg). True Color-tryckta Blazers v\u00e4ger i genomsnitt 6,3 grains (408,2 [&#8230;]\n","protected":false},"featured_media":8295,"comment_status":"open","ping_status":"closed","template":"","meta":[],"product_brand":[],"product_cat":[2934],"product_tag":[],"class_list":{"0":"post-288848","1":"product","2":"type-product","3":"status-publish","4":"has-post-thumbnail","6":"product_cat-fjadrar","8":"first","9":"instock","10":"taxable","11":"shipping-taxable","12":"purchasable","13":"product-type-variable"},"composite_virtual":false,"composite_layout":"","composite_add_to_cart_form_location":"","composite_editable_in_cart":false,"composite_sold_individually_context":"","composite_shop_price_calc":"","composite_components":[],"composite_scenarios":[],"group_of_quantity":0,"min_quantity":0,"max_quantity":"","exclude_order_quantity_value_rules":"no","exclude_category_quantity_rules":"no","combine_variations":"no","exclude_global_add_ons":[],"addons":[],"_links":{"self":[{"href":"https:\/\/www.huntersfriend.eu\/sv\/wp-json\/wp\/v2\/product\/288848","targetHints":{"allow":["GET"]}}],"collection":[{"href":"https:\/\/www.huntersfriend.eu\/sv\/wp-json\/wp\/v2\/product"}],"about":[{"href":"https:\/\/www.huntersfriend.eu\/sv\/wp-json\/wp\/v2\/types\/product"}],"replies":[{"embeddable":true,"href":"https:\/\/www.huntersfriend.eu\/sv\/wp-json\/wp\/v2\/comments?post=288848"}],"wp:featuredmedia":[{"embeddable":true,"href":"https:\/\/www.huntersfriend.eu\/sv\/wp-json\/wp\/v2\/media\/8295"}],"wp:attachment":[{"href":"https:\/\/www.huntersfriend.eu\/sv\/wp-json\/wp\/v2\/media?parent=288848"}],"wp:term":[{"taxonomy":"product_brand","embeddable":true,"href":"https:\/\/www.huntersfriend.eu\/sv\/wp-json\/wp\/v2\/product_brand?post=288848"},{"taxonomy":"product_cat","embeddable":true,"href":"https:\/\/www.huntersfriend.eu\/sv\/wp-json\/wp\/v2\/product_cat?post=288848"},{"taxonomy":"product_tag","embeddable":true,"href":"https:\/\/www.huntersfriend.eu\/sv\/wp-json\/wp\/v2\/product_tag?post=288848"}],"curies":[{"name":"wp","href":"https:\/\/api.w.org\/{rel}","templated":true}]}}