{"id":288847,"date":"2018-12-21T08:24:51","date_gmt":"2018-12-21T08:24:51","guid":{"rendered":"https:\/\/www.huntersfriend.eu\/product\/g5-meta-pro-sikte\/"},"modified":"2025-10-18T05:29:18","modified_gmt":"2025-10-18T03:29:18","slug":"g5-meta-pro-sikte","status":"publish","type":"product","link":"https:\/\/www.huntersfriend.eu\/sv\/produkt\/g5-meta-pro-sikte\/","title":{"rendered":"G5 Meta pro-sikte"},"content":{"rendered":"<p>G5 Meta Pro-siktet har en patenterad konvex inre diameter som maximerar synf\u00e4ltet i svagt ljus. Den konvexa insidan ger ocks\u00e5 en perfekt cirkel n\u00e4r siktet b\u00f6rjar luta. Du slipper titta genom en oval. Str\u00e4ngsp\u00e5ret \u00e4r ocks\u00e5 konvext, vilket skapar mindre yta som str\u00e4ngen faktiskt kommer i kontakt med, vilket minskar str\u00e4ngslitaget avsev\u00e4rt. S\u00e5 pass mycket att Meta Pro har en *NO-CUT-GARANTI!! Meta Pro finns i svart, lila, rosa, gr\u00f6n, bl\u00e5, r\u00f6d och i 3\/16&#8243;, 1\/4&#8243; och 5\/16&#8243;.     <\/p>\n<p>Vi har bara svart i lager f\u00f6r tillf\u00e4llet.<\/p>\n<p><em><strong>Kontakta oss direkt f\u00f6r fler G5-produkter.<\/strong><\/em><\/p>\n","protected":false},"excerpt":{"rendered":"<p>G5 Meta Pro-siktet har en patenterad konvex inre diameter som maximerar synf\u00e4ltet i svagt ljus. Den konvexa insidan ger ocks\u00e5 en perfekt cirkel n\u00e4r siktet b\u00f6rjar luta. Du slipper titta genom en oval. Str\u00e4ngsp\u00e5ret \u00e4r ocks\u00e5 konvext, vilket skapar mindre yta som str\u00e4ngen faktiskt kommer i kontakt med, vilket minskar str\u00e4ngslitaget avsev\u00e4rt. S\u00e5 pass mycket [&#8230;]\n","protected":false},"featured_media":10282,"comment_status":"open","ping_status":"closed","template":"","meta":[],"product_brand":[],"product_cat":[2634],"product_tag":[],"class_list":{"0":"post-288847","1":"product","2":"type-product","3":"status-publish","4":"has-post-thumbnail","6":"product_cat-sikten-nockpunkter-kindpussar-och-tillbehor","8":"first","9":"outofstock","10":"taxable","11":"shipping-taxable","12":"purchasable","13":"product-type-variable"},"composite_virtual":false,"composite_layout":"","composite_add_to_cart_form_location":"","composite_editable_in_cart":false,"composite_sold_individually_context":"","composite_shop_price_calc":"","composite_components":[],"composite_scenarios":[],"group_of_quantity":0,"min_quantity":0,"max_quantity":"","exclude_order_quantity_value_rules":"no","exclude_category_quantity_rules":"no","combine_variations":"no","exclude_global_add_ons":[],"addons":[],"_links":{"self":[{"href":"https:\/\/www.huntersfriend.eu\/sv\/wp-json\/wp\/v2\/product\/288847","targetHints":{"allow":["GET"]}}],"collection":[{"href":"https:\/\/www.huntersfriend.eu\/sv\/wp-json\/wp\/v2\/product"}],"about":[{"href":"https:\/\/www.huntersfriend.eu\/sv\/wp-json\/wp\/v2\/types\/product"}],"replies":[{"embeddable":true,"href":"https:\/\/www.huntersfriend.eu\/sv\/wp-json\/wp\/v2\/comments?post=288847"}],"wp:featuredmedia":[{"embeddable":true,"href":"https:\/\/www.huntersfriend.eu\/sv\/wp-json\/wp\/v2\/media\/10282"}],"wp:attachment":[{"href":"https:\/\/www.huntersfriend.eu\/sv\/wp-json\/wp\/v2\/media?parent=288847"}],"wp:term":[{"taxonomy":"product_brand","embeddable":true,"href":"https:\/\/www.huntersfriend.eu\/sv\/wp-json\/wp\/v2\/product_brand?post=288847"},{"taxonomy":"product_cat","embeddable":true,"href":"https:\/\/www.huntersfriend.eu\/sv\/wp-json\/wp\/v2\/product_cat?post=288847"},{"taxonomy":"product_tag","embeddable":true,"href":"https:\/\/www.huntersfriend.eu\/sv\/wp-json\/wp\/v2\/product_tag?post=288847"}],"curies":[{"name":"wp","href":"https:\/\/api.w.org\/{rel}","templated":true}]}}