{"id":288838,"date":"2018-12-21T08:24:49","date_gmt":"2018-12-21T08:24:49","guid":{"rendered":"https:\/\/www.huntersfriend.eu\/product\/easton-ez-fletch-multi-kit\/"},"modified":"2026-03-05T12:42:23","modified_gmt":"2026-03-05T10:42:23","slug":"easton-ez-fletch-multi-kit","status":"publish","type":"product","link":"https:\/\/www.huntersfriend.eu\/sv\/produkt\/easton-ez-fletch-multi-kit\/","title":{"rendered":"Easton EZ fletch Multi Kit"},"content":{"rendered":"<p>F\u00e4st dina egna pilar konsekvent varje g\u00e5ng, precis som proffsen.<\/p>\n<h3>Liten jigg:<\/h3>\n<ul>\n<li><span style=\"display: inline !important; float: none; background-color: transparent; color: #0a0a0a; font-family: 'Open Sans',sans-serif; font-size: 14px; font-size-adjust: none; font-stretch: 100%; font-style: normal; font-variant: normal; font-weight: 400; letter-spacing: normal; line-height: 25.2px; orphans: 2; text-align: left; text-decoration: none; text-indent: 0px; text-shadow: none; text-transform: none; -webkit-text-stroke-width: 0px; white-space: normal; word-spacing: 0px;\">Inkluderar 2&#8243; Mini Helical-verktyg och extra upps\u00e4ttning raka offset-armar<\/span><\/li>\n<li><span style=\"display: inline !important; float: none; background-color: transparent; color: #0a0a0a; font-family: 'Open Sans',sans-serif; font-size: 14px; font-size-adjust: none; font-stretch: 100%; font-style: normal; font-variant: normal; font-weight: 400; letter-spacing: normal; line-height: 25.2px; orphans: 2; text-align: left; text-decoration: none; text-indent: 0px; text-shadow: none; text-transform: none; -webkit-text-stroke-width: 0px; white-space: normal; word-spacing: 0px;\">F\u00f6r alla pilmaterial och diametrar mindre \u00e4n 20\/64 tum<\/span><\/li>\n<\/ul>\n<h3>Stor jigg:<\/h3>\n<ul>\n<li><span style=\"display: inline !important; float: none; background-color: transparent; color: #0a0a0a; font-family: 'Open Sans',sans-serif; font-size: 14px; font-size-adjust: none; font-stretch: 100%; font-style: normal; font-variant: normal; font-weight: 400; letter-spacing: normal; line-height: 25.2px; orphans: 2; text-align: left; text-decoration: none; text-indent: 0px; text-shadow: none; text-transform: none; -webkit-text-stroke-width: 0px; white-space: normal; word-spacing: 0px;\">Inkluderar 5&#8243; Straight-O set Jigg och extra upps\u00e4ttning 2&#8243; Mini-Helical-armar<\/span><\/li>\n<li><span style=\"display: inline !important; float: none; background-color: transparent; color: #0a0a0a; font-family: 'Open Sans',sans-serif; font-size: 14px; font-size-adjust: none; font-stretch: 100%; font-style: normal; font-variant: normal; font-weight: 400; letter-spacing: normal; line-height: 25.2px; orphans: 2; text-align: left; text-decoration: none; text-indent: 0px; text-shadow: none; text-transform: none; -webkit-text-stroke-width: 0px; white-space: normal; word-spacing: 0px;\">F\u00f6r alla pilmaterial och diametrar st\u00f6rre \u00e4n 20\/64 tum<\/span><\/li>\n<\/ul>\n","protected":false},"excerpt":{"rendered":"<p>F\u00e4st dina egna pilar konsekvent varje g\u00e5ng, precis som proffsen. Liten jigg: Inkluderar 2&#8243; Mini Helical-verktyg och extra upps\u00e4ttning raka offset-armar F\u00f6r alla pilmaterial och diametrar mindre \u00e4n 20\/64 tum Stor jigg: Inkluderar 5&#8243; Straight-O set Jigg och extra upps\u00e4ttning 2&#8243; Mini-Helical-armar F\u00f6r alla pilmaterial och diametrar st\u00f6rre \u00e4n 20\/64 tum<\/p>\n","protected":false},"featured_media":288839,"comment_status":"open","ping_status":"closed","template":"","meta":[],"product_brand":[],"product_cat":[2990],"product_tag":[],"class_list":{"0":"post-288838","1":"product","2":"type-product","3":"status-publish","4":"has-post-thumbnail","6":"product_cat-fjaderfastningsjiggar","8":"first","9":"instock","10":"taxable","11":"shipping-taxable","12":"purchasable","13":"product-type-variable","14":"has-default-attributes"},"composite_virtual":false,"composite_layout":"","composite_add_to_cart_form_location":"","composite_editable_in_cart":false,"composite_sold_individually_context":"","composite_shop_price_calc":"","composite_components":[],"composite_scenarios":[],"group_of_quantity":0,"min_quantity":0,"max_quantity":"","exclude_order_quantity_value_rules":"no","exclude_category_quantity_rules":"no","combine_variations":"no","exclude_global_add_ons":[],"addons":[],"_links":{"self":[{"href":"https:\/\/www.huntersfriend.eu\/sv\/wp-json\/wp\/v2\/product\/288838","targetHints":{"allow":["GET"]}}],"collection":[{"href":"https:\/\/www.huntersfriend.eu\/sv\/wp-json\/wp\/v2\/product"}],"about":[{"href":"https:\/\/www.huntersfriend.eu\/sv\/wp-json\/wp\/v2\/types\/product"}],"replies":[{"embeddable":true,"href":"https:\/\/www.huntersfriend.eu\/sv\/wp-json\/wp\/v2\/comments?post=288838"}],"wp:featuredmedia":[{"embeddable":true,"href":"https:\/\/www.huntersfriend.eu\/sv\/wp-json\/wp\/v2\/media\/288839"}],"wp:attachment":[{"href":"https:\/\/www.huntersfriend.eu\/sv\/wp-json\/wp\/v2\/media?parent=288838"}],"wp:term":[{"taxonomy":"product_brand","embeddable":true,"href":"https:\/\/www.huntersfriend.eu\/sv\/wp-json\/wp\/v2\/product_brand?post=288838"},{"taxonomy":"product_cat","embeddable":true,"href":"https:\/\/www.huntersfriend.eu\/sv\/wp-json\/wp\/v2\/product_cat?post=288838"},{"taxonomy":"product_tag","embeddable":true,"href":"https:\/\/www.huntersfriend.eu\/sv\/wp-json\/wp\/v2\/product_tag?post=288838"}],"curies":[{"name":"wp","href":"https:\/\/api.w.org\/{rel}","templated":true}]}}