{"id":288837,"date":"2018-12-21T08:24:36","date_gmt":"2018-12-21T08:24:36","guid":{"rendered":"https:\/\/www.huntersfriend.eu\/product\/fletcher-stil-tru-peep\/"},"modified":"2026-03-05T12:42:19","modified_gmt":"2026-03-05T10:42:19","slug":"fletcher-stil-tru-peep","status":"publish","type":"product","link":"https:\/\/www.huntersfriend.eu\/sv\/produkt\/fletcher-stil-tru-peep\/","title":{"rendered":"Fletcher-stil tru peep"},"content":{"rendered":"<div class=\"jsx-3661784036 description\">V\u00e4rldens favoritmodell av peep sight och v\u00e4rldens f\u00f6rsta peep sight. Fletcher Tru-Peep \u00e4r helt i aluminium med en legendarisk design som m\u00f6jligg\u00f6r ett perfekt runt, skuggat h\u00e5l vid fullt drag. Tru-Peep eliminerar behovet av utskjutande huvor och h\u00e5lls p\u00e5 plats av ett p\u00e5litligt s\u00e4kerhetssp\u00e5r. <\/div>\n<ul class=\"jsx-3661784036 bullets\">\n<li class=\"jsx-3661784036\">Ingenj\u00f6rsm\u00e4ssig design eliminerar behovet av utskjutande huvor<\/li>\n<li class=\"jsx-3661784036\">Skapar ett perfekt runt, skuggat h\u00e5l vid fullt drag<\/li>\n<li class=\"jsx-3661784036\">S\u00e4kerhetssp\u00e5ret h\u00e5ller peep:en p\u00e5 plats<\/li>\n<li class=\"jsx-3661784036\">Inga verktyg beh\u00f6vs f\u00f6r installation<\/li>\n<\/ul>\n","protected":false},"excerpt":{"rendered":"<p>V\u00e4rldens favoritmodell av peep sight och v\u00e4rldens f\u00f6rsta peep sight. Fletcher Tru-Peep \u00e4r helt i aluminium med en legendarisk design som m\u00f6jligg\u00f6r ett perfekt runt, skuggat h\u00e5l vid fullt drag. Tru-Peep eliminerar behovet av utskjutande huvor och h\u00e5lls p\u00e5 plats av ett p\u00e5litligt s\u00e4kerhetssp\u00e5r. Ingenj\u00f6rsm\u00e4ssig design eliminerar behovet av utskjutande huvor Skapar ett perfekt runt, [&#8230;]\n","protected":false},"featured_media":7558,"comment_status":"open","ping_status":"closed","template":"","meta":[],"product_brand":[],"product_cat":[2634],"product_tag":[],"class_list":{"0":"post-288837","1":"product","2":"type-product","3":"status-publish","4":"has-post-thumbnail","6":"product_cat-sikten-nockpunkter-kindpussar-och-tillbehor","8":"first","9":"outofstock","10":"taxable","11":"shipping-taxable","12":"purchasable","13":"product-type-variable"},"composite_virtual":false,"composite_layout":"","composite_add_to_cart_form_location":"","composite_editable_in_cart":false,"composite_sold_individually_context":"","composite_shop_price_calc":"","composite_components":[],"composite_scenarios":[],"group_of_quantity":0,"min_quantity":0,"max_quantity":"","exclude_order_quantity_value_rules":"no","exclude_category_quantity_rules":"no","combine_variations":"no","exclude_global_add_ons":[],"addons":[],"_links":{"self":[{"href":"https:\/\/www.huntersfriend.eu\/sv\/wp-json\/wp\/v2\/product\/288837","targetHints":{"allow":["GET"]}}],"collection":[{"href":"https:\/\/www.huntersfriend.eu\/sv\/wp-json\/wp\/v2\/product"}],"about":[{"href":"https:\/\/www.huntersfriend.eu\/sv\/wp-json\/wp\/v2\/types\/product"}],"replies":[{"embeddable":true,"href":"https:\/\/www.huntersfriend.eu\/sv\/wp-json\/wp\/v2\/comments?post=288837"}],"wp:featuredmedia":[{"embeddable":true,"href":"https:\/\/www.huntersfriend.eu\/sv\/wp-json\/wp\/v2\/media\/7558"}],"wp:attachment":[{"href":"https:\/\/www.huntersfriend.eu\/sv\/wp-json\/wp\/v2\/media?parent=288837"}],"wp:term":[{"taxonomy":"product_brand","embeddable":true,"href":"https:\/\/www.huntersfriend.eu\/sv\/wp-json\/wp\/v2\/product_brand?post=288837"},{"taxonomy":"product_cat","embeddable":true,"href":"https:\/\/www.huntersfriend.eu\/sv\/wp-json\/wp\/v2\/product_cat?post=288837"},{"taxonomy":"product_tag","embeddable":true,"href":"https:\/\/www.huntersfriend.eu\/sv\/wp-json\/wp\/v2\/product_tag?post=288837"}],"curies":[{"name":"wp","href":"https:\/\/api.w.org\/{rel}","templated":true}]}}