{"id":288829,"date":"2018-12-21T08:24:35","date_gmt":"2018-12-21T08:24:35","guid":{"rendered":"https:\/\/www.huntersfriend.eu\/product\/aae-snabbhardande-gel\/"},"modified":"2026-01-29T12:12:16","modified_gmt":"2026-01-29T10:12:16","slug":"aae-snabbhardande-gel","status":"publish","type":"product","link":"https:\/\/www.huntersfriend.eu\/sv\/produkt\/aae-snabbhardande-gel\/","title":{"rendered":"AAE snabbh\u00e4rdande gel"},"content":{"rendered":"<p>3 grams eller 9 grams tub<\/p>\n<ul>\n<li>H\u00f6g viskositet f\u00f6r enklare applicering.<\/li>\n<li>Utformad f\u00f6r att f\u00e4sta fanor, insatser och nockar p\u00e5 kolfiber- och aluminiumskaft.<\/li>\n<li>Tuben kan f\u00f6rvaras i kylsk\u00e5p n\u00e4r den inte anv\u00e4nds f\u00f6r l\u00e4ngre livsl\u00e4ngd.<\/li>\n<li>Kl\u00e4mtid \u2013 Omedelbar<\/li>\n<\/ul>\n","protected":false},"excerpt":{"rendered":"<p>3 grams eller 9 grams tub H\u00f6g viskositet f\u00f6r enklare applicering. Utformad f\u00f6r att f\u00e4sta fanor, insatser och nockar p\u00e5 kolfiber- och aluminiumskaft. Tuben kan f\u00f6rvaras i kylsk\u00e5p n\u00e4r den inte anv\u00e4nds f\u00f6r l\u00e4ngre livsl\u00e4ngd. Kl\u00e4mtid \u2013 Omedelbar<\/p>\n","protected":false},"featured_media":8117,"comment_status":"open","ping_status":"open","template":"","meta":[],"product_brand":[],"product_cat":[2988],"product_tag":[],"class_list":{"0":"post-288829","1":"product","2":"type-product","3":"status-publish","4":"has-post-thumbnail","6":"product_cat-lim-och-fastmedel","8":"first","9":"instock","10":"taxable","11":"shipping-taxable","12":"purchasable","13":"product-type-variable"},"composite_virtual":false,"composite_layout":"","composite_add_to_cart_form_location":"","composite_editable_in_cart":false,"composite_sold_individually_context":"","composite_shop_price_calc":"","composite_components":[],"composite_scenarios":[],"group_of_quantity":0,"min_quantity":0,"max_quantity":"","exclude_order_quantity_value_rules":"no","exclude_category_quantity_rules":"no","combine_variations":"no","exclude_global_add_ons":[],"addons":[],"_links":{"self":[{"href":"https:\/\/www.huntersfriend.eu\/sv\/wp-json\/wp\/v2\/product\/288829","targetHints":{"allow":["GET"]}}],"collection":[{"href":"https:\/\/www.huntersfriend.eu\/sv\/wp-json\/wp\/v2\/product"}],"about":[{"href":"https:\/\/www.huntersfriend.eu\/sv\/wp-json\/wp\/v2\/types\/product"}],"replies":[{"embeddable":true,"href":"https:\/\/www.huntersfriend.eu\/sv\/wp-json\/wp\/v2\/comments?post=288829"}],"wp:featuredmedia":[{"embeddable":true,"href":"https:\/\/www.huntersfriend.eu\/sv\/wp-json\/wp\/v2\/media\/8117"}],"wp:attachment":[{"href":"https:\/\/www.huntersfriend.eu\/sv\/wp-json\/wp\/v2\/media?parent=288829"}],"wp:term":[{"taxonomy":"product_brand","embeddable":true,"href":"https:\/\/www.huntersfriend.eu\/sv\/wp-json\/wp\/v2\/product_brand?post=288829"},{"taxonomy":"product_cat","embeddable":true,"href":"https:\/\/www.huntersfriend.eu\/sv\/wp-json\/wp\/v2\/product_cat?post=288829"},{"taxonomy":"product_tag","embeddable":true,"href":"https:\/\/www.huntersfriend.eu\/sv\/wp-json\/wp\/v2\/product_tag?post=288829"}],"curies":[{"name":"wp","href":"https:\/\/api.w.org\/{rel}","templated":true}]}}