{"id":288827,"date":"2018-11-20T08:42:43","date_gmt":"2018-11-20T06:42:43","guid":{"rendered":"https:\/\/www.huntersfriend.eu\/product\/hawk-claw-hangkrokar-2-st\/"},"modified":"2025-08-27T14:10:21","modified_gmt":"2025-08-27T12:10:21","slug":"hawk-claw-hangkrokar-2-st","status":"publish","type":"product","link":"https:\/\/www.huntersfriend.eu\/sv\/produkt\/hawk-claw-hangkrokar-2-st\/","title":{"rendered":"Hawk claw h\u00e4ngkrokar (2 st)"},"content":{"rendered":"<p><strong><em>DUBBEL SV\u00c4NGORGANISATION<\/em><br \/>\n<\/strong> Frig\u00f6r h\u00e4nderna och JAKTA SMARTARE. Dubbla klo-krokar \u00e4r robusta nog att st\u00f6dja upp till 4,5 kg utrustning och roterar tyst till den perfekta positionen. Lasta dessa superbekv\u00e4ma krokar med all din utrustning \u2013 jaktlockmedel, skallrande horn, kikare, avst\u00e5ndsm\u00e4tare etc. och njut av bekymmersfri jakt!   <\/p>\n<p><strong>&#8211; UNIVERSELL PASSFORM<\/strong> f\u00e4sts i praktiskt taget vilken vinkel som helst; sv\u00e4ngbar i valfri riktning.<\/p>\n<p><strong>&#8211; ENKEL FASTS\u00c4TTNING<\/strong> premiumremmar \u00e4r fullt justerbara f\u00f6r alla situationer<\/p>\n<p><strong>&#8211; S\u00c4KRA KROKAR<\/strong> Djup U-formad krok h\u00e5ller utrustningen s\u00e4kert<\/p>\n<ul>\n<li>4,5 kg kapacitet vardera<\/li>\n<li>H\u00e4ng enkelt fr\u00e5n ryggs\u00e4cken<\/li>\n<\/ul>\n","protected":false},"excerpt":{"rendered":"<p>DUBBEL SV\u00c4NGORGANISATION Frig\u00f6r h\u00e4nderna och JAKTA SMARTARE. Dubbla klo-krokar \u00e4r robusta nog att st\u00f6dja upp till 4,5 kg utrustning och roterar tyst till den perfekta positionen. Lasta dessa superbekv\u00e4ma krokar med all din utrustning \u2013 jaktlockmedel, skallrande horn, kikare, avst\u00e5ndsm\u00e4tare etc. och njut av bekymmersfri jakt! &#8211; UNIVERSELL PASSFORM f\u00e4sts i praktiskt taget vilken vinkel [&#8230;]\n","protected":false},"featured_media":208557,"comment_status":"open","ping_status":"closed","template":"","meta":[],"product_brand":[],"product_cat":[2563],"product_tag":[],"class_list":{"0":"post-288827","1":"product","2":"type-product","3":"status-publish","4":"has-post-thumbnail","6":"product_cat-tillbehor-for-jakt-torn-och-gomslen","8":"first","9":"instock","10":"taxable","11":"shipping-taxable","12":"purchasable","13":"product-type-simple"},"composite_virtual":false,"composite_layout":"","composite_add_to_cart_form_location":"","composite_editable_in_cart":false,"composite_sold_individually_context":"","composite_shop_price_calc":"","composite_components":[],"composite_scenarios":[],"group_of_quantity":0,"min_quantity":0,"max_quantity":"","exclude_order_quantity_value_rules":"no","exclude_category_quantity_rules":"no","combine_variations":"no","exclude_global_add_ons":[],"addons":[],"_links":{"self":[{"href":"https:\/\/www.huntersfriend.eu\/sv\/wp-json\/wp\/v2\/product\/288827","targetHints":{"allow":["GET"]}}],"collection":[{"href":"https:\/\/www.huntersfriend.eu\/sv\/wp-json\/wp\/v2\/product"}],"about":[{"href":"https:\/\/www.huntersfriend.eu\/sv\/wp-json\/wp\/v2\/types\/product"}],"replies":[{"embeddable":true,"href":"https:\/\/www.huntersfriend.eu\/sv\/wp-json\/wp\/v2\/comments?post=288827"}],"wp:featuredmedia":[{"embeddable":true,"href":"https:\/\/www.huntersfriend.eu\/sv\/wp-json\/wp\/v2\/media\/208557"}],"wp:attachment":[{"href":"https:\/\/www.huntersfriend.eu\/sv\/wp-json\/wp\/v2\/media?parent=288827"}],"wp:term":[{"taxonomy":"product_brand","embeddable":true,"href":"https:\/\/www.huntersfriend.eu\/sv\/wp-json\/wp\/v2\/product_brand?post=288827"},{"taxonomy":"product_cat","embeddable":true,"href":"https:\/\/www.huntersfriend.eu\/sv\/wp-json\/wp\/v2\/product_cat?post=288827"},{"taxonomy":"product_tag","embeddable":true,"href":"https:\/\/www.huntersfriend.eu\/sv\/wp-json\/wp\/v2\/product_tag?post=288827"}],"curies":[{"name":"wp","href":"https:\/\/api.w.org\/{rel}","templated":true}]}}