{"id":288824,"date":"2018-12-21T08:24:35","date_gmt":"2018-12-21T08:24:35","guid":{"rendered":"https:\/\/www.huntersfriend.eu\/product\/ams-retriever-pro\/"},"modified":"2026-03-25T11:06:29","modified_gmt":"2026-03-25T09:06:29","slug":"ams-retriever-pro","status":"publish","type":"product","link":"https:\/\/www.huntersfriend.eu\/sv\/produkt\/ams-retriever-pro\/","title":{"rendered":"AMS Retriever Pro"},"content":{"rendered":"<p><strong>Den b\u00e4st s\u00e4ljande rullen f\u00f6r b\u00e5gfiske genom tiderna!<\/strong><br \/>\n(EFTERSOM DEN \u00c4R H\u00c5LLBAR, P\u00c5LITLIG OCH PRESTERAR BRA)<\/p>\n<p>AMS Retriever Pro \u00e4r den ursprungliga flaskrullen f\u00f6r b\u00e5gfiske \u2013 designen som har st\u00e5tt emot tidens tand.<\/p>\n<p><strong>Inga knappar att trycka p\u00e5 f\u00f6re skottet<\/strong><br \/>\nTill skillnad fr\u00e5n andra rullar f\u00f6r b\u00e5gfiske har AMS Retriever-familjen av rullar inga knappar att trycka p\u00e5 f\u00f6re skottet och inga klumpiga spolar att linda f\u00f6r hand. Linan staplas helt enkelt i en flaska. N\u00e4r du skjuter flyger linan ut ur rullen lika snabbt som pilen kan ta den. F\u00f6r att h\u00e4mta pilen, tryck bara p\u00e5 avtryckaren och vrid p\u00e5 handtaget.   <\/p>\n<p><strong>Integrerad teleskopisk kl\u00e4mma och pilkoger<\/strong><br \/>\nSuperbekv\u00e4m justering, borttagning och pilf\u00f6rvaring!<\/p>\n<p><strong>Ultrastark konstruktion<\/strong><br \/>\nMed kraftig m\u00e4ssingsv\u00e4xel och -pinjong, aluminiumavtryckare, kompositk\u00e5pa och f\u00e4stelement i rostfritt st\u00e5l \u00e4r den h\u00e4r rullen byggd f\u00f6r att h\u00e5lla!<\/p>\n<p>Retriever Pro har den fantastiska funktionen inbyggd som b\u00e5gfiskare gillar. Starkare, l\u00e4ttare och \u00e4nnu mer korrosionsbest\u00e4ndig, och den snabbjusterade teleskopiska kl\u00e4mman g\u00f6r det enkelt att justera f\u00f6r olika h\u00e4nder, mer utrymme f\u00f6r utskjutande pilhyllor och ett snyggt nytt pilkoger f\u00f6r att f\u00f6rvara pilen n\u00e4r den inte anv\u00e4nds. <\/p>\n<p>Inkluderar monteringsdetaljer. 200# Hi Vis-lina och 2 AMS-s\u00e4kerhetsglid. <\/p>\n","protected":false},"excerpt":{"rendered":"<p>Den b\u00e4st s\u00e4ljande rullen f\u00f6r b\u00e5gfiske genom tiderna! (EFTERSOM DEN \u00c4R H\u00c5LLBAR, P\u00c5LITLIG OCH PRESTERAR BRA) AMS Retriever Pro \u00e4r den ursprungliga flaskrullen f\u00f6r b\u00e5gfiske \u2013 designen som har st\u00e5tt emot tidens tand. Inga knappar att trycka p\u00e5 f\u00f6re skottet Till skillnad fr\u00e5n andra rullar f\u00f6r b\u00e5gfiske har AMS Retriever-familjen av rullar inga knappar att [&#8230;]\n","protected":false},"featured_media":38890,"comment_status":"open","ping_status":"closed","template":"","meta":[],"product_brand":[],"product_cat":[2691],"product_tag":[],"class_list":{"0":"post-288824","1":"product","2":"type-product","3":"status-publish","4":"has-post-thumbnail","6":"product_cat-bagfiske-retrievers","8":"first","9":"outofstock","10":"taxable","11":"shipping-taxable","12":"purchasable","13":"product-type-variable"},"composite_virtual":false,"composite_layout":"","composite_add_to_cart_form_location":"","composite_editable_in_cart":false,"composite_sold_individually_context":"","composite_shop_price_calc":"","composite_components":[],"composite_scenarios":[],"group_of_quantity":0,"min_quantity":0,"max_quantity":"","exclude_order_quantity_value_rules":"no","exclude_category_quantity_rules":"no","combine_variations":"no","exclude_global_add_ons":[],"addons":[],"_links":{"self":[{"href":"https:\/\/www.huntersfriend.eu\/sv\/wp-json\/wp\/v2\/product\/288824","targetHints":{"allow":["GET"]}}],"collection":[{"href":"https:\/\/www.huntersfriend.eu\/sv\/wp-json\/wp\/v2\/product"}],"about":[{"href":"https:\/\/www.huntersfriend.eu\/sv\/wp-json\/wp\/v2\/types\/product"}],"replies":[{"embeddable":true,"href":"https:\/\/www.huntersfriend.eu\/sv\/wp-json\/wp\/v2\/comments?post=288824"}],"wp:featuredmedia":[{"embeddable":true,"href":"https:\/\/www.huntersfriend.eu\/sv\/wp-json\/wp\/v2\/media\/38890"}],"wp:attachment":[{"href":"https:\/\/www.huntersfriend.eu\/sv\/wp-json\/wp\/v2\/media?parent=288824"}],"wp:term":[{"taxonomy":"product_brand","embeddable":true,"href":"https:\/\/www.huntersfriend.eu\/sv\/wp-json\/wp\/v2\/product_brand?post=288824"},{"taxonomy":"product_cat","embeddable":true,"href":"https:\/\/www.huntersfriend.eu\/sv\/wp-json\/wp\/v2\/product_cat?post=288824"},{"taxonomy":"product_tag","embeddable":true,"href":"https:\/\/www.huntersfriend.eu\/sv\/wp-json\/wp\/v2\/product_tag?post=288824"}],"curies":[{"name":"wp","href":"https:\/\/api.w.org\/{rel}","templated":true}]}}