{"id":288823,"date":"2018-11-20T08:30:41","date_gmt":"2018-11-20T06:30:41","guid":{"rendered":"https:\/\/www.huntersfriend.eu\/product\/g5-a-s-d-flip-verktyg\/"},"modified":"2026-04-27T07:25:39","modified_gmt":"2026-04-27T05:25:39","slug":"g5-a-s-d-flip-verktyg","status":"publish","type":"product","link":"https:\/\/www.huntersfriend.eu\/sv\/produkt\/g5-a-s-d-flip-verktyg\/","title":{"rendered":"G5 a.s.d. Flip-verktyg"},"content":{"rendered":"<p>ASD Flip och ett pilvinkelverktyg utformat f\u00f6r att vinkla b\u00e5da \u00e4ndarna av pilspetsen f\u00f6r \u00f6kad precision och konsekvens p\u00e5 l\u00e5nga avst\u00e5nd. Detta \u00e4r n\u00e4sta generation av det tidigare G5 ASD-verktyget. <\/p>\n","protected":false},"excerpt":{"rendered":"<p>pilverktyg<\/p>\n","protected":false},"featured_media":211125,"comment_status":"open","ping_status":"closed","template":"","meta":[],"product_brand":[],"product_cat":[2644,2633],"product_tag":[],"class_list":{"0":"post-288823","1":"product","2":"type-product","3":"status-publish","4":"has-post-thumbnail","6":"product_cat-andra-verktyg-for-pilbygge","7":"product_cat-diverse-bagskytte","9":"first","10":"onbackorder","11":"taxable","12":"shipping-taxable","13":"purchasable","14":"product-type-simple"},"composite_virtual":false,"composite_layout":"","composite_add_to_cart_form_location":"","composite_editable_in_cart":false,"composite_sold_individually_context":"","composite_shop_price_calc":"","composite_components":[],"composite_scenarios":[],"group_of_quantity":0,"min_quantity":0,"max_quantity":"","exclude_order_quantity_value_rules":"no","exclude_category_quantity_rules":"no","combine_variations":"no","exclude_global_add_ons":[],"addons":[],"_links":{"self":[{"href":"https:\/\/www.huntersfriend.eu\/sv\/wp-json\/wp\/v2\/product\/288823","targetHints":{"allow":["GET"]}}],"collection":[{"href":"https:\/\/www.huntersfriend.eu\/sv\/wp-json\/wp\/v2\/product"}],"about":[{"href":"https:\/\/www.huntersfriend.eu\/sv\/wp-json\/wp\/v2\/types\/product"}],"replies":[{"embeddable":true,"href":"https:\/\/www.huntersfriend.eu\/sv\/wp-json\/wp\/v2\/comments?post=288823"}],"wp:featuredmedia":[{"embeddable":true,"href":"https:\/\/www.huntersfriend.eu\/sv\/wp-json\/wp\/v2\/media\/211125"}],"wp:attachment":[{"href":"https:\/\/www.huntersfriend.eu\/sv\/wp-json\/wp\/v2\/media?parent=288823"}],"wp:term":[{"taxonomy":"product_brand","embeddable":true,"href":"https:\/\/www.huntersfriend.eu\/sv\/wp-json\/wp\/v2\/product_brand?post=288823"},{"taxonomy":"product_cat","embeddable":true,"href":"https:\/\/www.huntersfriend.eu\/sv\/wp-json\/wp\/v2\/product_cat?post=288823"},{"taxonomy":"product_tag","embeddable":true,"href":"https:\/\/www.huntersfriend.eu\/sv\/wp-json\/wp\/v2\/product_tag?post=288823"}],"curies":[{"name":"wp","href":"https:\/\/api.w.org\/{rel}","templated":true}]}}