{"id":288822,"date":"2018-11-20T08:42:46","date_gmt":"2018-11-20T06:42:46","guid":{"rendered":"https:\/\/www.huntersfriend.eu\/product\/hawk-twist-lina-for-hissning\/"},"modified":"2025-08-27T14:10:17","modified_gmt":"2025-08-27T12:10:17","slug":"hawk-twist-lina-for-hissning","status":"publish","type":"product","link":"https:\/\/www.huntersfriend.eu\/sv\/produkt\/hawk-twist-lina-for-hissning\/","title":{"rendered":"Hawk Twist-lina f\u00f6r hissning"},"content":{"rendered":"","protected":false},"excerpt":{"rendered":"<p><strong>MED EN ENKEL VRIDNING!<\/strong><\/p>\n<p>Draglinan blev precis smartare. Sju och en halv meter slitstark, trasselfri platt lina kombineras med det innovativa GearTie-systemet som g\u00f6r att du enkelt kan vrida ihop din utrustning och ge dig iv\u00e4g. N\u00e4r den inte anv\u00e4nds, vik helt enkelt ihop den platta linan och s\u00e4kra med GearTie f\u00f6r problemfri, trasselfri f\u00f6rvaring. Gummif\u00f6rsedd GearTie-vridanslutning \u00e4r f\u00f6rv\u00e5nansv\u00e4rt t\u00e5lig, helt tyst och snabb att anv\u00e4nda \u2013 ett m\u00e5ste den h\u00e4r s\u00e4songen. GearTie \u00e4r en \u00e5teranv\u00e4ndbar Twist Tie som klarar 18 kg.    <\/p>\n","protected":false},"featured_media":208431,"comment_status":"open","ping_status":"closed","template":"","meta":[],"product_brand":[],"product_cat":[2563],"product_tag":[],"class_list":{"0":"post-288822","1":"product","2":"type-product","3":"status-publish","4":"has-post-thumbnail","6":"product_cat-tillbehor-for-jakt-torn-och-gomslen","8":"first","9":"instock","10":"taxable","11":"shipping-taxable","12":"purchasable","13":"product-type-simple"},"composite_virtual":false,"composite_layout":"","composite_add_to_cart_form_location":"","composite_editable_in_cart":false,"composite_sold_individually_context":"","composite_shop_price_calc":"","composite_components":[],"composite_scenarios":[],"group_of_quantity":0,"min_quantity":0,"max_quantity":"","exclude_order_quantity_value_rules":"no","exclude_category_quantity_rules":"no","combine_variations":"no","exclude_global_add_ons":[],"addons":[],"_links":{"self":[{"href":"https:\/\/www.huntersfriend.eu\/sv\/wp-json\/wp\/v2\/product\/288822","targetHints":{"allow":["GET"]}}],"collection":[{"href":"https:\/\/www.huntersfriend.eu\/sv\/wp-json\/wp\/v2\/product"}],"about":[{"href":"https:\/\/www.huntersfriend.eu\/sv\/wp-json\/wp\/v2\/types\/product"}],"replies":[{"embeddable":true,"href":"https:\/\/www.huntersfriend.eu\/sv\/wp-json\/wp\/v2\/comments?post=288822"}],"wp:featuredmedia":[{"embeddable":true,"href":"https:\/\/www.huntersfriend.eu\/sv\/wp-json\/wp\/v2\/media\/208431"}],"wp:attachment":[{"href":"https:\/\/www.huntersfriend.eu\/sv\/wp-json\/wp\/v2\/media?parent=288822"}],"wp:term":[{"taxonomy":"product_brand","embeddable":true,"href":"https:\/\/www.huntersfriend.eu\/sv\/wp-json\/wp\/v2\/product_brand?post=288822"},{"taxonomy":"product_cat","embeddable":true,"href":"https:\/\/www.huntersfriend.eu\/sv\/wp-json\/wp\/v2\/product_cat?post=288822"},{"taxonomy":"product_tag","embeddable":true,"href":"https:\/\/www.huntersfriend.eu\/sv\/wp-json\/wp\/v2\/product_tag?post=288822"}],"curies":[{"name":"wp","href":"https:\/\/api.w.org\/{rel}","templated":true}]}}