{"id":288821,"date":"2018-11-20T08:30:12","date_gmt":"2018-11-20T06:30:12","guid":{"rendered":"https:\/\/www.huntersfriend.eu\/product\/rack-one-boost-73-vanilla-attractant\/"},"modified":"2025-08-27T14:10:15","modified_gmt":"2025-08-27T12:10:15","slug":"rack-one-boost-73-vanilla-attractant","status":"publish","type":"product","link":"https:\/\/www.huntersfriend.eu\/sv\/produkt\/rack-one-boost-73-vanilla-attractant\/","title":{"rendered":"Rack One boost 73 vanilla attractant"},"content":{"rendered":"<p><em>Om produkten \u00e4r sluts\u00e5ld f\u00e5r vi in fler med container till v\u00e5ren.<\/em><\/p>\n<p>\u00d6ka f\u00f6rdelarna med befintliga matk\u00e4llor med Tink&#8217;s Boost 73 flytande lockmedel. Kraftfulla smaker lockar och h\u00e5ller kvar hjortar p\u00e5 en plats, medan 60 olika mineraler fr\u00e4mjar f\u00f6rb\u00e4ttrad hornv\u00e4xt. Naturliga enzymer st\u00f6djer matsm\u00e4ltningen. Finns i en m\u00e4ngd olika smaker f\u00f6r att passa alla milj\u00f6er.   <\/p>\n<p>H\u00e4ll det p\u00e5 marken, p\u00e5 stubbar, stenar, d\u00f6da tr\u00e4d och se bara hur viltet rusar in f\u00f6r att smaka. Lukten b\u00e4r \u00f6ver skogen som ingen annan. <\/p>\n<p>Flaskvikt: 2,17 kg<\/p>\n","protected":false},"excerpt":{"rendered":"<p>Om produkten \u00e4r sluts\u00e5ld f\u00e5r vi in fler med container till v\u00e5ren. \u00d6ka f\u00f6rdelarna med befintliga matk\u00e4llor med Tink&#8217;s Boost 73 flytande lockmedel. Kraftfulla smaker lockar och h\u00e5ller kvar hjortar p\u00e5 en plats, medan 60 olika mineraler fr\u00e4mjar f\u00f6rb\u00e4ttrad hornv\u00e4xt. Naturliga enzymer st\u00f6djer matsm\u00e4ltningen. Finns i en m\u00e4ngd olika smaker f\u00f6r att passa alla milj\u00f6er. [&#8230;]\n","protected":false},"featured_media":223363,"comment_status":"open","ping_status":"closed","template":"","meta":[],"product_brand":[],"product_cat":[878],"product_tag":[],"class_list":{"0":"post-288821","1":"product","2":"type-product","3":"status-publish","4":"has-post-thumbnail","6":"product_cat-uncategorized-sv","8":"first","9":"outofstock","10":"taxable","11":"shipping-taxable","12":"purchasable","13":"product-type-simple"},"composite_virtual":false,"composite_layout":"","composite_add_to_cart_form_location":"","composite_editable_in_cart":false,"composite_sold_individually_context":"","composite_shop_price_calc":"","composite_components":[],"composite_scenarios":[],"group_of_quantity":0,"min_quantity":0,"max_quantity":"","exclude_order_quantity_value_rules":"no","exclude_category_quantity_rules":"no","combine_variations":"no","exclude_global_add_ons":[],"addons":[],"_links":{"self":[{"href":"https:\/\/www.huntersfriend.eu\/sv\/wp-json\/wp\/v2\/product\/288821","targetHints":{"allow":["GET"]}}],"collection":[{"href":"https:\/\/www.huntersfriend.eu\/sv\/wp-json\/wp\/v2\/product"}],"about":[{"href":"https:\/\/www.huntersfriend.eu\/sv\/wp-json\/wp\/v2\/types\/product"}],"replies":[{"embeddable":true,"href":"https:\/\/www.huntersfriend.eu\/sv\/wp-json\/wp\/v2\/comments?post=288821"}],"wp:featuredmedia":[{"embeddable":true,"href":"https:\/\/www.huntersfriend.eu\/sv\/wp-json\/wp\/v2\/media\/223363"}],"wp:attachment":[{"href":"https:\/\/www.huntersfriend.eu\/sv\/wp-json\/wp\/v2\/media?parent=288821"}],"wp:term":[{"taxonomy":"product_brand","embeddable":true,"href":"https:\/\/www.huntersfriend.eu\/sv\/wp-json\/wp\/v2\/product_brand?post=288821"},{"taxonomy":"product_cat","embeddable":true,"href":"https:\/\/www.huntersfriend.eu\/sv\/wp-json\/wp\/v2\/product_cat?post=288821"},{"taxonomy":"product_tag","embeddable":true,"href":"https:\/\/www.huntersfriend.eu\/sv\/wp-json\/wp\/v2\/product_tag?post=288821"}],"curies":[{"name":"wp","href":"https:\/\/api.w.org\/{rel}","templated":true}]}}