{"id":288820,"date":"2018-11-20T08:42:45","date_gmt":"2018-11-20T06:42:45","guid":{"rendered":"https:\/\/www.huntersfriend.eu\/product\/hok-kake-krok-hisslina\/"},"modified":"2025-08-27T14:10:15","modified_gmt":"2025-08-27T12:10:15","slug":"hok-kake-krok-hisslina","status":"publish","type":"product","link":"https:\/\/www.huntersfriend.eu\/sv\/produkt\/hok-kake-krok-hisslina\/","title":{"rendered":"H\u00f6k k\u00e4ke krok hisslina"},"content":{"rendered":"<p><strong>INGET KLIPS \u2013 PROBLEMFRITT REP<\/strong><\/p>\n<p><strong>&#8211; L\u00c4TT ATT F\u00c4STA K\u00c4KKROK <\/strong>anv\u00e4nds p\u00e5 b\u00e5glem, ryggs\u00e4ckar &amp; mycket mer<\/p>\n<p><strong>&#8211; REFLEKTERANDE REP <\/strong>synlighet i svagt ljus<\/p>\n<p><strong>&#8211; GUMMIBELAGD KROK<\/strong> stor tyst &amp; l\u00e4tt att anv\u00e4nda<\/p>\n<p><strong>&#8211; V\u00c4DERBEST\u00c4NDIGT<\/strong> kraftigt fl\u00e4tat polyrep<\/p>\n<ul>\n<li>75 LBS viktkapacitet<\/li>\n<li>35 fots l\u00e4ngd<\/li>\n<\/ul>\n<p>Ofta \u00e4r enkla produkter b\u00e4st. JAW HOOK-hisslinan \u00e4r inget undantag. Stark, enkel och tyst. Den gummibelagda JAW-kroken \u00e4r utformad f\u00f6r att tyst haka fast p\u00e5 de flesta vapen och utrustning som anv\u00e4nds i ett tr\u00e4dstativ utan att beh\u00f6va kr\u00e5ngla med sm\u00e5 kl\u00e4mmor eller karbinhakar med jakt handskar p\u00e5! Unik JAW triangul\u00e4r form f\u00f6rblir s\u00e4kert fastkrokad p\u00e5 utrustningen tills du tar bort den. Reflekterande fl\u00e4tat rep och reflekterande remsa p\u00e5 kroken g\u00f6r det enkelt att hitta och anv\u00e4nda i m\u00f6rkret.     <\/p>\n","protected":false},"excerpt":{"rendered":"<p>INGET KLIPS \u2013 PROBLEMFRITT REP &#8211; L\u00c4TT ATT F\u00c4STA K\u00c4KKROK anv\u00e4nds p\u00e5 b\u00e5glem, ryggs\u00e4ckar &amp; mycket mer &#8211; REFLEKTERANDE REP synlighet i svagt ljus &#8211; GUMMIBELAGD KROK stor tyst &amp; l\u00e4tt att anv\u00e4nda &#8211; V\u00c4DERBEST\u00c4NDIGT kraftigt fl\u00e4tat polyrep 75 LBS viktkapacitet 35 fots l\u00e4ngd Ofta \u00e4r enkla produkter b\u00e4st. JAW HOOK-hisslinan \u00e4r inget undantag. Stark, [&#8230;]\n","protected":false},"featured_media":221837,"comment_status":"open","ping_status":"closed","template":"","meta":[],"product_brand":[],"product_cat":[2563],"product_tag":[],"class_list":{"0":"post-288820","1":"product","2":"type-product","3":"status-publish","4":"has-post-thumbnail","6":"product_cat-tillbehor-for-jakt-torn-och-gomslen","8":"first","9":"instock","10":"taxable","11":"shipping-taxable","12":"purchasable","13":"product-type-simple"},"composite_virtual":false,"composite_layout":"","composite_add_to_cart_form_location":"","composite_editable_in_cart":false,"composite_sold_individually_context":"","composite_shop_price_calc":"","composite_components":[],"composite_scenarios":[],"group_of_quantity":0,"min_quantity":0,"max_quantity":"","exclude_order_quantity_value_rules":"no","exclude_category_quantity_rules":"no","combine_variations":"no","exclude_global_add_ons":[],"addons":[],"_links":{"self":[{"href":"https:\/\/www.huntersfriend.eu\/sv\/wp-json\/wp\/v2\/product\/288820","targetHints":{"allow":["GET"]}}],"collection":[{"href":"https:\/\/www.huntersfriend.eu\/sv\/wp-json\/wp\/v2\/product"}],"about":[{"href":"https:\/\/www.huntersfriend.eu\/sv\/wp-json\/wp\/v2\/types\/product"}],"replies":[{"embeddable":true,"href":"https:\/\/www.huntersfriend.eu\/sv\/wp-json\/wp\/v2\/comments?post=288820"}],"wp:featuredmedia":[{"embeddable":true,"href":"https:\/\/www.huntersfriend.eu\/sv\/wp-json\/wp\/v2\/media\/221837"}],"wp:attachment":[{"href":"https:\/\/www.huntersfriend.eu\/sv\/wp-json\/wp\/v2\/media?parent=288820"}],"wp:term":[{"taxonomy":"product_brand","embeddable":true,"href":"https:\/\/www.huntersfriend.eu\/sv\/wp-json\/wp\/v2\/product_brand?post=288820"},{"taxonomy":"product_cat","embeddable":true,"href":"https:\/\/www.huntersfriend.eu\/sv\/wp-json\/wp\/v2\/product_cat?post=288820"},{"taxonomy":"product_tag","embeddable":true,"href":"https:\/\/www.huntersfriend.eu\/sv\/wp-json\/wp\/v2\/product_tag?post=288820"}],"curies":[{"name":"wp","href":"https:\/\/api.w.org\/{rel}","templated":true}]}}