{"id":288819,"date":"2018-11-20T06:42:29","date_gmt":"2018-11-20T04:42:29","guid":{"rendered":"https:\/\/www.huntersfriend.eu\/product\/hawk-utdragbar-bagarm\/"},"modified":"2025-08-27T14:10:14","modified_gmt":"2025-08-27T12:10:14","slug":"hawk-utdragbar-bagarm","status":"publish","type":"product","link":"https:\/\/www.huntersfriend.eu\/sv\/produkt\/hawk-utdragbar-bagarm\/","title":{"rendered":"Hawk utdragbar b\u00e5garm"},"content":{"rendered":"<p><b><span style=\"color: #979a9b; font-family: Arial;\">STR\u00c4CKER SIG F\u00d6RBI DIN SIDA<br \/>\n<\/span><\/b>Vi har tagit v\u00e5r popul\u00e4raste tr\u00e4darm och gjort den starkare och mer m\u00e5ngsidig. MEGA Xtendible \u00e4r endast 30 cm n\u00e4r den \u00e4r hopf\u00e4lld, men str\u00e4cker sig upp till 65 cm f\u00f6r att n\u00e5 l\u00e4ngre och placera vapnet i tr\u00e4det. Tillverkad av flygplansklassat aluminium f\u00f6r l\u00e4tt b\u00e4rbarhet och inkluderar v\u00e5r exklusiva Anti-Spin TreeCam f\u00f6r bergfast prestanda. Dubbla Silent-Grip roterande krokar \u00e4r perfekta f\u00f6r att h\u00e4nga upp armborst eller extra utrustning vid din sida. Vassa Auger-Tip-g\u00e4ngor skruvas enkelt in i vilket tr\u00e4d som helst.    <\/p>\n","protected":false},"excerpt":{"rendered":"<p>STR\u00c4CKER SIG F\u00d6RBI DIN SIDA Vi har tagit v\u00e5r popul\u00e4raste tr\u00e4darm och gjort den starkare och mer m\u00e5ngsidig. MEGA Xtendible \u00e4r endast 30 cm n\u00e4r den \u00e4r hopf\u00e4lld, men str\u00e4cker sig upp till 65 cm f\u00f6r att n\u00e5 l\u00e4ngre och placera vapnet i tr\u00e4det. Tillverkad av flygplansklassat aluminium f\u00f6r l\u00e4tt b\u00e4rbarhet och inkluderar v\u00e5r exklusiva [&#8230;]\n","protected":false},"featured_media":210701,"comment_status":"open","ping_status":"closed","template":"","meta":[],"product_brand":[],"product_cat":[2563],"product_tag":[],"class_list":{"0":"post-288819","1":"product","2":"type-product","3":"status-publish","4":"has-post-thumbnail","6":"product_cat-tillbehor-for-jakt-torn-och-gomslen","8":"first","9":"outofstock","10":"taxable","11":"shipping-taxable","12":"purchasable","13":"product-type-simple"},"composite_virtual":false,"composite_layout":"","composite_add_to_cart_form_location":"","composite_editable_in_cart":false,"composite_sold_individually_context":"","composite_shop_price_calc":"","composite_components":[],"composite_scenarios":[],"group_of_quantity":0,"min_quantity":0,"max_quantity":"","exclude_order_quantity_value_rules":"no","exclude_category_quantity_rules":"no","combine_variations":"no","exclude_global_add_ons":[],"addons":[],"_links":{"self":[{"href":"https:\/\/www.huntersfriend.eu\/sv\/wp-json\/wp\/v2\/product\/288819","targetHints":{"allow":["GET"]}}],"collection":[{"href":"https:\/\/www.huntersfriend.eu\/sv\/wp-json\/wp\/v2\/product"}],"about":[{"href":"https:\/\/www.huntersfriend.eu\/sv\/wp-json\/wp\/v2\/types\/product"}],"replies":[{"embeddable":true,"href":"https:\/\/www.huntersfriend.eu\/sv\/wp-json\/wp\/v2\/comments?post=288819"}],"wp:featuredmedia":[{"embeddable":true,"href":"https:\/\/www.huntersfriend.eu\/sv\/wp-json\/wp\/v2\/media\/210701"}],"wp:attachment":[{"href":"https:\/\/www.huntersfriend.eu\/sv\/wp-json\/wp\/v2\/media?parent=288819"}],"wp:term":[{"taxonomy":"product_brand","embeddable":true,"href":"https:\/\/www.huntersfriend.eu\/sv\/wp-json\/wp\/v2\/product_brand?post=288819"},{"taxonomy":"product_cat","embeddable":true,"href":"https:\/\/www.huntersfriend.eu\/sv\/wp-json\/wp\/v2\/product_cat?post=288819"},{"taxonomy":"product_tag","embeddable":true,"href":"https:\/\/www.huntersfriend.eu\/sv\/wp-json\/wp\/v2\/product_tag?post=288819"}],"curies":[{"name":"wp","href":"https:\/\/api.w.org\/{rel}","templated":true}]}}