{"id":288816,"date":"2018-11-19T14:22:41","date_gmt":"2018-11-19T12:22:41","guid":{"rendered":"https:\/\/www.huntersfriend.eu\/product\/hot-shot-vapor-hand-release\/"},"modified":"2025-08-27T14:10:09","modified_gmt":"2025-08-27T12:10:09","slug":"hot-shot-vapor-hand-release","status":"publish","type":"product","link":"https:\/\/www.huntersfriend.eu\/sv\/produkt\/hot-shot-vapor-hand-release\/","title":{"rendered":"Hot shot vapor hand release"},"content":{"rendered":"<p>Hot Shot Vapor \u00e4r en tumutl\u00f6sare designad f\u00f6r jakt, men den passar \u00e4ven bra p\u00e5 3D-banan. <span title=\"\">F\u00f6rmodligen g\u00f6rs de mest precisa skotten med tumutl\u00f6sare. <\/span><span title=\"\">M\u00e5nga som har provat tumutl\u00f6sare \u00e5terg\u00e5r aldrig till utl\u00f6sare med pekfinger.<\/span> <span title=\"\">Hotshot \u00e4r en kvalitetsutl\u00f6sare till ett bra pris!<\/span><\/p>\n","protected":false},"excerpt":{"rendered":"<p>3 eller 4 fingrar<\/p>\n","protected":false},"featured_media":210912,"comment_status":"open","ping_status":"closed","template":"","meta":[],"product_brand":[],"product_cat":[878],"product_tag":[],"class_list":{"0":"post-288816","1":"product","2":"type-product","3":"status-publish","4":"has-post-thumbnail","6":"product_cat-uncategorized-sv","8":"first","9":"instock","10":"taxable","11":"shipping-taxable","12":"product-type-simple"},"composite_virtual":false,"composite_layout":"","composite_add_to_cart_form_location":"","composite_editable_in_cart":false,"composite_sold_individually_context":"","composite_shop_price_calc":"","composite_components":[],"composite_scenarios":[],"group_of_quantity":0,"min_quantity":0,"max_quantity":"","exclude_order_quantity_value_rules":"no","exclude_category_quantity_rules":"no","combine_variations":"no","exclude_global_add_ons":[],"addons":[],"_links":{"self":[{"href":"https:\/\/www.huntersfriend.eu\/sv\/wp-json\/wp\/v2\/product\/288816","targetHints":{"allow":["GET"]}}],"collection":[{"href":"https:\/\/www.huntersfriend.eu\/sv\/wp-json\/wp\/v2\/product"}],"about":[{"href":"https:\/\/www.huntersfriend.eu\/sv\/wp-json\/wp\/v2\/types\/product"}],"replies":[{"embeddable":true,"href":"https:\/\/www.huntersfriend.eu\/sv\/wp-json\/wp\/v2\/comments?post=288816"}],"wp:featuredmedia":[{"embeddable":true,"href":"https:\/\/www.huntersfriend.eu\/sv\/wp-json\/wp\/v2\/media\/210912"}],"wp:attachment":[{"href":"https:\/\/www.huntersfriend.eu\/sv\/wp-json\/wp\/v2\/media?parent=288816"}],"wp:term":[{"taxonomy":"product_brand","embeddable":true,"href":"https:\/\/www.huntersfriend.eu\/sv\/wp-json\/wp\/v2\/product_brand?post=288816"},{"taxonomy":"product_cat","embeddable":true,"href":"https:\/\/www.huntersfriend.eu\/sv\/wp-json\/wp\/v2\/product_cat?post=288816"},{"taxonomy":"product_tag","embeddable":true,"href":"https:\/\/www.huntersfriend.eu\/sv\/wp-json\/wp\/v2\/product_tag?post=288816"}],"curies":[{"name":"wp","href":"https:\/\/api.w.org\/{rel}","templated":true}]}}