{"id":288815,"date":"2018-11-19T14:22:47","date_gmt":"2018-11-19T12:22:47","guid":{"rendered":"https:\/\/www.huntersfriend.eu\/product\/iq-micro-sikte-rh-5-pin\/"},"modified":"2026-05-01T08:19:59","modified_gmt":"2026-05-01T06:19:59","slug":"iq-micro-sikte-rh-5-pin","status":"publish","type":"product","link":"https:\/\/www.huntersfriend.eu\/sv\/produkt\/iq-micro-sikte-rh-5-pin\/","title":{"rendered":"IQ micro sikte RH 5 Pin"},"content":{"rendered":"<p><strong>IQ MICRO BOWSIGHT<\/strong> har RETINA LOCK TECHNOLOGY som ger omedelbar \u00e5terkoppling som identifierar \u00e4ven den minsta vridning eller ankarpunktf\u00f6r\u00e4ndring som kan p\u00e5verka din precision p\u00e5 l\u00e5nga avst\u00e5nd. Mikrojusteringsrattar m\u00f6jligg\u00f6r snabb och enkel justering av h\u00f6jd och vindavdrift till exakta positioner. Dubbla monteringspositioner ger dig m\u00f6jlighet att montera ditt sikte efter din egen individuella skjutstil. Verktygsfria l\u00e5srattar g\u00f6r att du kan l\u00e5sa dina vind- och h\u00f6jdpositioner p\u00e5 plats utan att anv\u00e4nda n\u00e5gra verktyg.   <\/p>\n<h3><strong>Funktioner:<\/strong><\/h3>\n<ul>\n<li>Retina Lock-teknik<\/li>\n<li>Mikrojusteringsrattar f\u00f6r vindavdrift och h\u00f6jd<\/li>\n<li>Stack Tight-stift<\/li>\n<li>Inbyggt vattenpass<\/li>\n<li>Verktygsfria l\u00e5srattar<\/li>\n<li>Justerbar 2:a axel<\/li>\n<li>Rheostat-siktljus (s\u00e4ljs separat)<\/li>\n<li>.019 fiberoptiska stift<\/li>\n<li>V\u00e4ger 210 g.<\/li>\n<\/ul>\n","protected":false},"excerpt":{"rendered":"<p>5 pin, endast RH<\/p>\n","protected":false},"featured_media":210927,"comment_status":"open","ping_status":"closed","template":"","meta":[],"product_brand":[],"product_cat":[878],"product_tag":[],"class_list":{"0":"post-288815","1":"product","2":"type-product","3":"status-publish","4":"has-post-thumbnail","6":"product_cat-uncategorized-sv","8":"first","9":"outofstock","10":"sale","11":"taxable","12":"shipping-taxable","13":"purchasable","14":"product-type-simple"},"composite_virtual":false,"composite_layout":"","composite_add_to_cart_form_location":"","composite_editable_in_cart":false,"composite_sold_individually_context":"","composite_shop_price_calc":"","composite_components":[],"composite_scenarios":[],"group_of_quantity":0,"min_quantity":0,"max_quantity":"","exclude_order_quantity_value_rules":"no","exclude_category_quantity_rules":"no","combine_variations":"no","exclude_global_add_ons":[],"addons":[],"_links":{"self":[{"href":"https:\/\/www.huntersfriend.eu\/sv\/wp-json\/wp\/v2\/product\/288815","targetHints":{"allow":["GET"]}}],"collection":[{"href":"https:\/\/www.huntersfriend.eu\/sv\/wp-json\/wp\/v2\/product"}],"about":[{"href":"https:\/\/www.huntersfriend.eu\/sv\/wp-json\/wp\/v2\/types\/product"}],"replies":[{"embeddable":true,"href":"https:\/\/www.huntersfriend.eu\/sv\/wp-json\/wp\/v2\/comments?post=288815"}],"wp:featuredmedia":[{"embeddable":true,"href":"https:\/\/www.huntersfriend.eu\/sv\/wp-json\/wp\/v2\/media\/210927"}],"wp:attachment":[{"href":"https:\/\/www.huntersfriend.eu\/sv\/wp-json\/wp\/v2\/media?parent=288815"}],"wp:term":[{"taxonomy":"product_brand","embeddable":true,"href":"https:\/\/www.huntersfriend.eu\/sv\/wp-json\/wp\/v2\/product_brand?post=288815"},{"taxonomy":"product_cat","embeddable":true,"href":"https:\/\/www.huntersfriend.eu\/sv\/wp-json\/wp\/v2\/product_cat?post=288815"},{"taxonomy":"product_tag","embeddable":true,"href":"https:\/\/www.huntersfriend.eu\/sv\/wp-json\/wp\/v2\/product_tag?post=288815"}],"curies":[{"name":"wp","href":"https:\/\/api.w.org\/{rel}","templated":true}]}}