{"id":288810,"date":"2018-11-19T14:22:29","date_gmt":"2018-11-19T12:22:29","guid":{"rendered":"https:\/\/www.huntersfriend.eu\/product\/muzzy-3-bladiga-jaktspetsar\/"},"modified":"2025-09-17T13:10:25","modified_gmt":"2025-09-17T11:10:25","slug":"muzzy-3-bladiga-jaktspetsar","status":"publish","type":"product","link":"https:\/\/www.huntersfriend.eu\/sv\/produkt\/muzzy-3-bladiga-jaktspetsar\/","title":{"rendered":"Muzzy 3-bladiga jaktspetsar"},"content":{"rendered":"<p>Muzzy 3-bladiga jaktspets har ett patenterat 3-v\u00e4gs bladl\u00e5sningssystem med blad i rostfritt st\u00e5l. Har en sk\u00e4rdiameter p\u00e5 1-3\/16&#8243;, en bladtjocklek p\u00e5 0,020&#8243; och benkrossande trocarspetsar. F\u00f6rpackning med sex.  <\/p>\n","protected":false},"excerpt":{"rendered":"<p>6 st\/f\u00f6rpackning<\/p>\n","protected":false},"featured_media":37939,"comment_status":"open","ping_status":"closed","template":"","meta":[],"product_brand":[],"product_cat":[2647,2765],"product_tag":[],"class_list":{"0":"post-288810","1":"product","2":"type-product","3":"status-publish","4":"has-post-thumbnail","6":"product_cat-broadheads-jakt","7":"product_cat-fyndlada-slutrea","9":"first","10":"instock","11":"sale","12":"taxable","13":"shipping-taxable","14":"purchasable","15":"product-type-variable"},"composite_virtual":false,"composite_layout":"","composite_add_to_cart_form_location":"","composite_editable_in_cart":false,"composite_sold_individually_context":"","composite_shop_price_calc":"","composite_components":[],"composite_scenarios":[],"group_of_quantity":0,"min_quantity":0,"max_quantity":"","exclude_order_quantity_value_rules":"no","exclude_category_quantity_rules":"no","combine_variations":"no","exclude_global_add_ons":[],"addons":[],"_links":{"self":[{"href":"https:\/\/www.huntersfriend.eu\/sv\/wp-json\/wp\/v2\/product\/288810","targetHints":{"allow":["GET"]}}],"collection":[{"href":"https:\/\/www.huntersfriend.eu\/sv\/wp-json\/wp\/v2\/product"}],"about":[{"href":"https:\/\/www.huntersfriend.eu\/sv\/wp-json\/wp\/v2\/types\/product"}],"replies":[{"embeddable":true,"href":"https:\/\/www.huntersfriend.eu\/sv\/wp-json\/wp\/v2\/comments?post=288810"}],"wp:featuredmedia":[{"embeddable":true,"href":"https:\/\/www.huntersfriend.eu\/sv\/wp-json\/wp\/v2\/media\/37939"}],"wp:attachment":[{"href":"https:\/\/www.huntersfriend.eu\/sv\/wp-json\/wp\/v2\/media?parent=288810"}],"wp:term":[{"taxonomy":"product_brand","embeddable":true,"href":"https:\/\/www.huntersfriend.eu\/sv\/wp-json\/wp\/v2\/product_brand?post=288810"},{"taxonomy":"product_cat","embeddable":true,"href":"https:\/\/www.huntersfriend.eu\/sv\/wp-json\/wp\/v2\/product_cat?post=288810"},{"taxonomy":"product_tag","embeddable":true,"href":"https:\/\/www.huntersfriend.eu\/sv\/wp-json\/wp\/v2\/product_tag?post=288810"}],"curies":[{"name":"wp","href":"https:\/\/api.w.org\/{rel}","templated":true}]}}