{"id":288809,"date":"2018-11-19T14:22:44","date_gmt":"2018-11-19T12:22:44","guid":{"rendered":"https:\/\/www.huntersfriend.eu\/product\/truglo-side-lock-nitrus-release-med-boa\/"},"modified":"2025-08-27T14:10:01","modified_gmt":"2025-08-27T12:10:01","slug":"truglo-side-lock-nitrus-release-med-boa","status":"publish","type":"product","link":"https:\/\/www.huntersfriend.eu\/sv\/produkt\/truglo-side-lock-nitrus-release-med-boa\/","title":{"rendered":"Truglo Side-lock Nitrus-release med BOA"},"content":{"rendered":"<ul>\n<li>BOA-rem ing\u00e5r f\u00f6r justerbarhet och l\u00e5ngvarig komfort<\/li>\n<li>Tyst, snabb och exakt<\/li>\n<li>Banbrytande design med dubbla k\u00e4ftar i rostfritt st\u00e5l<\/li>\n<li>Ultratryck, mikrojusterbar avtryckare med en skarp k\u00e4nsla<\/li>\n<li>Inget o\u00f6nskat avtryckarr\u00f6relse<\/li>\n<li>Str\u00f6mlinjeformad k\u00e4ftdesign f\u00f6r snabb och enkel laddning \u2013 perfekt f\u00f6r str\u00e4ng\u00f6glor<\/li>\n<li>Precisionsk\u00e4ftar i rostfritt st\u00e5l som inte slits<\/li>\n<li>Avfyringsmekanism i rostfritt st\u00e5l f\u00f6r \u00f6kad h\u00e5llbarhet och repeterbarhet<\/li>\n<li>Avtryckarens fr\u00e4mre position m\u00f6jligg\u00f6r snabbare pilhastigheter<\/li>\n<li>Ergonomisk hand- och fingerposition<\/li>\n<li>360-graders roterande huvud eliminerar str\u00e4ngvridning<\/li>\n<\/ul>\n","protected":false},"excerpt":{"rendered":"<p>Camo med BOA-rem<\/p>\n","protected":false},"featured_media":244340,"comment_status":"open","ping_status":"closed","template":"","meta":[],"product_brand":[],"product_cat":[2680],"product_tag":[],"class_list":{"0":"post-288809","1":"product","2":"type-product","3":"status-publish","4":"has-post-thumbnail","6":"product_cat-handledsutlosare","8":"first","9":"instock","10":"taxable","11":"shipping-taxable","12":"purchasable","13":"product-type-simple"},"composite_virtual":false,"composite_layout":"","composite_add_to_cart_form_location":"","composite_editable_in_cart":false,"composite_sold_individually_context":"","composite_shop_price_calc":"","composite_components":[],"composite_scenarios":[],"group_of_quantity":0,"min_quantity":0,"max_quantity":"","exclude_order_quantity_value_rules":"no","exclude_category_quantity_rules":"no","combine_variations":"no","exclude_global_add_ons":[],"addons":[],"_links":{"self":[{"href":"https:\/\/www.huntersfriend.eu\/sv\/wp-json\/wp\/v2\/product\/288809","targetHints":{"allow":["GET"]}}],"collection":[{"href":"https:\/\/www.huntersfriend.eu\/sv\/wp-json\/wp\/v2\/product"}],"about":[{"href":"https:\/\/www.huntersfriend.eu\/sv\/wp-json\/wp\/v2\/types\/product"}],"replies":[{"embeddable":true,"href":"https:\/\/www.huntersfriend.eu\/sv\/wp-json\/wp\/v2\/comments?post=288809"}],"wp:featuredmedia":[{"embeddable":true,"href":"https:\/\/www.huntersfriend.eu\/sv\/wp-json\/wp\/v2\/media\/244340"}],"wp:attachment":[{"href":"https:\/\/www.huntersfriend.eu\/sv\/wp-json\/wp\/v2\/media?parent=288809"}],"wp:term":[{"taxonomy":"product_brand","embeddable":true,"href":"https:\/\/www.huntersfriend.eu\/sv\/wp-json\/wp\/v2\/product_brand?post=288809"},{"taxonomy":"product_cat","embeddable":true,"href":"https:\/\/www.huntersfriend.eu\/sv\/wp-json\/wp\/v2\/product_cat?post=288809"},{"taxonomy":"product_tag","embeddable":true,"href":"https:\/\/www.huntersfriend.eu\/sv\/wp-json\/wp\/v2\/product_tag?post=288809"}],"curies":[{"name":"wp","href":"https:\/\/api.w.org\/{rel}","templated":true}]}}