{"id":288808,"date":"2018-11-19T14:22:43","date_gmt":"2018-11-19T12:22:43","guid":{"rendered":"https:\/\/www.huntersfriend.eu\/product\/truglo-speed-shot-xs-release\/"},"modified":"2025-08-27T14:09:58","modified_gmt":"2025-08-27T12:09:58","slug":"truglo-speed-shot-xs-release","status":"publish","type":"product","link":"https:\/\/www.huntersfriend.eu\/sv\/produkt\/truglo-speed-shot-xs-release\/","title":{"rendered":"Truglo Speed Shot XS-release"},"content":{"rendered":"<ul>\n<li style=\"list-style-type: none\">\n<ul>\n<li>Bekv\u00e4m remdesign<\/li>\n<li>Vridmomentfri 360-graders roterande huvud<\/li>\n<li>Synkroniserad, kompakt design med dubbla k\u00e4ftar f\u00f6r smidig avtryckarr\u00f6relse<\/li>\n<li>Kompakt design med dubbla k\u00e4ftar, perfekt f\u00f6r string loops<\/li>\n<li>Precisionsk\u00e4kar som inte slits<\/li>\n<li>\u00d6ver 2,5 cm l\u00e4ngdjustering<\/li>\n<li>Fem f\u00e4rgmatchande skydd ing\u00e5r<\/li>\n<li>F\u00e4lttestad f\u00f6r problemfritt skytte<\/li>\n<li>V\u00e4lj bland 5 f\u00e4rgmatchande skydd f\u00f6r att anpassa ditt pilb\u00e5gsst\u00f6d<\/li>\n<\/ul>\n<\/li>\n<\/ul>\n<p><img decoding=\"async\" src=\"http:\/\/www.truglo.com\/images\/Speed%20Shot_Color%20Matching%20Covers.jpg\" alt=\"\"><\/p>\n<p>&nbsp;<\/p>\n","protected":false},"excerpt":{"rendered":"<p>kardborreband, svart<\/p>\n","protected":false},"featured_media":210915,"comment_status":"open","ping_status":"open","template":"","meta":[],"product_brand":[],"product_cat":[2680],"product_tag":[],"class_list":{"0":"post-288808","1":"product","2":"type-product","3":"status-publish","4":"has-post-thumbnail","6":"product_cat-handledsutlosare","8":"first","9":"instock","10":"taxable","11":"shipping-taxable","12":"purchasable","13":"product-type-simple"},"composite_virtual":false,"composite_layout":"","composite_add_to_cart_form_location":"","composite_editable_in_cart":false,"composite_sold_individually_context":"","composite_shop_price_calc":"","composite_components":[],"composite_scenarios":[],"group_of_quantity":0,"min_quantity":0,"max_quantity":"","exclude_order_quantity_value_rules":"no","exclude_category_quantity_rules":"no","combine_variations":"no","exclude_global_add_ons":[],"addons":[],"_links":{"self":[{"href":"https:\/\/www.huntersfriend.eu\/sv\/wp-json\/wp\/v2\/product\/288808","targetHints":{"allow":["GET"]}}],"collection":[{"href":"https:\/\/www.huntersfriend.eu\/sv\/wp-json\/wp\/v2\/product"}],"about":[{"href":"https:\/\/www.huntersfriend.eu\/sv\/wp-json\/wp\/v2\/types\/product"}],"replies":[{"embeddable":true,"href":"https:\/\/www.huntersfriend.eu\/sv\/wp-json\/wp\/v2\/comments?post=288808"}],"wp:featuredmedia":[{"embeddable":true,"href":"https:\/\/www.huntersfriend.eu\/sv\/wp-json\/wp\/v2\/media\/210915"}],"wp:attachment":[{"href":"https:\/\/www.huntersfriend.eu\/sv\/wp-json\/wp\/v2\/media?parent=288808"}],"wp:term":[{"taxonomy":"product_brand","embeddable":true,"href":"https:\/\/www.huntersfriend.eu\/sv\/wp-json\/wp\/v2\/product_brand?post=288808"},{"taxonomy":"product_cat","embeddable":true,"href":"https:\/\/www.huntersfriend.eu\/sv\/wp-json\/wp\/v2\/product_cat?post=288808"},{"taxonomy":"product_tag","embeddable":true,"href":"https:\/\/www.huntersfriend.eu\/sv\/wp-json\/wp\/v2\/product_tag?post=288808"}],"curies":[{"name":"wp","href":"https:\/\/api.w.org\/{rel}","templated":true}]}}