{"id":288806,"date":"2018-11-19T14:22:25","date_gmt":"2018-11-19T12:22:25","guid":{"rendered":"https:\/\/www.huntersfriend.eu\/product\/avalon-bagvinkel\/"},"modified":"2025-11-02T04:48:11","modified_gmt":"2025-11-02T02:48:11","slug":"avalon-bagvinkel","status":"publish","type":"product","link":"https:\/\/www.huntersfriend.eu\/sv\/produkt\/avalon-bagvinkel\/","title":{"rendered":"Avalon b\u00e5gvinkel"},"content":{"rendered":"<ul>\n<li>Viktigt verktyg f\u00f6r alla b\u00e5gskyttar.<\/li>\n<li>M\u00e4t effektivt och noggrant str\u00e4ngh\u00f6jd och nockpunkt.<\/li>\n<li>H\u00e5llbar design i anodiserat aluminium.<\/li>\n<li>Slitstark, graverad skala.<\/li>\n<li>F\u00e4rgen kan skilja sig fr\u00e5n bilden.<\/li>\n<\/ul>\n","protected":false},"excerpt":{"rendered":"<p>tum och cm<\/p>\n","protected":false},"featured_media":210899,"comment_status":"open","ping_status":"closed","template":"","meta":[],"product_brand":[],"product_cat":[2631],"product_tag":[],"class_list":{"0":"post-288806","1":"product","2":"type-product","3":"status-publish","4":"has-post-thumbnail","6":"product_cat-trimningsverktyg-bagskytte","8":"first","9":"instock","10":"taxable","11":"shipping-taxable","12":"purchasable","13":"product-type-simple"},"composite_virtual":false,"composite_layout":"","composite_add_to_cart_form_location":"","composite_editable_in_cart":false,"composite_sold_individually_context":"","composite_shop_price_calc":"","composite_components":[],"composite_scenarios":[],"group_of_quantity":0,"min_quantity":0,"max_quantity":"","exclude_order_quantity_value_rules":"no","exclude_category_quantity_rules":"no","combine_variations":"no","exclude_global_add_ons":[],"addons":[],"_links":{"self":[{"href":"https:\/\/www.huntersfriend.eu\/sv\/wp-json\/wp\/v2\/product\/288806","targetHints":{"allow":["GET"]}}],"collection":[{"href":"https:\/\/www.huntersfriend.eu\/sv\/wp-json\/wp\/v2\/product"}],"about":[{"href":"https:\/\/www.huntersfriend.eu\/sv\/wp-json\/wp\/v2\/types\/product"}],"replies":[{"embeddable":true,"href":"https:\/\/www.huntersfriend.eu\/sv\/wp-json\/wp\/v2\/comments?post=288806"}],"wp:featuredmedia":[{"embeddable":true,"href":"https:\/\/www.huntersfriend.eu\/sv\/wp-json\/wp\/v2\/media\/210899"}],"wp:attachment":[{"href":"https:\/\/www.huntersfriend.eu\/sv\/wp-json\/wp\/v2\/media?parent=288806"}],"wp:term":[{"taxonomy":"product_brand","embeddable":true,"href":"https:\/\/www.huntersfriend.eu\/sv\/wp-json\/wp\/v2\/product_brand?post=288806"},{"taxonomy":"product_cat","embeddable":true,"href":"https:\/\/www.huntersfriend.eu\/sv\/wp-json\/wp\/v2\/product_cat?post=288806"},{"taxonomy":"product_tag","embeddable":true,"href":"https:\/\/www.huntersfriend.eu\/sv\/wp-json\/wp\/v2\/product_tag?post=288806"}],"curies":[{"name":"wp","href":"https:\/\/api.w.org\/{rel}","templated":true}]}}