{"id":288804,"date":"2018-11-19T14:22:24","date_gmt":"2018-11-19T12:22:24","guid":{"rendered":"https:\/\/www.huntersfriend.eu\/product\/avalon-verktyg-for-stranglindning\/"},"modified":"2025-08-27T14:09:50","modified_gmt":"2025-08-27T12:09:50","slug":"avalon-verktyg-for-stranglindning","status":"publish","type":"product","link":"https:\/\/www.huntersfriend.eu\/sv\/produkt\/avalon-verktyg-for-stranglindning\/","title":{"rendered":"Avalon-verktyg f\u00f6r str\u00e4nglindning"},"content":{"rendered":"<ul>\n<li>Enkel och prisv\u00e4rd design.<\/li>\n<li>Perfekt f\u00f6r dig som vill g\u00f6ra egna str\u00e4ngar.<\/li>\n<li>Kraftig, anodiserad aluminiumkropp.<\/li>\n<li>L\u00e4tt att tr\u00e4.<\/li>\n<li>Kompatibel med alla spolar f\u00f6r str\u00e4nglindningsmaterial.<\/li>\n<li>L\u00e4tt att justera, kontroll av st\u00e5ngsp\u00e4nning.<\/li>\n<\/ul>\n","protected":false},"excerpt":{"rendered":"<p>Enkel och prisv\u00e4rd design. Perfekt f\u00f6r dig som vill g\u00f6ra egna str\u00e4ngar. Kraftig, anodiserad aluminiumkropp. L\u00e4tt att tr\u00e4. Kompatibel med alla spolar f\u00f6r str\u00e4nglindningsmaterial. L\u00e4tt att justera, kontroll av st\u00e5ngsp\u00e4nning.<\/p>\n","protected":false},"featured_media":210896,"comment_status":"open","ping_status":"closed","template":"","meta":[],"product_brand":[],"product_cat":[2989],"product_tag":[],"class_list":{"0":"post-288804","1":"product","2":"type-product","3":"status-publish","4":"has-post-thumbnail","6":"product_cat-verktyg-for-stranglindning","8":"first","9":"instock","10":"taxable","11":"shipping-taxable","12":"purchasable","13":"product-type-simple"},"composite_virtual":false,"composite_layout":"","composite_add_to_cart_form_location":"","composite_editable_in_cart":false,"composite_sold_individually_context":"","composite_shop_price_calc":"","composite_components":[],"composite_scenarios":[],"group_of_quantity":0,"min_quantity":0,"max_quantity":"","exclude_order_quantity_value_rules":"no","exclude_category_quantity_rules":"no","combine_variations":"no","exclude_global_add_ons":[],"addons":[],"_links":{"self":[{"href":"https:\/\/www.huntersfriend.eu\/sv\/wp-json\/wp\/v2\/product\/288804","targetHints":{"allow":["GET"]}}],"collection":[{"href":"https:\/\/www.huntersfriend.eu\/sv\/wp-json\/wp\/v2\/product"}],"about":[{"href":"https:\/\/www.huntersfriend.eu\/sv\/wp-json\/wp\/v2\/types\/product"}],"replies":[{"embeddable":true,"href":"https:\/\/www.huntersfriend.eu\/sv\/wp-json\/wp\/v2\/comments?post=288804"}],"wp:featuredmedia":[{"embeddable":true,"href":"https:\/\/www.huntersfriend.eu\/sv\/wp-json\/wp\/v2\/media\/210896"}],"wp:attachment":[{"href":"https:\/\/www.huntersfriend.eu\/sv\/wp-json\/wp\/v2\/media?parent=288804"}],"wp:term":[{"taxonomy":"product_brand","embeddable":true,"href":"https:\/\/www.huntersfriend.eu\/sv\/wp-json\/wp\/v2\/product_brand?post=288804"},{"taxonomy":"product_cat","embeddable":true,"href":"https:\/\/www.huntersfriend.eu\/sv\/wp-json\/wp\/v2\/product_cat?post=288804"},{"taxonomy":"product_tag","embeddable":true,"href":"https:\/\/www.huntersfriend.eu\/sv\/wp-json\/wp\/v2\/product_tag?post=288804"}],"curies":[{"name":"wp","href":"https:\/\/api.w.org\/{rel}","templated":true}]}}