{"id":288802,"date":"2018-11-19T14:22:23","date_gmt":"2018-11-19T12:22:23","guid":{"rendered":"https:\/\/www.huntersfriend.eu\/product\/plano-protector-serien-enkel-1111-bagfodral\/"},"modified":"2025-10-14T08:45:18","modified_gmt":"2025-10-14T06:45:18","slug":"plano-protector-serien-enkel-1111-bagfodral","status":"publish","type":"product","link":"https:\/\/www.huntersfriend.eu\/sv\/produkt\/plano-protector-serien-enkel-1111-bagfodral\/","title":{"rendered":"Plano Protector-serien, enkel 1111, b\u00e5gfodral"},"content":{"rendered":"<p>Enkla h\u00e5rda b\u00e5gfodral \u00e4r av musselmodell, pelarstruktur, med skumfodrade bottnar, b\u00e5gremmar, pilh\u00e5llare, 4 sn\u00e4ppl\u00e5s och l\u00e5sringar. Dessa slitstarka fodral \u00e4r t\u00e5liga och g\u00f6r jobbet. Den st\u00f6rre modellen 1111 kan beh\u00f6va anv\u00e4ndas f\u00f6r att passa vissa oregelbundet formade b\u00e5gar.  <\/p>\n<p id=\"tw-target-text\" class=\"tw-data-text tw-text-large tw-ta\" dir=\"ltr\" data-placeholder=\"Translation\"><span lang=\"en\" tabindex=\"0\">B\u00e5gen och tillbeh\u00f6ren p\u00e5 bilden ing\u00e5r inte.<\/span><\/p>\n","protected":false},"excerpt":{"rendered":"<p>125*50*16<\/p>\n","protected":false},"featured_media":211223,"comment_status":"open","ping_status":"closed","template":"","meta":[],"product_brand":[],"product_cat":[2978],"product_tag":[],"class_list":{"0":"post-288802","1":"product","2":"type-product","3":"status-publish","4":"has-post-thumbnail","6":"product_cat-harda-fodral-compound","7":"product_shipping_class-big-sv","9":"first","10":"instock","11":"taxable","12":"shipping-taxable","13":"purchasable","14":"product-type-simple"},"composite_virtual":false,"composite_layout":"","composite_add_to_cart_form_location":"","composite_editable_in_cart":false,"composite_sold_individually_context":"","composite_shop_price_calc":"","composite_components":[],"composite_scenarios":[],"group_of_quantity":0,"min_quantity":0,"max_quantity":"","exclude_order_quantity_value_rules":"no","exclude_category_quantity_rules":"no","combine_variations":"no","exclude_global_add_ons":[],"addons":[],"_links":{"self":[{"href":"https:\/\/www.huntersfriend.eu\/sv\/wp-json\/wp\/v2\/product\/288802","targetHints":{"allow":["GET"]}}],"collection":[{"href":"https:\/\/www.huntersfriend.eu\/sv\/wp-json\/wp\/v2\/product"}],"about":[{"href":"https:\/\/www.huntersfriend.eu\/sv\/wp-json\/wp\/v2\/types\/product"}],"replies":[{"embeddable":true,"href":"https:\/\/www.huntersfriend.eu\/sv\/wp-json\/wp\/v2\/comments?post=288802"}],"wp:featuredmedia":[{"embeddable":true,"href":"https:\/\/www.huntersfriend.eu\/sv\/wp-json\/wp\/v2\/media\/211223"}],"wp:attachment":[{"href":"https:\/\/www.huntersfriend.eu\/sv\/wp-json\/wp\/v2\/media?parent=288802"}],"wp:term":[{"taxonomy":"product_brand","embeddable":true,"href":"https:\/\/www.huntersfriend.eu\/sv\/wp-json\/wp\/v2\/product_brand?post=288802"},{"taxonomy":"product_cat","embeddable":true,"href":"https:\/\/www.huntersfriend.eu\/sv\/wp-json\/wp\/v2\/product_cat?post=288802"},{"taxonomy":"product_tag","embeddable":true,"href":"https:\/\/www.huntersfriend.eu\/sv\/wp-json\/wp\/v2\/product_tag?post=288802"}],"curies":[{"name":"wp","href":"https:\/\/api.w.org\/{rel}","templated":true}]}}