{"id":288800,"date":"2018-11-19T14:22:18","date_gmt":"2018-11-19T12:22:18","guid":{"rendered":"https:\/\/www.huntersfriend.eu\/product\/bohning-platinum-fjaderlim\/"},"modified":"2025-12-17T08:21:41","modified_gmt":"2025-12-17T06:21:41","slug":"bohning-platinum-fjaderlim","status":"publish","type":"product","link":"https:\/\/www.huntersfriend.eu\/sv\/produkt\/bohning-platinum-fjaderlim\/","title":{"rendered":"Bohning Platinum fj\u00e4derlim"},"content":{"rendered":"<ul>\n<li>Utformat f\u00f6r att s\u00e4kert limma fast fanor och fj\u00e4drar.<\/li>\n<li>L\u00e4mpligt f\u00f6r aluminium-, kolfiber-, tr\u00e4- och glasfiberskaft.<\/li>\n<li>L\u00e5ngsamt h\u00e4rdande lim d\u00e4r bindningen \u00f6kar med tiden.<\/li>\n<li>Flexibelt och h\u00e5llbart.<\/li>\n<li>Kl\u00e4m fast i 5 minuter och limmet h\u00e4rdar helt p\u00e5 48 timmar.<\/li>\n<\/ul>\n","protected":false},"excerpt":{"rendered":"<p>Utformat f\u00f6r att s\u00e4kert limma fast fanor och fj\u00e4drar. L\u00e4mpligt f\u00f6r aluminium-, kolfiber-, tr\u00e4- och glasfiberskaft. L\u00e5ngsamt h\u00e4rdande lim d\u00e4r bindningen \u00f6kar med tiden. Flexibelt och h\u00e5llbart. Kl\u00e4m fast i 5 minuter och limmet h\u00e4rdar helt p\u00e5 48 timmar.<\/p>\n","protected":false},"featured_media":210887,"comment_status":"open","ping_status":"closed","template":"","meta":[],"product_brand":[],"product_cat":[2988],"product_tag":[],"class_list":{"0":"post-288800","1":"product","2":"type-product","3":"status-publish","4":"has-post-thumbnail","6":"product_cat-lim-och-fastmedel","8":"first","9":"instock","10":"taxable","11":"shipping-taxable","12":"purchasable","13":"product-type-simple"},"composite_virtual":false,"composite_layout":"","composite_add_to_cart_form_location":"","composite_editable_in_cart":false,"composite_sold_individually_context":"","composite_shop_price_calc":"","composite_components":[],"composite_scenarios":[],"group_of_quantity":0,"min_quantity":0,"max_quantity":"","exclude_order_quantity_value_rules":"no","exclude_category_quantity_rules":"no","combine_variations":"no","exclude_global_add_ons":[],"addons":[],"_links":{"self":[{"href":"https:\/\/www.huntersfriend.eu\/sv\/wp-json\/wp\/v2\/product\/288800","targetHints":{"allow":["GET"]}}],"collection":[{"href":"https:\/\/www.huntersfriend.eu\/sv\/wp-json\/wp\/v2\/product"}],"about":[{"href":"https:\/\/www.huntersfriend.eu\/sv\/wp-json\/wp\/v2\/types\/product"}],"replies":[{"embeddable":true,"href":"https:\/\/www.huntersfriend.eu\/sv\/wp-json\/wp\/v2\/comments?post=288800"}],"wp:featuredmedia":[{"embeddable":true,"href":"https:\/\/www.huntersfriend.eu\/sv\/wp-json\/wp\/v2\/media\/210887"}],"wp:attachment":[{"href":"https:\/\/www.huntersfriend.eu\/sv\/wp-json\/wp\/v2\/media?parent=288800"}],"wp:term":[{"taxonomy":"product_brand","embeddable":true,"href":"https:\/\/www.huntersfriend.eu\/sv\/wp-json\/wp\/v2\/product_brand?post=288800"},{"taxonomy":"product_cat","embeddable":true,"href":"https:\/\/www.huntersfriend.eu\/sv\/wp-json\/wp\/v2\/product_cat?post=288800"},{"taxonomy":"product_tag","embeddable":true,"href":"https:\/\/www.huntersfriend.eu\/sv\/wp-json\/wp\/v2\/product_tag?post=288800"}],"curies":[{"name":"wp","href":"https:\/\/api.w.org\/{rel}","templated":true}]}}