{"id":288798,"date":"2018-11-19T14:22:18","date_gmt":"2018-11-19T12:22:18","guid":{"rendered":"https:\/\/www.huntersfriend.eu\/product\/bohning-tex-tite-strangvax\/"},"modified":"2025-08-27T14:09:41","modified_gmt":"2025-08-27T12:09:41","slug":"bohning-tex-tite-strangvax","status":"publish","type":"product","link":"https:\/\/www.huntersfriend.eu\/sv\/produkt\/bohning-tex-tite-strangvax\/","title":{"rendered":"Bohning Tex-tite str\u00e4ngvax"},"content":{"rendered":"<p><b><span style=\"color: #6a6a6a; font-family: Arial; font-size: small;\">Bohning Tex<\/span><\/b>&#8211;<em>Tite<\/em> naturbaserat <em>b\u00e5gstr\u00e4ngsvax<\/em> f\u00f6r compoundb\u00e5gar, recurveb\u00e5gar och l\u00e5ngb\u00e5gar f\u00f6rl\u00e4nger livsl\u00e4ngden p\u00e5 <em>b\u00e5gstr\u00e4ngen<\/em> och hj\u00e4lper till att f\u00f6rhindra n\u00f6tning och att str\u00e4ngen torkar ut.<\/p>\n<p><span style=\"float: none; background-color: transparent; color: #3e3629; font-family: 'Arial',Helvetica,sans-serif; font-size: 13px; font-style: normal; font-variant: normal; font-weight: 400; letter-spacing: normal; text-align: left; text-decoration: none; text-indent: 0px;\">\u2022 Naturbaserat vax <\/span><br \/>\n<span style=\"float: none; background-color: transparent; color: #3e3629; font-family: 'Arial',Helvetica,sans-serif; font-size: 13px; font-style: normal; font-variant: normal; font-weight: 400; letter-spacing: normal; text-align: left; text-decoration: none; text-indent: 0px;\"> \u2022 Skyddar str\u00e4ng &amp; serving fr\u00e5n v\u00e4der <\/span><br \/>\n<span style=\"float: none; background-color: transparent; color: #3e3629; font-family: 'Arial',Helvetica,sans-serif; font-size: 13px; font-style: normal; font-variant: normal; font-weight: 400; letter-spacing: normal; text-align: left; text-decoration: none; text-indent: 0px;\"> \u2022 Luktfritt &amp; vattent\u00e4tt <\/span><br \/>\n<span style=\"float: none; background-color: transparent; color: #3e3629; font-family: 'Arial',Helvetica,sans-serif; font-size: 13px; font-style: normal; font-variant: normal; font-weight: 400; letter-spacing: normal; text-align: left; text-decoration: none; text-indent: 0px;\"> \u2022 Tex-Tite\u00ae p\u00e5 g\u00e4ngor hj\u00e4lper till att f\u00f6rhindra att inskruvade spetsar lossnar <\/span><br \/>\n<span style=\"float: none; background-color: transparent; color: #3e3629; font-family: 'Arial',Helvetica,sans-serif; font-size: 13px; font-style: normal; font-variant: normal; font-weight: 400; letter-spacing: normal; text-align: left; text-decoration: none; text-indent: 0px;\"> \u2022 28 grams tub<\/span><\/p>\n","protected":false},"excerpt":{"rendered":"<p>Bohning Tex&#8211;Tite naturbaserat b\u00e5gstr\u00e4ngsvax f\u00f6r compoundb\u00e5gar, recurveb\u00e5gar och l\u00e5ngb\u00e5gar f\u00f6rl\u00e4nger livsl\u00e4ngden p\u00e5 b\u00e5gstr\u00e4ngen och hj\u00e4lper till att f\u00f6rhindra n\u00f6tning och att str\u00e4ngen torkar ut. \u2022 Naturbaserat vax \u2022 Skyddar str\u00e4ng &amp; serving fr\u00e5n v\u00e4der \u2022 Luktfritt &amp; vattent\u00e4tt \u2022 Tex-Tite\u00ae p\u00e5 g\u00e4ngor hj\u00e4lper till att f\u00f6rhindra att inskruvade spetsar lossnar \u2022 28 grams tub<\/p>\n","protected":false},"featured_media":208578,"comment_status":"open","ping_status":"closed","template":"","meta":[],"product_brand":[],"product_cat":[2868],"product_tag":[],"class_list":{"0":"post-288798","1":"product","2":"type-product","3":"status-publish","4":"has-post-thumbnail","6":"product_cat-strangvax-och-smorjmedel","8":"first","9":"instock","10":"taxable","11":"shipping-taxable","12":"purchasable","13":"product-type-simple"},"composite_virtual":false,"composite_layout":"","composite_add_to_cart_form_location":"","composite_editable_in_cart":false,"composite_sold_individually_context":"","composite_shop_price_calc":"","composite_components":[],"composite_scenarios":[],"group_of_quantity":0,"min_quantity":0,"max_quantity":"","exclude_order_quantity_value_rules":"no","exclude_category_quantity_rules":"no","combine_variations":"no","exclude_global_add_ons":[],"addons":[],"_links":{"self":[{"href":"https:\/\/www.huntersfriend.eu\/sv\/wp-json\/wp\/v2\/product\/288798","targetHints":{"allow":["GET"]}}],"collection":[{"href":"https:\/\/www.huntersfriend.eu\/sv\/wp-json\/wp\/v2\/product"}],"about":[{"href":"https:\/\/www.huntersfriend.eu\/sv\/wp-json\/wp\/v2\/types\/product"}],"replies":[{"embeddable":true,"href":"https:\/\/www.huntersfriend.eu\/sv\/wp-json\/wp\/v2\/comments?post=288798"}],"wp:featuredmedia":[{"embeddable":true,"href":"https:\/\/www.huntersfriend.eu\/sv\/wp-json\/wp\/v2\/media\/208578"}],"wp:attachment":[{"href":"https:\/\/www.huntersfriend.eu\/sv\/wp-json\/wp\/v2\/media?parent=288798"}],"wp:term":[{"taxonomy":"product_brand","embeddable":true,"href":"https:\/\/www.huntersfriend.eu\/sv\/wp-json\/wp\/v2\/product_brand?post=288798"},{"taxonomy":"product_cat","embeddable":true,"href":"https:\/\/www.huntersfriend.eu\/sv\/wp-json\/wp\/v2\/product_cat?post=288798"},{"taxonomy":"product_tag","embeddable":true,"href":"https:\/\/www.huntersfriend.eu\/sv\/wp-json\/wp\/v2\/product_tag?post=288798"}],"curies":[{"name":"wp","href":"https:\/\/api.w.org\/{rel}","templated":true}]}}