{"id":288797,"date":"2018-11-19T14:22:00","date_gmt":"2018-11-19T12:22:00","guid":{"rendered":"https:\/\/www.huntersfriend.eu\/product\/tru-fire-patriot-release\/"},"modified":"2025-08-27T14:09:41","modified_gmt":"2025-08-27T12:09:41","slug":"tru-fire-patriot-release","status":"publish","type":"product","link":"https:\/\/www.huntersfriend.eu\/sv\/produkt\/tru-fire-patriot-release\/","title":{"rendered":"Tru-fire Patriot-release"},"content":{"rendered":"<p>SLITSTARKT SOM F\u00c5: Trufire Patriot \u00e4r en av de b\u00e4sta icke-roterande kalibrarna p\u00e5 marknaden. Med en skotts\u00e4ker h\u00e4rdad och teflonbelagd avtryckare och k\u00e4ftar, och en CNC-bearbetad kropp, ner till det h\u00f6gkvalitativa kardborrebandet, kommer Trufire Patriot att leverera m\u00e5nga \u00e5rs h\u00e5rd anv\u00e4ndning. L\u00e5t inte priset lura dig, Patriot \u00e4r en seri\u00f6s release f\u00f6r seri\u00f6s skytte. Tusentals av v\u00e5ra Ready-to-Hunt-b\u00e5gkunder kan inte ha fel, den h\u00e4r releasen \u00e4r toppen.   <\/p>\n","protected":false},"excerpt":{"rendered":"<p>Nylon, kardborreband<\/p>\n","protected":false},"featured_media":210866,"comment_status":"open","ping_status":"open","template":"","meta":[],"product_brand":[],"product_cat":[2680],"product_tag":[],"class_list":{"0":"post-288797","1":"product","2":"type-product","3":"status-publish","4":"has-post-thumbnail","6":"product_cat-handledsutlosare","8":"first","9":"instock","10":"taxable","11":"shipping-taxable","12":"purchasable","13":"product-type-simple"},"composite_virtual":false,"composite_layout":"","composite_add_to_cart_form_location":"","composite_editable_in_cart":false,"composite_sold_individually_context":"","composite_shop_price_calc":"","composite_components":[],"composite_scenarios":[],"group_of_quantity":0,"min_quantity":0,"max_quantity":"","exclude_order_quantity_value_rules":"no","exclude_category_quantity_rules":"no","combine_variations":"no","exclude_global_add_ons":[],"addons":[],"_links":{"self":[{"href":"https:\/\/www.huntersfriend.eu\/sv\/wp-json\/wp\/v2\/product\/288797","targetHints":{"allow":["GET"]}}],"collection":[{"href":"https:\/\/www.huntersfriend.eu\/sv\/wp-json\/wp\/v2\/product"}],"about":[{"href":"https:\/\/www.huntersfriend.eu\/sv\/wp-json\/wp\/v2\/types\/product"}],"replies":[{"embeddable":true,"href":"https:\/\/www.huntersfriend.eu\/sv\/wp-json\/wp\/v2\/comments?post=288797"}],"wp:featuredmedia":[{"embeddable":true,"href":"https:\/\/www.huntersfriend.eu\/sv\/wp-json\/wp\/v2\/media\/210866"}],"wp:attachment":[{"href":"https:\/\/www.huntersfriend.eu\/sv\/wp-json\/wp\/v2\/media?parent=288797"}],"wp:term":[{"taxonomy":"product_brand","embeddable":true,"href":"https:\/\/www.huntersfriend.eu\/sv\/wp-json\/wp\/v2\/product_brand?post=288797"},{"taxonomy":"product_cat","embeddable":true,"href":"https:\/\/www.huntersfriend.eu\/sv\/wp-json\/wp\/v2\/product_cat?post=288797"},{"taxonomy":"product_tag","embeddable":true,"href":"https:\/\/www.huntersfriend.eu\/sv\/wp-json\/wp\/v2\/product_tag?post=288797"}],"curies":[{"name":"wp","href":"https:\/\/api.w.org\/{rel}","templated":true}]}}