{"id":288795,"date":"2018-11-19T14:21:54","date_gmt":"2018-11-19T12:21:54","guid":{"rendered":"https:\/\/www.huntersfriend.eu\/product\/maximalt-tva-eggar\/"},"modified":"2025-08-27T14:09:36","modified_gmt":"2025-08-27T12:09:36","slug":"maximalt-tva-eggar","status":"publish","type":"product","link":"https:\/\/www.huntersfriend.eu\/sv\/produkt\/maximalt-tva-eggar\/","title":{"rendered":"Maximalt tv\u00e5 eggar"},"content":{"rendered":"<p>Mycket stark och h\u00e5llbar f\u00f6r sitt pris. Fullt monterad \u2013 redo att anv\u00e4ndas \u2013 2 rakbladsvassa blad. Specifikationer: Tv\u00e5 blad, 0,027 tum tjocka, sk\u00e4rdiameter 30,5 mm  <\/p>\n","protected":false},"excerpt":{"rendered":"<p>3-pack 100 gr<\/p>\n","protected":false},"featured_media":210857,"comment_status":"open","ping_status":"closed","template":"","meta":[],"product_brand":[],"product_cat":[2647],"product_tag":[],"class_list":{"0":"post-288795","1":"product","2":"type-product","3":"status-publish","4":"has-post-thumbnail","6":"product_cat-broadheads-jakt","8":"first","9":"instock","10":"taxable","11":"shipping-taxable","12":"purchasable","13":"product-type-simple"},"composite_virtual":false,"composite_layout":"","composite_add_to_cart_form_location":"","composite_editable_in_cart":false,"composite_sold_individually_context":"","composite_shop_price_calc":"","composite_components":[],"composite_scenarios":[],"group_of_quantity":0,"min_quantity":0,"max_quantity":"","exclude_order_quantity_value_rules":"no","exclude_category_quantity_rules":"no","combine_variations":"no","exclude_global_add_ons":[],"addons":[],"_links":{"self":[{"href":"https:\/\/www.huntersfriend.eu\/sv\/wp-json\/wp\/v2\/product\/288795","targetHints":{"allow":["GET"]}}],"collection":[{"href":"https:\/\/www.huntersfriend.eu\/sv\/wp-json\/wp\/v2\/product"}],"about":[{"href":"https:\/\/www.huntersfriend.eu\/sv\/wp-json\/wp\/v2\/types\/product"}],"replies":[{"embeddable":true,"href":"https:\/\/www.huntersfriend.eu\/sv\/wp-json\/wp\/v2\/comments?post=288795"}],"wp:featuredmedia":[{"embeddable":true,"href":"https:\/\/www.huntersfriend.eu\/sv\/wp-json\/wp\/v2\/media\/210857"}],"wp:attachment":[{"href":"https:\/\/www.huntersfriend.eu\/sv\/wp-json\/wp\/v2\/media?parent=288795"}],"wp:term":[{"taxonomy":"product_brand","embeddable":true,"href":"https:\/\/www.huntersfriend.eu\/sv\/wp-json\/wp\/v2\/product_brand?post=288795"},{"taxonomy":"product_cat","embeddable":true,"href":"https:\/\/www.huntersfriend.eu\/sv\/wp-json\/wp\/v2\/product_cat?post=288795"},{"taxonomy":"product_tag","embeddable":true,"href":"https:\/\/www.huntersfriend.eu\/sv\/wp-json\/wp\/v2\/product_tag?post=288795"}],"curies":[{"name":"wp","href":"https:\/\/api.w.org\/{rel}","templated":true}]}}