{"id":288788,"date":"2018-11-19T14:21:24","date_gmt":"2018-11-19T12:21:24","guid":{"rendered":"https:\/\/www.huntersfriend.eu\/product\/truglo-bow-jack-bagstod\/"},"modified":"2025-08-27T14:09:33","modified_gmt":"2025-08-27T12:09:33","slug":"truglo-bow-jack-bagstod","status":"publish","type":"product","link":"https:\/\/www.huntersfriend.eu\/sv\/produkt\/truglo-bow-jack-bagstod\/","title":{"rendered":"TruGlo Bow Jack-b\u00e5gst\u00f6d"},"content":{"rendered":"<p>En bra b\u00e5ge f\u00f6rtj\u00e4nar inte att ligga i smutsen. St\u00f6d din b\u00e5ge p\u00e5 skjutbanan eller i f\u00e4lt med BOW\u2022JACK, det l\u00e4tta, b\u00e4rbara b\u00e5gst\u00f6det. <\/p>\n<p>L\u00e4tt och t\u00e5lig<\/p>\n<ul>\n<li>\u00d6vergjuten gummi greppar lemmen f\u00f6r s\u00e4ker, halkfri passform<\/li>\n<li>F\u00e4lls ihop f\u00f6r att enkelt f\u00e5 plats i en ficka eller ryggs\u00e4ck<\/li>\n<li>Enkel enhandsman\u00f6vrering med integrerade flikar<\/li>\n<li>Kommer inte att repa lemmens yta<\/li>\n<li>Inf\u00e4lld fj\u00e4der kommer inte att fastna<\/li>\n<li>Rostfri st\u00e5lbeslag<\/li>\n<li>Passar de flesta b\u00e5gar och armborst<\/li>\n<li>PatenteradAnv\u00e4nd 2 Bow Jacks f\u00f6r att st\u00f6dja de flesta armborst, eller en Bow Jack i kombination med en Bow Jack Mini<br \/>\nf\u00f6r att h\u00e5lla din b\u00e5ge med kammen ovanf\u00f6r marken!<img decoding=\"async\" src=\"http:\/\/i1admin01.webstorepackage.com\/truglo\/virtualweb\/images\/Double_BJM_Crossbow.png\"><img decoding=\"async\" src=\"http:\/\/i1admin01.webstorepackage.com\/truglo\/virtualweb\/images\/TG394_TG395_Double_hoyt_Bow.png\">Bow Jack Wide-modellen har bredare griparmar f\u00f6r att h\u00e5lla Mathews\u00ae HALON\u2122<br \/>\noch andra b\u00e5gar med breda lemmar.<\/p>\n<p><img decoding=\"async\" src=\"http:\/\/i1admin01.webstorepackage.com\/truglo\/virtualweb\/images\/TG393BR%20Wide%20Model_Halon.png\"><\/p>\n<table>\n<tbody>\n<tr>\n<th>MODELL<\/th>\n<th>F\u00c4RG<\/th>\n<th>L\u00c4NGD<\/th>\n<th>VIKT<\/th>\n<th>ANV\u00c4NDNING<\/th>\n<th>KOMPATIBILITET<\/th>\n<\/tr>\n<tr>\n<td><b>Bred<\/b><\/td>\n<td>Svart\/R\u00f6d<\/td>\n<td>5,8 tum<\/td>\n<td>3,9 oz.<\/td>\n<td>Idealisk f\u00f6r kortare ATA-b\u00e5gar<\/td>\n<td>De flesta b\u00e5gar och armborst upp till 3 1\/8 tums lem-bredd<\/td>\n<\/tr>\n<tr>\n<td><b>Mini<\/b><\/td>\n<td>Svart\/R\u00f6d<\/td>\n<td>5,8 tum<\/td>\n<td>3,2 oz.<\/td>\n<td>Idealisk f\u00f6r kortare ATA-b\u00e5gar<\/td>\n<td>De flesta b\u00e5gar och armborst upp till 2 3\/4 tums lem-bredd<\/td>\n<\/tr>\n<tr>\n<td><b>Standard<\/b><\/td>\n<td>Svart\/R\u00f6d<\/td>\n<td>7,2 tum<\/td>\n<td>3,5 oz.<\/td>\n<td>Idealisk f\u00f6r l\u00e4ngre ATA-b\u00e5gar<\/td>\n<td>De flesta b\u00e5gar och armborst upp till 2 3\/4 tums lem-bredd<\/td>\n<\/tr>\n<\/tbody>\n<\/table>\n<\/li>\n<\/ul>\n","protected":false},"excerpt":{"rendered":"<p>standard-, mini- och breda storlekar<\/p>\n","protected":false},"featured_media":288790,"comment_status":"open","ping_status":"closed","template":"","meta":[],"product_brand":[],"product_cat":[2667],"product_tag":[],"class_list":{"0":"post-288788","1":"product","2":"type-product","3":"status-publish","4":"has-post-thumbnail","6":"product_cat-bagstativ-diverse","8":"first","9":"instock","10":"sale","11":"taxable","12":"shipping-taxable","13":"purchasable","14":"product-type-variable"},"composite_virtual":false,"composite_layout":"","composite_add_to_cart_form_location":"","composite_editable_in_cart":false,"composite_sold_individually_context":"","composite_shop_price_calc":"","composite_components":[],"composite_scenarios":[],"group_of_quantity":0,"min_quantity":0,"max_quantity":"","exclude_order_quantity_value_rules":"no","exclude_category_quantity_rules":"no","combine_variations":"no","exclude_global_add_ons":[],"addons":[],"_links":{"self":[{"href":"https:\/\/www.huntersfriend.eu\/sv\/wp-json\/wp\/v2\/product\/288788","targetHints":{"allow":["GET"]}}],"collection":[{"href":"https:\/\/www.huntersfriend.eu\/sv\/wp-json\/wp\/v2\/product"}],"about":[{"href":"https:\/\/www.huntersfriend.eu\/sv\/wp-json\/wp\/v2\/types\/product"}],"replies":[{"embeddable":true,"href":"https:\/\/www.huntersfriend.eu\/sv\/wp-json\/wp\/v2\/comments?post=288788"}],"wp:featuredmedia":[{"embeddable":true,"href":"https:\/\/www.huntersfriend.eu\/sv\/wp-json\/wp\/v2\/media\/288790"}],"wp:attachment":[{"href":"https:\/\/www.huntersfriend.eu\/sv\/wp-json\/wp\/v2\/media?parent=288788"}],"wp:term":[{"taxonomy":"product_brand","embeddable":true,"href":"https:\/\/www.huntersfriend.eu\/sv\/wp-json\/wp\/v2\/product_brand?post=288788"},{"taxonomy":"product_cat","embeddable":true,"href":"https:\/\/www.huntersfriend.eu\/sv\/wp-json\/wp\/v2\/product_cat?post=288788"},{"taxonomy":"product_tag","embeddable":true,"href":"https:\/\/www.huntersfriend.eu\/sv\/wp-json\/wp\/v2\/product_tag?post=288788"}],"curies":[{"name":"wp","href":"https:\/\/api.w.org\/{rel}","templated":true}]}}