{"id":288786,"date":"2018-11-19T14:21:23","date_gmt":"2018-11-19T12:21:23","guid":{"rendered":"https:\/\/www.huntersfriend.eu\/product\/trophy-ridge-react-h4-sikte-svart\/"},"modified":"2026-04-10T13:31:42","modified_gmt":"2026-04-10T11:31:42","slug":"trophy-ridge-react-h4-sikte-svart","status":"publish","type":"product","link":"https:\/\/www.huntersfriend.eu\/sv\/produkt\/trophy-ridge-react-h4-sikte-svart\/","title":{"rendered":"Trophy Ridge React H4-sikte \u2013 svart"},"content":{"rendered":"<ul>\n<li>Sikte med fyra horisontella 0,019&#8243;-pinnar, perfekt f\u00f6r skytte i 195 till 330 fot per sekund<\/li>\n<li>Efter bara 2 pinnjusteringar siktar React Technology automatiskt in de \u00e5terst\u00e5ende pinnarna f\u00f6r d\u00f6ds\u00e4ker precision<\/li>\n<li>G\u00f6r enkla, exakta korrigeringar med avancerade verktygsl\u00f6sa vind- och h\u00f6jdjusteringar<\/li>\n<li>F\u00f6rb\u00e4ttrar precisionen \u00f6ver l\u00e4ngre avst\u00e5nd med andra axelns nivellering<\/li>\n<li>Justera ljusstyrkan f\u00f6r att passa alla skjutningsf\u00f6rh\u00e5llanden med reostatljuset<\/li>\n<\/ul>\n","protected":false},"excerpt":{"rendered":"<p>4 pinnar, svart, endast RH<\/p>\n","protected":false},"featured_media":210797,"comment_status":"open","ping_status":"closed","template":"","meta":[],"product_brand":[],"product_cat":[2690],"product_tag":[],"class_list":{"0":"post-288786","1":"product","2":"type-product","3":"status-publish","4":"has-post-thumbnail","6":"product_cat-bagjaktsikten","8":"first","9":"instock","10":"taxable","11":"shipping-taxable","12":"purchasable","13":"product-type-simple"},"composite_virtual":false,"composite_layout":"","composite_add_to_cart_form_location":"","composite_editable_in_cart":false,"composite_sold_individually_context":"","composite_shop_price_calc":"","composite_components":[],"composite_scenarios":[],"group_of_quantity":0,"min_quantity":0,"max_quantity":"","exclude_order_quantity_value_rules":"no","exclude_category_quantity_rules":"no","combine_variations":"no","exclude_global_add_ons":[],"addons":[],"_links":{"self":[{"href":"https:\/\/www.huntersfriend.eu\/sv\/wp-json\/wp\/v2\/product\/288786","targetHints":{"allow":["GET"]}}],"collection":[{"href":"https:\/\/www.huntersfriend.eu\/sv\/wp-json\/wp\/v2\/product"}],"about":[{"href":"https:\/\/www.huntersfriend.eu\/sv\/wp-json\/wp\/v2\/types\/product"}],"replies":[{"embeddable":true,"href":"https:\/\/www.huntersfriend.eu\/sv\/wp-json\/wp\/v2\/comments?post=288786"}],"wp:featuredmedia":[{"embeddable":true,"href":"https:\/\/www.huntersfriend.eu\/sv\/wp-json\/wp\/v2\/media\/210797"}],"wp:attachment":[{"href":"https:\/\/www.huntersfriend.eu\/sv\/wp-json\/wp\/v2\/media?parent=288786"}],"wp:term":[{"taxonomy":"product_brand","embeddable":true,"href":"https:\/\/www.huntersfriend.eu\/sv\/wp-json\/wp\/v2\/product_brand?post=288786"},{"taxonomy":"product_cat","embeddable":true,"href":"https:\/\/www.huntersfriend.eu\/sv\/wp-json\/wp\/v2\/product_cat?post=288786"},{"taxonomy":"product_tag","embeddable":true,"href":"https:\/\/www.huntersfriend.eu\/sv\/wp-json\/wp\/v2\/product_tag?post=288786"}],"curies":[{"name":"wp","href":"https:\/\/api.w.org\/{rel}","templated":true}]}}