{"id":288785,"date":"2018-11-19T14:21:49","date_gmt":"2018-11-19T12:21:49","guid":{"rendered":"https:\/\/www.huntersfriend.eu\/product\/whisker-biscuit-sureshot-pilhylla\/"},"modified":"2025-08-27T14:09:28","modified_gmt":"2025-08-27T12:09:28","slug":"whisker-biscuit-sureshot-pilhylla","status":"publish","type":"product","link":"https:\/\/www.huntersfriend.eu\/sv\/produkt\/whisker-biscuit-sureshot-pilhylla\/","title":{"rendered":"Whisker Biscuit sureshot pilhylla"},"content":{"rendered":"<p>B\u00c4STA BISCUIT P\u00c5 JORDEN: Just n\u00e4r du trodde att Whisker Biscuit inte kunde bli b\u00e4ttre. Trophy Ridge introducerar den nya Micro-Adjust Sure Shot Pro. Med en ny aluminiuminkapslad ram \u00e4r Whisker Biscuit Sure Shot 300 % starkare \u00e4n tidigare modeller. Den har laseretsade markeringar f\u00f6r vind- och h\u00f6jdjusteringar. De har lagt till ett dubbelbultf\u00e4ste till Sure Shot och en st\u00e4llskruv f\u00f6r s\u00e4krare montering. Ny design g\u00f6r installationen enkel. Den \u00e4r ocks\u00e5 l\u00e4ttare och mer kompakt. Anpassade pilskydd d\u00e4mpar pilens laddning.       <\/p>\n","protected":false},"excerpt":{"rendered":"<p>Full f\u00e5ngst, RH<\/p>\n","protected":false},"featured_media":210848,"comment_status":"open","ping_status":"closed","template":"","meta":[],"product_brand":[],"product_cat":[2985],"product_tag":[],"class_list":{"0":"post-288785","1":"product","2":"type-product","3":"status-publish","4":"has-post-thumbnail","6":"product_cat-fullstandiga-fangststod-for-compoundbagar","8":"first","9":"instock","10":"taxable","11":"shipping-taxable","12":"purchasable","13":"product-type-simple"},"composite_virtual":false,"composite_layout":"","composite_add_to_cart_form_location":"","composite_editable_in_cart":false,"composite_sold_individually_context":"","composite_shop_price_calc":"","composite_components":[],"composite_scenarios":[],"group_of_quantity":0,"min_quantity":0,"max_quantity":"","exclude_order_quantity_value_rules":"no","exclude_category_quantity_rules":"no","combine_variations":"no","exclude_global_add_ons":[],"addons":[],"_links":{"self":[{"href":"https:\/\/www.huntersfriend.eu\/sv\/wp-json\/wp\/v2\/product\/288785","targetHints":{"allow":["GET"]}}],"collection":[{"href":"https:\/\/www.huntersfriend.eu\/sv\/wp-json\/wp\/v2\/product"}],"about":[{"href":"https:\/\/www.huntersfriend.eu\/sv\/wp-json\/wp\/v2\/types\/product"}],"replies":[{"embeddable":true,"href":"https:\/\/www.huntersfriend.eu\/sv\/wp-json\/wp\/v2\/comments?post=288785"}],"wp:featuredmedia":[{"embeddable":true,"href":"https:\/\/www.huntersfriend.eu\/sv\/wp-json\/wp\/v2\/media\/210848"}],"wp:attachment":[{"href":"https:\/\/www.huntersfriend.eu\/sv\/wp-json\/wp\/v2\/media?parent=288785"}],"wp:term":[{"taxonomy":"product_brand","embeddable":true,"href":"https:\/\/www.huntersfriend.eu\/sv\/wp-json\/wp\/v2\/product_brand?post=288785"},{"taxonomy":"product_cat","embeddable":true,"href":"https:\/\/www.huntersfriend.eu\/sv\/wp-json\/wp\/v2\/product_cat?post=288785"},{"taxonomy":"product_tag","embeddable":true,"href":"https:\/\/www.huntersfriend.eu\/sv\/wp-json\/wp\/v2\/product_tag?post=288785"}],"curies":[{"name":"wp","href":"https:\/\/api.w.org\/{rel}","templated":true}]}}