{"id":288784,"date":"2018-11-19T14:21:12","date_gmt":"2018-11-19T12:21:12","guid":{"rendered":"https:\/\/www.huntersfriend.eu\/product\/bagskytte-endast-finsk-text\/"},"modified":"2025-08-27T14:09:26","modified_gmt":"2025-08-27T12:09:26","slug":"bagskytte-endast-finsk-text","status":"publish","type":"product","link":"https:\/\/www.huntersfriend.eu\/sv\/produkt\/bagskytte-endast-finsk-text\/","title":{"rendered":"B\u00e5gskytte (endast finsk text)"},"content":{"rendered":"<p><em><strong>Tyv\u00e4rr, den h\u00e4r boken inneh\u00e5ller endast finsk text<\/strong><\/em><\/p>\n<p>Jousimets\u00e4stys &#8211; Johdatus nykyaikaisen jousimets\u00e4styksen perusteisiin.<\/p>\n<p>Juha Kylm\u00e4s bok Jousimets\u00e4stys \u00e4r en uppdaterad utg\u00e5va av sin popul\u00e4ra f\u00f6reg\u00e5ngare som publicerades 2010.<\/p>\n<p>Den f\u00f6rsta delen \u2013 en snabbguide till \u00e4mnet \u2013 \u00e4r ett komprimerat informationspaket om b\u00e5gskytte. H\u00e4r f\u00e5r du tillr\u00e4cklig grundl\u00e4ggande information f\u00f6r att k\u00f6pa en pilb\u00e5ge, tr\u00e4na och komma ig\u00e5ng med b\u00e5gskytte. <\/p>\n<p>Bokens andra del \u00e4r en f\u00f6rdjupande del. Den f\u00f6rdjupande delen introducerar l\u00e4saren p\u00e5 djupet till den utrustning som anv\u00e4nds vid b\u00e5gskytte och hur man justerar den. Denna del inneh\u00e5ller ocks\u00e5 information om jakt p\u00e5 olika arter med pilb\u00e5ge.  <\/p>\n<p>Detta verk \u00e4r en kompletterande del till bokhyllan f\u00f6r b\u00e5gskytten och den som \u00e4r intresserad av olika former av jakt. Passar \u00e4ven utm\u00e4rkt som present till den som b\u00f6rjar med hobbyn. <\/p>\n<p>Boken \u00e4r tryckt 2018, den \u00e4r inbunden och inneh\u00e5ller 211 sidor. Boken \u00e4r trevlig att l\u00e4sa eftersom texten \u00e4r illustrerad med n\u00e4stan 300 bilder eller grafik. <\/p>\n","protected":false},"excerpt":{"rendered":"<p>F\u00f6rfattare: Juha Kylm\u00e4 &#8211; finskspr\u00e5kig<\/p>\n","protected":false},"featured_media":211214,"comment_status":"open","ping_status":"open","template":"","meta":[],"product_brand":[],"product_cat":[2633],"product_tag":[],"class_list":{"0":"post-288784","1":"product","2":"type-product","3":"status-publish","4":"has-post-thumbnail","6":"product_cat-diverse-bagskytte","8":"first","9":"instock","10":"taxable","11":"shipping-taxable","12":"purchasable","13":"product-type-simple"},"composite_virtual":false,"composite_layout":"","composite_add_to_cart_form_location":"","composite_editable_in_cart":false,"composite_sold_individually_context":"","composite_shop_price_calc":"","composite_components":[],"composite_scenarios":[],"group_of_quantity":0,"min_quantity":0,"max_quantity":"","exclude_order_quantity_value_rules":"no","exclude_category_quantity_rules":"no","combine_variations":"no","exclude_global_add_ons":[],"addons":[],"_links":{"self":[{"href":"https:\/\/www.huntersfriend.eu\/sv\/wp-json\/wp\/v2\/product\/288784","targetHints":{"allow":["GET"]}}],"collection":[{"href":"https:\/\/www.huntersfriend.eu\/sv\/wp-json\/wp\/v2\/product"}],"about":[{"href":"https:\/\/www.huntersfriend.eu\/sv\/wp-json\/wp\/v2\/types\/product"}],"replies":[{"embeddable":true,"href":"https:\/\/www.huntersfriend.eu\/sv\/wp-json\/wp\/v2\/comments?post=288784"}],"wp:featuredmedia":[{"embeddable":true,"href":"https:\/\/www.huntersfriend.eu\/sv\/wp-json\/wp\/v2\/media\/211214"}],"wp:attachment":[{"href":"https:\/\/www.huntersfriend.eu\/sv\/wp-json\/wp\/v2\/media?parent=288784"}],"wp:term":[{"taxonomy":"product_brand","embeddable":true,"href":"https:\/\/www.huntersfriend.eu\/sv\/wp-json\/wp\/v2\/product_brand?post=288784"},{"taxonomy":"product_cat","embeddable":true,"href":"https:\/\/www.huntersfriend.eu\/sv\/wp-json\/wp\/v2\/product_cat?post=288784"},{"taxonomy":"product_tag","embeddable":true,"href":"https:\/\/www.huntersfriend.eu\/sv\/wp-json\/wp\/v2\/product_tag?post=288784"}],"curies":[{"name":"wp","href":"https:\/\/api.w.org\/{rel}","templated":true}]}}