{"id":288783,"date":"2018-11-19T14:21:11","date_gmt":"2018-11-19T12:21:11","guid":{"rendered":"https:\/\/www.huntersfriend.eu\/product\/pine-ridge-archery-pilspinnare\/"},"modified":"2025-08-27T14:09:24","modified_gmt":"2025-08-27T12:09:24","slug":"pine-ridge-archery-pilspinnare","status":"publish","type":"product","link":"https:\/\/www.huntersfriend.eu\/sv\/produkt\/pine-ridge-archery-pilspinnare\/","title":{"rendered":"Pine Ridge archery Pilspinnare"},"content":{"rendered":"<ul>\n<li>F\u00f6rb\u00e4ttra din kvalitetskontroll av pilar<\/li>\n<li>Kontrollera enkelt och effektivt rakheten och justeringen av dina pilar och komponenter.<\/li>\n<li>Kan enkelt tas is\u00e4r f\u00f6r f\u00f6rvaring eller transport.<\/li>\n<li>Aluminiumhjul ger friktionsfri spinning.<\/li>\n<\/ul>\n","protected":false},"excerpt":{"rendered":"<p>F\u00f6rb\u00e4ttra din kvalitetskontroll av pilar Kontrollera enkelt och effektivt rakheten och justeringen av dina pilar och komponenter. Kan enkelt tas is\u00e4r f\u00f6r f\u00f6rvaring eller transport. Aluminiumhjul ger friktionsfri spinning.<\/p>\n","protected":false},"featured_media":210788,"comment_status":"open","ping_status":"closed","template":"","meta":[],"product_brand":[],"product_cat":[2644],"product_tag":[],"class_list":{"0":"post-288783","1":"product","2":"type-product","3":"status-publish","4":"has-post-thumbnail","6":"product_cat-andra-verktyg-for-pilbygge","8":"first","9":"instock","10":"taxable","11":"shipping-taxable","12":"purchasable","13":"product-type-simple"},"composite_virtual":false,"composite_layout":"","composite_add_to_cart_form_location":"","composite_editable_in_cart":false,"composite_sold_individually_context":"","composite_shop_price_calc":"","composite_components":[],"composite_scenarios":[],"group_of_quantity":0,"min_quantity":0,"max_quantity":"","exclude_order_quantity_value_rules":"no","exclude_category_quantity_rules":"no","combine_variations":"no","exclude_global_add_ons":[],"addons":[],"_links":{"self":[{"href":"https:\/\/www.huntersfriend.eu\/sv\/wp-json\/wp\/v2\/product\/288783","targetHints":{"allow":["GET"]}}],"collection":[{"href":"https:\/\/www.huntersfriend.eu\/sv\/wp-json\/wp\/v2\/product"}],"about":[{"href":"https:\/\/www.huntersfriend.eu\/sv\/wp-json\/wp\/v2\/types\/product"}],"replies":[{"embeddable":true,"href":"https:\/\/www.huntersfriend.eu\/sv\/wp-json\/wp\/v2\/comments?post=288783"}],"wp:featuredmedia":[{"embeddable":true,"href":"https:\/\/www.huntersfriend.eu\/sv\/wp-json\/wp\/v2\/media\/210788"}],"wp:attachment":[{"href":"https:\/\/www.huntersfriend.eu\/sv\/wp-json\/wp\/v2\/media?parent=288783"}],"wp:term":[{"taxonomy":"product_brand","embeddable":true,"href":"https:\/\/www.huntersfriend.eu\/sv\/wp-json\/wp\/v2\/product_brand?post=288783"},{"taxonomy":"product_cat","embeddable":true,"href":"https:\/\/www.huntersfriend.eu\/sv\/wp-json\/wp\/v2\/product_cat?post=288783"},{"taxonomy":"product_tag","embeddable":true,"href":"https:\/\/www.huntersfriend.eu\/sv\/wp-json\/wp\/v2\/product_tag?post=288783"}],"curies":[{"name":"wp","href":"https:\/\/api.w.org\/{rel}","templated":true}]}}