{"id":288782,"date":"2018-11-19T14:21:48","date_gmt":"2018-11-19T12:21:48","guid":{"rendered":"https:\/\/www.huntersfriend.eu\/product\/whisker-biscuit-original-quick-shot-pilstod\/"},"modified":"2026-04-30T10:13:28","modified_gmt":"2026-04-30T08:13:28","slug":"whisker-biscuit-original-quick-shot-pilstod","status":"publish","type":"product","link":"https:\/\/www.huntersfriend.eu\/sv\/produkt\/whisker-biscuit-original-quick-shot-pilstod\/","title":{"rendered":"Whisker Biscuit Original Quick Shot-pilst\u00f6d"},"content":{"rendered":"<p>ENKELHET N\u00c4R DEN \u00c4R SOM B\u00c4ST: Trophy Ridge Quick Shot Whisker Biscuit har vindjustering, en kompositinkapslad kex \u2013 150 % starkare \u00e4n tidigare modeller, referensm\u00e4rken f\u00f6r repeterbar justering och anpassade gummiskydd f\u00f6r att tysta ned pilis\u00e4ttningen. Dessutom \u00e4r Whisker Biscuit Quick Shot l\u00e4ttare och mer kompakt \u00e4n tidigare Whisker Biscuit-modeller. Kan monteras f\u00f6r v\u00e4nster- eller h\u00f6gerskyttar.  <\/p>\n","protected":false},"excerpt":{"rendered":"<p>Fullst\u00e4ndig f\u00e5ngst, h\u00f6ger\/v\u00e4nster<\/p>\n","protected":false},"featured_media":210842,"comment_status":"open","ping_status":"open","template":"","meta":[],"product_brand":[],"product_cat":[2985],"product_tag":[],"class_list":{"0":"post-288782","1":"product","2":"type-product","3":"status-publish","4":"has-post-thumbnail","6":"product_cat-fullstandiga-fangststod-for-compoundbagar","8":"first","9":"instock","10":"taxable","11":"shipping-taxable","12":"purchasable","13":"product-type-simple"},"composite_virtual":false,"composite_layout":"","composite_add_to_cart_form_location":"","composite_editable_in_cart":false,"composite_sold_individually_context":"","composite_shop_price_calc":"","composite_components":[],"composite_scenarios":[],"group_of_quantity":0,"min_quantity":0,"max_quantity":"","exclude_order_quantity_value_rules":"no","exclude_category_quantity_rules":"no","combine_variations":"no","exclude_global_add_ons":[],"addons":[],"_links":{"self":[{"href":"https:\/\/www.huntersfriend.eu\/sv\/wp-json\/wp\/v2\/product\/288782","targetHints":{"allow":["GET"]}}],"collection":[{"href":"https:\/\/www.huntersfriend.eu\/sv\/wp-json\/wp\/v2\/product"}],"about":[{"href":"https:\/\/www.huntersfriend.eu\/sv\/wp-json\/wp\/v2\/types\/product"}],"replies":[{"embeddable":true,"href":"https:\/\/www.huntersfriend.eu\/sv\/wp-json\/wp\/v2\/comments?post=288782"}],"wp:featuredmedia":[{"embeddable":true,"href":"https:\/\/www.huntersfriend.eu\/sv\/wp-json\/wp\/v2\/media\/210842"}],"wp:attachment":[{"href":"https:\/\/www.huntersfriend.eu\/sv\/wp-json\/wp\/v2\/media?parent=288782"}],"wp:term":[{"taxonomy":"product_brand","embeddable":true,"href":"https:\/\/www.huntersfriend.eu\/sv\/wp-json\/wp\/v2\/product_brand?post=288782"},{"taxonomy":"product_cat","embeddable":true,"href":"https:\/\/www.huntersfriend.eu\/sv\/wp-json\/wp\/v2\/product_cat?post=288782"},{"taxonomy":"product_tag","embeddable":true,"href":"https:\/\/www.huntersfriend.eu\/sv\/wp-json\/wp\/v2\/product_tag?post=288782"}],"curies":[{"name":"wp","href":"https:\/\/api.w.org\/{rel}","templated":true}]}}