{"id":288781,"date":"2018-11-19T14:21:10","date_gmt":"2018-11-19T12:21:10","guid":{"rendered":"https:\/\/www.huntersfriend.eu\/product\/maximal-nivainstallning\/"},"modified":"2025-11-02T04:48:11","modified_gmt":"2025-11-02T02:48:11","slug":"maximal-nivainstallning","status":"publish","type":"product","link":"https:\/\/www.huntersfriend.eu\/sv\/produkt\/maximal-nivainstallning\/","title":{"rendered":"Maximal niv\u00e5inst\u00e4llning"},"content":{"rendered":"<p>Enkel bubbelvattenpass-set f\u00f6r att hitta den perfekta 90-gradersinst\u00e4llningen f\u00f6r din pil och pilhylla.<\/p>\n","protected":false},"excerpt":{"rendered":"<p>Enkel bubbelvattenpass-set f\u00f6r att hitta den perfekta 90-gradersinst\u00e4llningen f\u00f6r din pil och pilhylla.<\/p>\n","protected":false},"featured_media":210785,"comment_status":"open","ping_status":"closed","template":"","meta":[],"product_brand":[],"product_cat":[2631],"product_tag":[],"class_list":{"0":"post-288781","1":"product","2":"type-product","3":"status-publish","4":"has-post-thumbnail","6":"product_cat-trimningsverktyg-bagskytte","8":"first","9":"instock","10":"taxable","11":"shipping-taxable","12":"purchasable","13":"product-type-simple"},"composite_virtual":false,"composite_layout":"","composite_add_to_cart_form_location":"","composite_editable_in_cart":false,"composite_sold_individually_context":"","composite_shop_price_calc":"","composite_components":[],"composite_scenarios":[],"group_of_quantity":0,"min_quantity":0,"max_quantity":"","exclude_order_quantity_value_rules":"no","exclude_category_quantity_rules":"no","combine_variations":"no","exclude_global_add_ons":[],"addons":[],"_links":{"self":[{"href":"https:\/\/www.huntersfriend.eu\/sv\/wp-json\/wp\/v2\/product\/288781","targetHints":{"allow":["GET"]}}],"collection":[{"href":"https:\/\/www.huntersfriend.eu\/sv\/wp-json\/wp\/v2\/product"}],"about":[{"href":"https:\/\/www.huntersfriend.eu\/sv\/wp-json\/wp\/v2\/types\/product"}],"replies":[{"embeddable":true,"href":"https:\/\/www.huntersfriend.eu\/sv\/wp-json\/wp\/v2\/comments?post=288781"}],"wp:featuredmedia":[{"embeddable":true,"href":"https:\/\/www.huntersfriend.eu\/sv\/wp-json\/wp\/v2\/media\/210785"}],"wp:attachment":[{"href":"https:\/\/www.huntersfriend.eu\/sv\/wp-json\/wp\/v2\/media?parent=288781"}],"wp:term":[{"taxonomy":"product_brand","embeddable":true,"href":"https:\/\/www.huntersfriend.eu\/sv\/wp-json\/wp\/v2\/product_brand?post=288781"},{"taxonomy":"product_cat","embeddable":true,"href":"https:\/\/www.huntersfriend.eu\/sv\/wp-json\/wp\/v2\/product_cat?post=288781"},{"taxonomy":"product_tag","embeddable":true,"href":"https:\/\/www.huntersfriend.eu\/sv\/wp-json\/wp\/v2\/product_tag?post=288781"}],"curies":[{"name":"wp","href":"https:\/\/api.w.org\/{rel}","templated":true}]}}