{"id":288776,"date":"2018-11-19T14:20:50","date_gmt":"2018-11-19T12:20:50","guid":{"rendered":"https:\/\/www.huntersfriend.eu\/product\/rinehart-siktar-pa-18-1-portabel\/"},"modified":"2025-11-07T10:45:46","modified_gmt":"2025-11-07T08:45:46","slug":"rinehart-siktar-pa-18-1-portabel","status":"publish","type":"product","link":"https:\/\/www.huntersfriend.eu\/sv\/produkt\/rinehart-siktar-pa-18-1-portabel\/","title":{"rendered":"Rinehart siktar p\u00e5 18-1 portabel"},"content":{"rendered":"<p>M\u00e5tt: 38 x 38 x 38 cm<\/p>\n<p>Den h\u00e4r Rinehart 18-1-tavlan visar dig sin b\u00e4sta sida varje g\u00e5ng och \u00e4r l\u00e5nglivad. <span class=\"bodyText\">Med 18 tydliga tr\u00e4ffomr\u00e5den gjorda av massivt, sj\u00e4lvl\u00e4kande skum, t\u00e5l 18-1 pil efter pil utan att f\u00f6rlora sin form eller integritet. 18-1 \u00e4r l\u00e4ttviktig med ett eget l\u00e4ttburet handtag, vilket g\u00f6r den perfekt f\u00f6r tr\u00e4ning n\u00e4stan var som helst: p\u00e5 klubben, i tr\u00e4dg\u00e5rden eller till och med ett snabbt tr\u00e4ningspass i jaktl\u00e4gret. Oavsett om du skjuter med bredspetsar, f\u00e4ltspetsar eller till och med expanderande bredspetsar, g\u00f6r kombinationen av massivt sj\u00e4lvl\u00e4kande skum och 18 sidor detta till den mest l\u00e5nglivade tavlan som finns. Om du skjuter ut alla 18 sidor inom ett helt \u00e5r kommer Rinehart att ers\u00e4tta den, garanterat problemfritt!   <\/span><\/p>\n<p>Visst, den kostar mer, men du kommer aldrig att betala mindre per skott under dess livstid.<\/p>\n<p><strong>Obs: Onlinebest\u00e4llningar \u00e4r begr\u00e4nsade till tv\u00e5 per best\u00e4llning. F\u00f6r st\u00f6rre m\u00e4ngder, v\u00e4nligen kontakta kundtj\u00e4nst direkt f\u00f6r att se om leveranskostnader <\/strong><\/p>\n","protected":false},"excerpt":{"rendered":"<p>M\u00e5tt: 38 x 38 x 38 cm<\/p>\n","protected":false},"featured_media":210767,"comment_status":"open","ping_status":"closed","template":"","meta":[],"product_brand":[],"product_cat":[2894],"product_tag":[],"class_list":{"0":"post-288776","1":"product","2":"type-product","3":"status-publish","4":"has-post-thumbnail","6":"product_cat-kuber-och-blockmal","7":"product_shipping_class-medium-sv","9":"first","10":"instock","11":"taxable","12":"shipping-taxable","13":"purchasable","14":"product-type-simple"},"composite_virtual":false,"composite_layout":"","composite_add_to_cart_form_location":"","composite_editable_in_cart":false,"composite_sold_individually_context":"","composite_shop_price_calc":"","composite_components":[],"composite_scenarios":[],"group_of_quantity":0,"min_quantity":0,"max_quantity":"","exclude_order_quantity_value_rules":"no","exclude_category_quantity_rules":"no","combine_variations":"no","exclude_global_add_ons":[],"addons":[],"_links":{"self":[{"href":"https:\/\/www.huntersfriend.eu\/sv\/wp-json\/wp\/v2\/product\/288776","targetHints":{"allow":["GET"]}}],"collection":[{"href":"https:\/\/www.huntersfriend.eu\/sv\/wp-json\/wp\/v2\/product"}],"about":[{"href":"https:\/\/www.huntersfriend.eu\/sv\/wp-json\/wp\/v2\/types\/product"}],"replies":[{"embeddable":true,"href":"https:\/\/www.huntersfriend.eu\/sv\/wp-json\/wp\/v2\/comments?post=288776"}],"wp:featuredmedia":[{"embeddable":true,"href":"https:\/\/www.huntersfriend.eu\/sv\/wp-json\/wp\/v2\/media\/210767"}],"wp:attachment":[{"href":"https:\/\/www.huntersfriend.eu\/sv\/wp-json\/wp\/v2\/media?parent=288776"}],"wp:term":[{"taxonomy":"product_brand","embeddable":true,"href":"https:\/\/www.huntersfriend.eu\/sv\/wp-json\/wp\/v2\/product_brand?post=288776"},{"taxonomy":"product_cat","embeddable":true,"href":"https:\/\/www.huntersfriend.eu\/sv\/wp-json\/wp\/v2\/product_cat?post=288776"},{"taxonomy":"product_tag","embeddable":true,"href":"https:\/\/www.huntersfriend.eu\/sv\/wp-json\/wp\/v2\/product_tag?post=288776"}],"curies":[{"name":"wp","href":"https:\/\/api.w.org\/{rel}","templated":true}]}}