{"id":288775,"date":"2018-11-19T14:19:54","date_gmt":"2018-11-19T12:19:54","guid":{"rendered":"https:\/\/www.huntersfriend.eu\/product\/viper-d-loop-tang\/"},"modified":"2025-11-20T12:02:06","modified_gmt":"2025-11-20T10:02:06","slug":"viper-d-loop-tang","status":"publish","type":"product","link":"https:\/\/www.huntersfriend.eu\/sv\/produkt\/viper-d-loop-tang\/","title":{"rendered":"Viper d-loop-t\u00e5ng"},"content":{"rendered":"<p>Skapa perfekta d-loopar med det h\u00e4r verktyget som varje b\u00e5gskytt borde ha i sin utrustning.<\/p>\n","protected":false},"excerpt":{"rendered":"<p>Skapa perfekta d-loopar med det h\u00e4r verktyget som varje b\u00e5gskytt borde ha i sin utrustning.<\/p>\n","protected":false},"featured_media":210602,"comment_status":"open","ping_status":"closed","template":"","meta":[],"product_brand":[],"product_cat":[2631],"product_tag":[],"class_list":{"0":"post-288775","1":"product","2":"type-product","3":"status-publish","4":"has-post-thumbnail","6":"product_cat-trimningsverktyg-bagskytte","8":"first","9":"instock","10":"taxable","11":"shipping-taxable","12":"purchasable","13":"product-type-simple"},"composite_virtual":false,"composite_layout":"","composite_add_to_cart_form_location":"","composite_editable_in_cart":false,"composite_sold_individually_context":"","composite_shop_price_calc":"","composite_components":[],"composite_scenarios":[],"group_of_quantity":0,"min_quantity":0,"max_quantity":"","exclude_order_quantity_value_rules":"no","exclude_category_quantity_rules":"no","combine_variations":"no","exclude_global_add_ons":[],"addons":[],"_links":{"self":[{"href":"https:\/\/www.huntersfriend.eu\/sv\/wp-json\/wp\/v2\/product\/288775","targetHints":{"allow":["GET"]}}],"collection":[{"href":"https:\/\/www.huntersfriend.eu\/sv\/wp-json\/wp\/v2\/product"}],"about":[{"href":"https:\/\/www.huntersfriend.eu\/sv\/wp-json\/wp\/v2\/types\/product"}],"replies":[{"embeddable":true,"href":"https:\/\/www.huntersfriend.eu\/sv\/wp-json\/wp\/v2\/comments?post=288775"}],"wp:featuredmedia":[{"embeddable":true,"href":"https:\/\/www.huntersfriend.eu\/sv\/wp-json\/wp\/v2\/media\/210602"}],"wp:attachment":[{"href":"https:\/\/www.huntersfriend.eu\/sv\/wp-json\/wp\/v2\/media?parent=288775"}],"wp:term":[{"taxonomy":"product_brand","embeddable":true,"href":"https:\/\/www.huntersfriend.eu\/sv\/wp-json\/wp\/v2\/product_brand?post=288775"},{"taxonomy":"product_cat","embeddable":true,"href":"https:\/\/www.huntersfriend.eu\/sv\/wp-json\/wp\/v2\/product_cat?post=288775"},{"taxonomy":"product_tag","embeddable":true,"href":"https:\/\/www.huntersfriend.eu\/sv\/wp-json\/wp\/v2\/product_tag?post=288775"}],"curies":[{"name":"wp","href":"https:\/\/api.w.org\/{rel}","templated":true}]}}