{"id":288774,"date":"2018-11-19T14:20:37","date_gmt":"2018-11-19T12:20:37","guid":{"rendered":"https:\/\/www.huntersfriend.eu\/product\/truglo-range-rover-pro-wheel-1-dot-sikte\/"},"modified":"2026-02-05T12:40:47","modified_gmt":"2026-02-05T10:40:47","slug":"truglo-range-rover-pro-wheel-1-dot-sikte","status":"publish","type":"product","link":"https:\/\/www.huntersfriend.eu\/sv\/produkt\/truglo-range-rover-pro-wheel-1-dot-sikte\/","title":{"rendered":"TruGlo Range Rover Pro Wheel 1 Dot-sikte"},"content":{"rendered":"<p><strong>Viktiga funktioner:<\/strong><\/p>\n<ul>\n<li>Siktets h\u00f6lje har en cirkel med 1\/2 tums diameter med upplyst mittpunkt f\u00f6r \u00f6verl\u00e4gsen precision p\u00e5 l\u00e5nga avst\u00e5nd<\/li>\n<li>Mikrojustering av vindavdrift \u2013 design med precisionsklick<\/li>\n<li>Justerbar gr\u00f6n LED med 11 ljusstyrkeinst\u00e4llningar med medf\u00f6ljande CR2032-batteri<\/li>\n<li>Koger kan monteras direkt p\u00e5 f\u00e4stet<\/li>\n<li>Verktygsl\u00f6s l\u00e5sning av avst\u00e5nd och vindavdrift<\/li>\n<li>Siktets h\u00f6lje accepterar 1,87-tums siktlins (s\u00e4ljs separat)<\/li>\n<li>Inkluderar \u00f6ver 40 f\u00f6rmarkerade avst\u00e5ndstejper f\u00f6r att f\u00f6renkla installationen<\/li>\n<li>Justerbart avst\u00e5ndsstopp anpassar maximal avst\u00e5ndsinst\u00e4llning<\/li>\n<li>Lasermarkeringar f\u00f6r vind- och h\u00f6jdjusteringar<\/li>\n<li>Justerbar f\u00f6r v\u00e4nster- och h\u00f6gerh\u00e4nta skyttar<\/li>\n<li>700 timmars batteritid<\/li>\n<\/ul>\n","protected":false},"excerpt":{"rendered":"<p>1 stift, svart RH\/LH<\/p>\n","protected":false},"featured_media":210764,"comment_status":"open","ping_status":"closed","template":"","meta":[],"product_brand":[],"product_cat":[2690],"product_tag":[],"class_list":{"0":"post-288774","1":"product","2":"type-product","3":"status-publish","4":"has-post-thumbnail","6":"product_cat-bagjaktsikten","8":"first","9":"onbackorder","10":"taxable","11":"shipping-taxable","12":"purchasable","13":"product-type-simple"},"composite_virtual":false,"composite_layout":"","composite_add_to_cart_form_location":"","composite_editable_in_cart":false,"composite_sold_individually_context":"","composite_shop_price_calc":"","composite_components":[],"composite_scenarios":[],"group_of_quantity":0,"min_quantity":0,"max_quantity":"","exclude_order_quantity_value_rules":"no","exclude_category_quantity_rules":"no","combine_variations":"no","exclude_global_add_ons":[],"addons":[],"_links":{"self":[{"href":"https:\/\/www.huntersfriend.eu\/sv\/wp-json\/wp\/v2\/product\/288774","targetHints":{"allow":["GET"]}}],"collection":[{"href":"https:\/\/www.huntersfriend.eu\/sv\/wp-json\/wp\/v2\/product"}],"about":[{"href":"https:\/\/www.huntersfriend.eu\/sv\/wp-json\/wp\/v2\/types\/product"}],"replies":[{"embeddable":true,"href":"https:\/\/www.huntersfriend.eu\/sv\/wp-json\/wp\/v2\/comments?post=288774"}],"wp:featuredmedia":[{"embeddable":true,"href":"https:\/\/www.huntersfriend.eu\/sv\/wp-json\/wp\/v2\/media\/210764"}],"wp:attachment":[{"href":"https:\/\/www.huntersfriend.eu\/sv\/wp-json\/wp\/v2\/media?parent=288774"}],"wp:term":[{"taxonomy":"product_brand","embeddable":true,"href":"https:\/\/www.huntersfriend.eu\/sv\/wp-json\/wp\/v2\/product_brand?post=288774"},{"taxonomy":"product_cat","embeddable":true,"href":"https:\/\/www.huntersfriend.eu\/sv\/wp-json\/wp\/v2\/product_cat?post=288774"},{"taxonomy":"product_tag","embeddable":true,"href":"https:\/\/www.huntersfriend.eu\/sv\/wp-json\/wp\/v2\/product_tag?post=288774"}],"curies":[{"name":"wp","href":"https:\/\/api.w.org\/{rel}","templated":true}]}}