{"id":288773,"date":"2018-11-19T14:19:31","date_gmt":"2018-11-19T12:19:31","guid":{"rendered":"https:\/\/www.huntersfriend.eu\/product\/truglo-versa-peep-set-1-4-sikte\/"},"modified":"2025-08-27T14:09:13","modified_gmt":"2025-08-27T12:09:13","slug":"truglo-versa-peep-set-1-4-sikte","status":"publish","type":"product","link":"https:\/\/www.huntersfriend.eu\/sv\/produkt\/truglo-versa-peep-set-1-4-sikte\/","title":{"rendered":"Truglo Versa peep set 1\/4&#8243; sikte"},"content":{"rendered":"<p>M\u00e5ngsidiga utbytbara insatser g\u00f6r det m\u00f6jligt f\u00f6r skytten att anpassa siktet efter \u00f6nskad storlek\/f\u00e4rg &#8211; L\u00e4tt aluminiumkonstruktion. &#8211; Precisions-CNC-bearbetad. &#8211; Metallsiktet \u00e4r 1\/4&#8243; dia. utan insats. &#8211; Vinklad design f\u00f6r kortare axle-to-axle b\u00e5gar. &#8211; Insatser som ing\u00e5r \u00e4r 1\/8&#8243;, 5\/32&#8243; eller 3\/16&#8243;. &#8211; Insatsf\u00e4rgerna inkluderar svart, r\u00f6d och gr\u00f6n.   <\/p>\n<ul>\n<li class=\"Default\">M\u00e5ngsidiga utbytbara insatser g\u00f6r det m\u00f6jligt f\u00f6r skytten att anpassa siktet efter \u00f6nskad storlek\/f\u00e4rg<\/li>\n<li class=\"Default\">L\u00e4tt aluminiumkonstruktion<\/li>\n<li class=\"Default\">Precisions-CNC-bearbetad<\/li>\n<li class=\"Default\">Metallsiktet \u00e4r 1\/4 tum dia. utan insats  <\/li>\n<li class=\"Default\">Vinklad design f\u00f6r moderna kortare axle-to-axle b\u00e5gar<\/li>\n<li class=\"Default\">Patenterad<\/li>\n<\/ul>\n","protected":false},"excerpt":{"rendered":"<p>Insatser 1\/8&#8243;, 5\/32&#8243; och 3\/16<\/p>\n","protected":false},"featured_media":210593,"comment_status":"open","ping_status":"closed","template":"","meta":[],"product_brand":[],"product_cat":[2634],"product_tag":[],"class_list":{"0":"post-288773","1":"product","2":"type-product","3":"status-publish","4":"has-post-thumbnail","6":"product_cat-sikten-nockpunkter-kindpussar-och-tillbehor","8":"first","9":"instock","10":"taxable","11":"shipping-taxable","12":"purchasable","13":"product-type-simple"},"composite_virtual":false,"composite_layout":"","composite_add_to_cart_form_location":"","composite_editable_in_cart":false,"composite_sold_individually_context":"","composite_shop_price_calc":"","composite_components":[],"composite_scenarios":[],"group_of_quantity":0,"min_quantity":0,"max_quantity":"","exclude_order_quantity_value_rules":"no","exclude_category_quantity_rules":"no","combine_variations":"no","exclude_global_add_ons":[],"addons":[],"_links":{"self":[{"href":"https:\/\/www.huntersfriend.eu\/sv\/wp-json\/wp\/v2\/product\/288773","targetHints":{"allow":["GET"]}}],"collection":[{"href":"https:\/\/www.huntersfriend.eu\/sv\/wp-json\/wp\/v2\/product"}],"about":[{"href":"https:\/\/www.huntersfriend.eu\/sv\/wp-json\/wp\/v2\/types\/product"}],"replies":[{"embeddable":true,"href":"https:\/\/www.huntersfriend.eu\/sv\/wp-json\/wp\/v2\/comments?post=288773"}],"wp:featuredmedia":[{"embeddable":true,"href":"https:\/\/www.huntersfriend.eu\/sv\/wp-json\/wp\/v2\/media\/210593"}],"wp:attachment":[{"href":"https:\/\/www.huntersfriend.eu\/sv\/wp-json\/wp\/v2\/media?parent=288773"}],"wp:term":[{"taxonomy":"product_brand","embeddable":true,"href":"https:\/\/www.huntersfriend.eu\/sv\/wp-json\/wp\/v2\/product_brand?post=288773"},{"taxonomy":"product_cat","embeddable":true,"href":"https:\/\/www.huntersfriend.eu\/sv\/wp-json\/wp\/v2\/product_cat?post=288773"},{"taxonomy":"product_tag","embeddable":true,"href":"https:\/\/www.huntersfriend.eu\/sv\/wp-json\/wp\/v2\/product_tag?post=288773"}],"curies":[{"name":"wp","href":"https:\/\/api.w.org\/{rel}","templated":true}]}}