{"id":288770,"date":"2018-11-19T14:19:31","date_gmt":"2018-11-19T12:19:31","guid":{"rendered":"https:\/\/www.huntersfriend.eu\/product\/us-balance-digital-spannmalsvag\/"},"modified":"2026-03-10T09:53:29","modified_gmt":"2026-03-10T07:53:29","slug":"us-balance-digital-spannmalsvag","status":"publish","type":"product","link":"https:\/\/www.huntersfriend.eu\/sv\/produkt\/us-balance-digital-spannmalsvag\/","title":{"rendered":"US Balance digital spannm\u00e5lsv\u00e5g"},"content":{"rendered":"<ul>\n<li>Perfekt f\u00f6r att v\u00e4ga pilar, spetsar, nockar, etc.<\/li>\n<li>Extremt liten och l\u00e4tt, 12,7 x 7,6 x 1,9 cm och v\u00e4ger endast 142 g med batterier <\/li>\n<li>M\u00e4ter i grains, gram, uns, pennyweight (dwt), karat och troy uns<\/li>\n<li>Automatiskt avst\u00e4ngningsl\u00e4ge f\u00f6r att spara str\u00f6m<\/li>\n<li>Bakgrundsbelyst LCD-sk\u00e4rm<\/li>\n<li>771 grain max med 0,15 grains noggrannhet<\/li>\n<li>M\u00e4ter till n\u00e4rmaste tiondel (0,1)<\/li>\n<li>Sj\u00e4lvf\u00f6rs\u00f6rjande skyddsfodral<\/li>\n<li>Drivs med tv\u00e5 AAA-batterier (ing\u00e5r)<\/li>\n<\/ul>\n","protected":false},"excerpt":{"rendered":"<p>771 grain max med 0,15 grains noggrannhet<\/p>\n","protected":false},"featured_media":210596,"comment_status":"open","ping_status":"closed","template":"","meta":[],"product_brand":[],"product_cat":[2644,2633,2640,2632],"product_tag":[],"class_list":{"0":"post-288770","1":"product","2":"type-product","3":"status-publish","4":"has-post-thumbnail","6":"product_cat-andra-verktyg-for-pilbygge","7":"product_cat-diverse-bagskytte","8":"product_cat-pilsagar-och-vagar","9":"product_cat-vagar-och-kronografer","11":"first","12":"instock","13":"taxable","14":"shipping-taxable","15":"purchasable","16":"product-type-simple"},"composite_virtual":false,"composite_layout":"","composite_add_to_cart_form_location":"","composite_editable_in_cart":false,"composite_sold_individually_context":"","composite_shop_price_calc":"","composite_components":[],"composite_scenarios":[],"group_of_quantity":0,"min_quantity":0,"max_quantity":"","exclude_order_quantity_value_rules":"no","exclude_category_quantity_rules":"no","combine_variations":"no","exclude_global_add_ons":[],"addons":[],"_links":{"self":[{"href":"https:\/\/www.huntersfriend.eu\/sv\/wp-json\/wp\/v2\/product\/288770","targetHints":{"allow":["GET"]}}],"collection":[{"href":"https:\/\/www.huntersfriend.eu\/sv\/wp-json\/wp\/v2\/product"}],"about":[{"href":"https:\/\/www.huntersfriend.eu\/sv\/wp-json\/wp\/v2\/types\/product"}],"replies":[{"embeddable":true,"href":"https:\/\/www.huntersfriend.eu\/sv\/wp-json\/wp\/v2\/comments?post=288770"}],"wp:featuredmedia":[{"embeddable":true,"href":"https:\/\/www.huntersfriend.eu\/sv\/wp-json\/wp\/v2\/media\/210596"}],"wp:attachment":[{"href":"https:\/\/www.huntersfriend.eu\/sv\/wp-json\/wp\/v2\/media?parent=288770"}],"wp:term":[{"taxonomy":"product_brand","embeddable":true,"href":"https:\/\/www.huntersfriend.eu\/sv\/wp-json\/wp\/v2\/product_brand?post=288770"},{"taxonomy":"product_cat","embeddable":true,"href":"https:\/\/www.huntersfriend.eu\/sv\/wp-json\/wp\/v2\/product_cat?post=288770"},{"taxonomy":"product_tag","embeddable":true,"href":"https:\/\/www.huntersfriend.eu\/sv\/wp-json\/wp\/v2\/product_tag?post=288770"}],"curies":[{"name":"wp","href":"https:\/\/api.w.org\/{rel}","templated":true}]}}