{"id":288765,"date":"2018-11-19T14:19:27","date_gmt":"2018-11-19T12:19:27","guid":{"rendered":"https:\/\/www.huntersfriend.eu\/product\/saunders-armskydd\/"},"modified":"2025-08-27T14:08:54","modified_gmt":"2025-08-27T12:08:54","slug":"saunders-armskydd","status":"publish","type":"product","link":"https:\/\/www.huntersfriend.eu\/sv\/produkt\/saunders-armskydd\/","title":{"rendered":"Saunders armskydd"},"content":{"rendered":"<p>Ett m\u00e5ste f\u00f6r varje seri\u00f6s b\u00e5gskytt. Skydda armen fr\u00e5n skott om du anv\u00e4nder fel teknik, eller h\u00e5ll dina kl\u00e4der ur v\u00e4gen under jakten. Plasten som anv\u00e4nds absorberar inte m\u00e4nsklig doft.  <\/p>\n","protected":false},"excerpt":{"rendered":"<p>svart plast &#8211; stor<\/p>\n","protected":false},"featured_media":210572,"comment_status":"open","ping_status":"closed","template":"","meta":[],"product_brand":[],"product_cat":[2926],"product_tag":[],"class_list":{"0":"post-288765","1":"product","2":"type-product","3":"status-publish","4":"has-post-thumbnail","6":"product_cat-armskydd-for-jakt-och-malskytte","8":"first","9":"instock","10":"taxable","11":"shipping-taxable","12":"purchasable","13":"product-type-simple"},"composite_virtual":false,"composite_layout":"","composite_add_to_cart_form_location":"","composite_editable_in_cart":false,"composite_sold_individually_context":"","composite_shop_price_calc":"","composite_components":[],"composite_scenarios":[],"group_of_quantity":0,"min_quantity":0,"max_quantity":"","exclude_order_quantity_value_rules":"no","exclude_category_quantity_rules":"no","combine_variations":"no","exclude_global_add_ons":[],"addons":[],"_links":{"self":[{"href":"https:\/\/www.huntersfriend.eu\/sv\/wp-json\/wp\/v2\/product\/288765","targetHints":{"allow":["GET"]}}],"collection":[{"href":"https:\/\/www.huntersfriend.eu\/sv\/wp-json\/wp\/v2\/product"}],"about":[{"href":"https:\/\/www.huntersfriend.eu\/sv\/wp-json\/wp\/v2\/types\/product"}],"replies":[{"embeddable":true,"href":"https:\/\/www.huntersfriend.eu\/sv\/wp-json\/wp\/v2\/comments?post=288765"}],"wp:featuredmedia":[{"embeddable":true,"href":"https:\/\/www.huntersfriend.eu\/sv\/wp-json\/wp\/v2\/media\/210572"}],"wp:attachment":[{"href":"https:\/\/www.huntersfriend.eu\/sv\/wp-json\/wp\/v2\/media?parent=288765"}],"wp:term":[{"taxonomy":"product_brand","embeddable":true,"href":"https:\/\/www.huntersfriend.eu\/sv\/wp-json\/wp\/v2\/product_brand?post=288765"},{"taxonomy":"product_cat","embeddable":true,"href":"https:\/\/www.huntersfriend.eu\/sv\/wp-json\/wp\/v2\/product_cat?post=288765"},{"taxonomy":"product_tag","embeddable":true,"href":"https:\/\/www.huntersfriend.eu\/sv\/wp-json\/wp\/v2\/product_tag?post=288765"}],"curies":[{"name":"wp","href":"https:\/\/api.w.org\/{rel}","templated":true}]}}