{"id":288764,"date":"2018-11-19T14:19:22","date_gmt":"2018-11-19T12:19:22","guid":{"rendered":"https:\/\/www.huntersfriend.eu\/product\/iq-sikte-med-ljus\/"},"modified":"2025-09-24T07:38:09","modified_gmt":"2025-09-24T05:38:09","slug":"iq-sikte-med-ljus","status":"publish","type":"product","link":"https:\/\/www.huntersfriend.eu\/sv\/produkt\/iq-sikte-med-ljus\/","title":{"rendered":"IQ-sikte med ljus"},"content":{"rendered":"<p>Det oumb\u00e4rliga tillbeh\u00f6ret f\u00f6r ditt IQ- eller SURE-LOC-sikte som \u00f6kar synligheten i svagt ljus. Inga fler borttappade n\u00e5lar i svagt ljus eller inuti jaktkojan. Justera f\u00f6r varierande ljusf\u00f6rh\u00e5llanden, redo att anv\u00e4ndas.<\/p>\n<p>Denna lampa levereras ocks\u00e5 med universalf\u00e4sten som g\u00f6r att den kan anv\u00e4ndas p\u00e5 m\u00e5nga andra sikten av andra m\u00e4rken.<\/p>\n<h3><strong>Funktioner:<\/strong><\/h3>\n<ul>\n<li>Passar IQ-sikten och de flesta SURE-LOC-sikten<\/li>\n<li>Justerbar reostatkontroll<\/li>\n<li>Lila ljus med l\u00e5g bl\u00e4ndning<\/li>\n<li>Fungerar p\u00e5 RH- och LH-sikten<\/li>\n<li>Batterier ing\u00e5r \u2013 (3) L736C knappcellsbatterier som reserv<\/li>\n<\/ul>\n<p>&nbsp;<\/p>\n","protected":false},"excerpt":{"rendered":"<p>Passar alla Field Logic IQ-sikten<\/p>\n","protected":false},"featured_media":210551,"comment_status":"open","ping_status":"closed","template":"","meta":[],"product_brand":[],"product_cat":[2921],"product_tag":[],"class_list":{"0":"post-288764","1":"product","2":"type-product","3":"status-publish","4":"has-post-thumbnail","6":"product_cat-delar-for-sikten","8":"first","9":"instock","10":"taxable","11":"shipping-taxable","12":"purchasable","13":"product-type-simple"},"composite_virtual":false,"composite_layout":"","composite_add_to_cart_form_location":"","composite_editable_in_cart":false,"composite_sold_individually_context":"","composite_shop_price_calc":"","composite_components":[],"composite_scenarios":[],"group_of_quantity":0,"min_quantity":0,"max_quantity":"","exclude_order_quantity_value_rules":"no","exclude_category_quantity_rules":"no","combine_variations":"no","exclude_global_add_ons":[],"addons":[],"_links":{"self":[{"href":"https:\/\/www.huntersfriend.eu\/sv\/wp-json\/wp\/v2\/product\/288764","targetHints":{"allow":["GET"]}}],"collection":[{"href":"https:\/\/www.huntersfriend.eu\/sv\/wp-json\/wp\/v2\/product"}],"about":[{"href":"https:\/\/www.huntersfriend.eu\/sv\/wp-json\/wp\/v2\/types\/product"}],"replies":[{"embeddable":true,"href":"https:\/\/www.huntersfriend.eu\/sv\/wp-json\/wp\/v2\/comments?post=288764"}],"wp:featuredmedia":[{"embeddable":true,"href":"https:\/\/www.huntersfriend.eu\/sv\/wp-json\/wp\/v2\/media\/210551"}],"wp:attachment":[{"href":"https:\/\/www.huntersfriend.eu\/sv\/wp-json\/wp\/v2\/media?parent=288764"}],"wp:term":[{"taxonomy":"product_brand","embeddable":true,"href":"https:\/\/www.huntersfriend.eu\/sv\/wp-json\/wp\/v2\/product_brand?post=288764"},{"taxonomy":"product_cat","embeddable":true,"href":"https:\/\/www.huntersfriend.eu\/sv\/wp-json\/wp\/v2\/product_cat?post=288764"},{"taxonomy":"product_tag","embeddable":true,"href":"https:\/\/www.huntersfriend.eu\/sv\/wp-json\/wp\/v2\/product_tag?post=288764"}],"curies":[{"name":"wp","href":"https:\/\/api.w.org\/{rel}","templated":true}]}}