{"id":288761,"date":"2018-11-19T14:19:22","date_gmt":"2018-11-19T12:19:22","guid":{"rendered":"https:\/\/www.huntersfriend.eu\/product\/jvd-pappersmal-rav\/"},"modified":"2026-01-02T08:14:05","modified_gmt":"2026-01-02T06:14:05","slug":"jvd-pappersmal-rav","status":"publish","type":"product","link":"https:\/\/www.huntersfriend.eu\/sv\/produkt\/jvd-pappersmal-rav\/","title":{"rendered":"JVD pappersm\u00e5l &#8211; R\u00e4v"},"content":{"rendered":"<p><strong>Viktiga funktioner:<\/strong><\/p>\n<ul>\n<li>T\u00e5lig pappersdesign.<\/li>\n<li>L\u00e4mplig f\u00f6r IFAA-djurrundor.<\/li>\n<li>Har tre po\u00e4ngzoner \u2013 s\u00e5r, d\u00f6d och inre d\u00f6d.<\/li>\n<li>Realistisk naturlig bakgrund.<\/li>\n<\/ul>\n<p><strong>M\u00e5tt:<\/strong> 68 x 50 cm.<\/p>\n","protected":false},"excerpt":{"rendered":"<p>1 st<\/p>\n","protected":false},"featured_media":210557,"comment_status":"open","ping_status":"closed","template":"","meta":[],"product_brand":[],"product_cat":[2981],"product_tag":[],"class_list":{"0":"post-288761","1":"product","2":"type-product","3":"status-publish","4":"has-post-thumbnail","6":"product_cat-djuransikten","8":"first","9":"instock","10":"taxable","11":"shipping-taxable","12":"purchasable","13":"product-type-simple"},"composite_virtual":false,"composite_layout":"","composite_add_to_cart_form_location":"","composite_editable_in_cart":false,"composite_sold_individually_context":"","composite_shop_price_calc":"","composite_components":[],"composite_scenarios":[],"group_of_quantity":0,"min_quantity":0,"max_quantity":"","exclude_order_quantity_value_rules":"no","exclude_category_quantity_rules":"no","combine_variations":"no","exclude_global_add_ons":[],"addons":[],"_links":{"self":[{"href":"https:\/\/www.huntersfriend.eu\/sv\/wp-json\/wp\/v2\/product\/288761","targetHints":{"allow":["GET"]}}],"collection":[{"href":"https:\/\/www.huntersfriend.eu\/sv\/wp-json\/wp\/v2\/product"}],"about":[{"href":"https:\/\/www.huntersfriend.eu\/sv\/wp-json\/wp\/v2\/types\/product"}],"replies":[{"embeddable":true,"href":"https:\/\/www.huntersfriend.eu\/sv\/wp-json\/wp\/v2\/comments?post=288761"}],"wp:featuredmedia":[{"embeddable":true,"href":"https:\/\/www.huntersfriend.eu\/sv\/wp-json\/wp\/v2\/media\/210557"}],"wp:attachment":[{"href":"https:\/\/www.huntersfriend.eu\/sv\/wp-json\/wp\/v2\/media?parent=288761"}],"wp:term":[{"taxonomy":"product_brand","embeddable":true,"href":"https:\/\/www.huntersfriend.eu\/sv\/wp-json\/wp\/v2\/product_brand?post=288761"},{"taxonomy":"product_cat","embeddable":true,"href":"https:\/\/www.huntersfriend.eu\/sv\/wp-json\/wp\/v2\/product_cat?post=288761"},{"taxonomy":"product_tag","embeddable":true,"href":"https:\/\/www.huntersfriend.eu\/sv\/wp-json\/wp\/v2\/product_tag?post=288761"}],"curies":[{"name":"wp","href":"https:\/\/api.w.org\/{rel}","templated":true}]}}