{"id":288754,"date":"2018-11-19T14:19:00","date_gmt":"2018-11-19T12:19:00","guid":{"rendered":"https:\/\/www.huntersfriend.eu\/product\/truglo-carbon-xs-extreme-sikte\/"},"modified":"2025-08-27T14:08:36","modified_gmt":"2025-08-27T12:08:36","slug":"truglo-carbon-xs-extreme-sikte","status":"publish","type":"product","link":"https:\/\/www.huntersfriend.eu\/sv\/produkt\/truglo-carbon-xs-extreme-sikte\/","title":{"rendered":"TruGlo Carbon XS Extreme-sikte"},"content":{"rendered":"<p>CARBON XS Xtreme \u00e4r n\u00e4sta generations b\u00e5gsikte i kolfiberkomposit f\u00f6r alla blivande b\u00e5gj\u00e4gare. Det har fler skyttesuggererade funktioner \u00e4n n\u00e5gonsin tidigare, inklusive ett l\u00e4ngre monteringsf\u00e4ste, ut\u00f6kade vind- och h\u00f6jdjusteringar, st\u00f6rre bl\u00e4ndare och <b>PRO\u2022BRITE\u2122 Pin Technology<\/b> f\u00f6r \u00e4nnu ljusare stift. Med lite av varje \u00e4r CARBON XS\u2122 Xtreme det &#8221;sj\u00e4lvklara&#8221; siktet f\u00f6r alla b\u00e5gj\u00e4gare, oavsett skicklighetsniv\u00e5.  <\/p>\n<ul>\n<li>Ultral\u00e4tt kolfiberkomposit<\/li>\n<p>konstruktion \u2013 v\u00e4ger mindre \u00e4n 119 g.<\/p>\n<li>Unik PRO\u2022BRITE\u2122-stiftdesign f\u00f6r \u00f6kad h\u00e5llbarhet och ljusstyrka<\/li>\n<li>TRU\u2022FLO\u2122-fiberdesign<\/li>\n<li>Extra l\u00e5nga fibrer f\u00f6r maximal ljusstyrka<\/li>\n<li>V\u00e4ndbart f\u00e4ste f\u00f6r st\u00f6rre vertikal justerbarhet<\/li>\n<li>Justerbar f\u00f6r v\u00e4nster- och h\u00f6gerh\u00e4nta skyttar<\/li>\n<li>Sj\u00e4lvlysande skyttering \u00e4r justerad med den yttre bl\u00e4ndarringen f\u00f6r f\u00f6rb\u00e4ttrad siktjustering<\/li>\n<li>TRU\u2022TOUCH\u2122 Soft-Feel Technical Coating<\/li>\n<\/ul>\n","protected":false},"excerpt":{"rendered":"<p>5-stifts 0,029, camo<\/p>\n","protected":false},"featured_media":210437,"comment_status":"open","ping_status":"closed","template":"","meta":[],"product_brand":[],"product_cat":[2690],"product_tag":[],"class_list":{"0":"post-288754","1":"product","2":"type-product","3":"status-publish","4":"has-post-thumbnail","6":"product_cat-bagjaktsikten","8":"first","9":"instock","10":"taxable","11":"shipping-taxable","12":"purchasable","13":"product-type-simple"},"composite_virtual":false,"composite_layout":"","composite_add_to_cart_form_location":"","composite_editable_in_cart":false,"composite_sold_individually_context":"","composite_shop_price_calc":"","composite_components":[],"composite_scenarios":[],"group_of_quantity":0,"min_quantity":0,"max_quantity":"","exclude_order_quantity_value_rules":"no","exclude_category_quantity_rules":"no","combine_variations":"no","exclude_global_add_ons":[],"addons":[],"_links":{"self":[{"href":"https:\/\/www.huntersfriend.eu\/sv\/wp-json\/wp\/v2\/product\/288754","targetHints":{"allow":["GET"]}}],"collection":[{"href":"https:\/\/www.huntersfriend.eu\/sv\/wp-json\/wp\/v2\/product"}],"about":[{"href":"https:\/\/www.huntersfriend.eu\/sv\/wp-json\/wp\/v2\/types\/product"}],"replies":[{"embeddable":true,"href":"https:\/\/www.huntersfriend.eu\/sv\/wp-json\/wp\/v2\/comments?post=288754"}],"wp:featuredmedia":[{"embeddable":true,"href":"https:\/\/www.huntersfriend.eu\/sv\/wp-json\/wp\/v2\/media\/210437"}],"wp:attachment":[{"href":"https:\/\/www.huntersfriend.eu\/sv\/wp-json\/wp\/v2\/media?parent=288754"}],"wp:term":[{"taxonomy":"product_brand","embeddable":true,"href":"https:\/\/www.huntersfriend.eu\/sv\/wp-json\/wp\/v2\/product_brand?post=288754"},{"taxonomy":"product_cat","embeddable":true,"href":"https:\/\/www.huntersfriend.eu\/sv\/wp-json\/wp\/v2\/product_cat?post=288754"},{"taxonomy":"product_tag","embeddable":true,"href":"https:\/\/www.huntersfriend.eu\/sv\/wp-json\/wp\/v2\/product_tag?post=288754"}],"curies":[{"name":"wp","href":"https:\/\/api.w.org\/{rel}","templated":true}]}}